{"id":17377,"date":"2024-05-10T16:25:45","date_gmt":"2024-05-10T14:25:45","guid":{"rendered":"https:\/\/surysaray.com\/?post_type=product&#038;p=17377"},"modified":"2024-05-10T17:48:09","modified_gmt":"2024-05-10T15:48:09","slug":"hydrogel-cuidado-dermico-200ml","status":"publish","type":"product","link":"https:\/\/surysaray.com\/de\/producto\/hydrogel-cuidado-dermico-200ml\/","title":{"rendered":"Hydrogel Cuidado D\u00e9rmico 200ml"},"content":{"rendered":"","protected":false},"excerpt":{"rendered":"<p>Hidrataci\u00f3n y cuidado de la piel despu\u00e9s de l\u00e1ser, depilaci\u00f3n, peeling, PRP, Vitaminas, pieles delicadas y at\u00f3picas, after shave y exposici\u00f3n solar. Sus activos mejoran la sensaci\u00f3n d\u00e9rmica adversa o producida por tratamientos est\u00e9ticos, provocando un bienestar cut\u00e1neo, tras su aplicaci\u00f3n.<\/p>\n<p>Activos: Aloe Vera concentrado, Alfa-Bisabolol, \u00c1rnica<\/p>\n<p>Modo de uso: Aplicar cuantas veces lo precise en la zona a tratar, con un suave masaje hasta su total absorci\u00f3n. Se puede aplicar en oclusi\u00f3n con una mascarilla.<\/p>\n","protected":false},"featured_media":17381,"template":"","meta":{"_joinchat":[]},"product_cat":[698,710,694,719,691],"product_tag":[],"yoast_head":"<!-- This site is optimized with the Yoast SEO plugin v20.2.1 - https:\/\/yoast.com\/wordpress\/plugins\/seo\/ -->\n<title>Hydrogel Cuidado D\u00e9rmico 200ml - Sury Saray<\/title>\n<meta name=\"robots\" content=\"noindex, follow\" \/>\n<meta property=\"og:locale\" content=\"de_DE\" \/>\n<meta property=\"og:type\" content=\"article\" \/>\n<meta property=\"og:title\" content=\"Hydrogel Cuidado D\u00e9rmico 200ml - Sury Saray\" \/>\n<meta property=\"og:description\" content=\"Hidrataci\u00f3n y cuidado de la piel despu\u00e9s de l\u00e1ser, depilaci\u00f3n, peeling, PRP, Vitaminas, pieles delicadas y at\u00f3picas, after shave y exposici\u00f3n solar. Sus activos mejoran la sensaci\u00f3n d\u00e9rmica adversa o producida por tratamientos est\u00e9ticos, provocando un bienestar cut\u00e1neo, tras su aplicaci\u00f3n.  Activos: Aloe Vera concentrado, Alfa-Bisabolol, \u00c1rnica  Modo de uso: Aplicar cuantas veces lo precise en la zona a tratar, con un suave masaje hasta su total absorci\u00f3n. Se puede aplicar en oclusi\u00f3n con una mascarilla.\" \/>\n<meta property=\"og:url\" content=\"https:\/\/surysaray.com\/de\/producto\/hydrogel-cuidado-dermico-200ml\/\" \/>\n<meta property=\"og:site_name\" content=\"Sury Saray\" \/>\n<meta property=\"article:modified_time\" content=\"2024-05-10T15:48:09+00:00\" \/>\n<meta property=\"og:image\" content=\"https:\/\/surysaray.com\/wp-content\/uploads\/2024\/05\/hydrogel.png\" \/>\n\t<meta property=\"og:image:width\" content=\"800\" \/>\n\t<meta property=\"og:image:height\" content=\"800\" \/>\n\t<meta property=\"og:image:type\" content=\"image\/png\" \/>\n<meta name=\"twitter:card\" content=\"summary_large_image\" \/>\n<script type=\"application\/ld+json\" class=\"yoast-schema-graph\">{\"@context\":\"https:\/\/schema.org\",\"@graph\":[{\"@type\":\"WebPage\",\"@id\":\"https:\/\/surysaray.com\/de\/producto\/hydrogel-cuidado-dermico-200ml\/\",\"url\":\"https:\/\/surysaray.com\/de\/producto\/hydrogel-cuidado-dermico-200ml\/\",\"name\":\"Hydrogel Cuidado D\u00e9rmico 200ml - Sury Saray\",\"isPartOf\":{\"@id\":\"https:\/\/surysaray.com\/#website\"},\"datePublished\":\"2024-05-10T14:25:45+00:00\",\"dateModified\":\"2024-05-10T15:48:09+00:00\",\"breadcrumb\":{\"@id\":\"https:\/\/surysaray.com\/de\/producto\/hydrogel-cuidado-dermico-200ml\/#breadcrumb\"},\"inLanguage\":\"de-DE\",\"potentialAction\":[{\"@type\":\"ReadAction\",\"target\":[\"https:\/\/surysaray.com\/de\/producto\/hydrogel-cuidado-dermico-200ml\/\"]}]},{\"@type\":\"BreadcrumbList\",\"@id\":\"https:\/\/surysaray.com\/de\/producto\/hydrogel-cuidado-dermico-200ml\/#breadcrumb\",\"itemListElement\":[{\"@type\":\"ListItem\",\"position\":1,\"name\":\"Portada\",\"item\":\"https:\/\/surysaray.com\/de\/\"},{\"@type\":\"ListItem\",\"position\":2,\"name\":\"Shop\",\"item\":\"https:\/\/surysaray.com\/de\/online-shop\/\"},{\"@type\":\"ListItem\",\"position\":3,\"name\":\"Hydrogel Cuidado D\u00e9rmico 200ml\"}]},{\"@type\":\"WebSite\",\"@id\":\"https:\/\/surysaray.com\/#website\",\"url\":\"https:\/\/surysaray.com\/\",\"name\":\"Sury Saray\",\"description\":\"\",\"potentialAction\":[{\"@type\":\"SearchAction\",\"target\":{\"@type\":\"EntryPoint\",\"urlTemplate\":\"https:\/\/surysaray.com\/?s={search_term_string}\"},\"query-input\":\"required name=search_term_string\"}],\"inLanguage\":\"de-DE\"}]}<\/script>\n<!-- \/ Yoast SEO plugin. -->","yoast_head_json":{"title":"Hydrogel Cuidado D\u00e9rmico 200ml - Sury Saray","robots":{"index":"noindex","follow":"follow"},"og_locale":"de_DE","og_type":"article","og_title":"Hydrogel Cuidado D\u00e9rmico 200ml - Sury Saray","og_description":"Hidrataci\u00f3n y cuidado de la piel despu\u00e9s de l\u00e1ser, depilaci\u00f3n, peeling, PRP, Vitaminas, pieles delicadas y at\u00f3picas, after shave y exposici\u00f3n solar. Sus activos mejoran la sensaci\u00f3n d\u00e9rmica adversa o producida por tratamientos est\u00e9ticos, provocando un bienestar cut\u00e1neo, tras su aplicaci\u00f3n.  Activos: Aloe Vera concentrado, Alfa-Bisabolol, \u00c1rnica  Modo de uso: Aplicar cuantas veces lo precise en la zona a tratar, con un suave masaje hasta su total absorci\u00f3n. Se puede aplicar en oclusi\u00f3n con una mascarilla.","og_url":"https:\/\/surysaray.com\/de\/producto\/hydrogel-cuidado-dermico-200ml\/","og_site_name":"Sury Saray","article_modified_time":"2024-05-10T15:48:09+00:00","og_image":[{"width":800,"height":800,"url":"https:\/\/surysaray.com\/wp-content\/uploads\/2024\/05\/hydrogel.png","type":"image\/png"}],"twitter_card":"summary_large_image","schema":{"@context":"https:\/\/schema.org","@graph":[{"@type":"WebPage","@id":"https:\/\/surysaray.com\/de\/producto\/hydrogel-cuidado-dermico-200ml\/","url":"https:\/\/surysaray.com\/de\/producto\/hydrogel-cuidado-dermico-200ml\/","name":"Hydrogel Cuidado D\u00e9rmico 200ml - Sury Saray","isPartOf":{"@id":"https:\/\/surysaray.com\/#website"},"datePublished":"2024-05-10T14:25:45+00:00","dateModified":"2024-05-10T15:48:09+00:00","breadcrumb":{"@id":"https:\/\/surysaray.com\/de\/producto\/hydrogel-cuidado-dermico-200ml\/#breadcrumb"},"inLanguage":"de-DE","potentialAction":[{"@type":"ReadAction","target":["https:\/\/surysaray.com\/de\/producto\/hydrogel-cuidado-dermico-200ml\/"]}]},{"@type":"BreadcrumbList","@id":"https:\/\/surysaray.com\/de\/producto\/hydrogel-cuidado-dermico-200ml\/#breadcrumb","itemListElement":[{"@type":"ListItem","position":1,"name":"Portada","item":"https:\/\/surysaray.com\/de\/"},{"@type":"ListItem","position":2,"name":"Shop","item":"https:\/\/surysaray.com\/de\/online-shop\/"},{"@type":"ListItem","position":3,"name":"Hydrogel Cuidado D\u00e9rmico 200ml"}]},{"@type":"WebSite","@id":"https:\/\/surysaray.com\/#website","url":"https:\/\/surysaray.com\/","name":"Sury Saray","description":"","potentialAction":[{"@type":"SearchAction","target":{"@type":"EntryPoint","urlTemplate":"https:\/\/surysaray.com\/?s={search_term_string}"},"query-input":"required name=search_term_string"}],"inLanguage":"de-DE"}]}},"_links":{"self":[{"href":"https:\/\/surysaray.com\/de\/wp-json\/wp\/v3\/product\/17377"}],"collection":[{"href":"https:\/\/surysaray.com\/de\/wp-json\/wp\/v3\/product"}],"about":[{"href":"https:\/\/surysaray.com\/de\/wp-json\/wp\/v2\/types\/product"}],"wp:featuredmedia":[{"embeddable":true,"href":"https:\/\/surysaray.com\/de\/wp-json\/wp\/v2\/media\/17381"}],"wp:attachment":[{"href":"https:\/\/surysaray.com\/de\/wp-json\/wp\/v2\/media?parent=17377"}],"wp:term":[{"taxonomy":"product_cat","embeddable":true,"href":"https:\/\/surysaray.com\/de\/wp-json\/wp\/v2\/product_cat?post=17377"},{"taxonomy":"product_tag","embeddable":true,"href":"https:\/\/surysaray.com\/de\/wp-json\/wp\/v2\/product_tag?post=17377"}],"curies":[{"name":"wp","href":"https:\/\/api.w.org\/{rel}","templated":true}]}}