{"id":17346,"date":"2024-04-30T13:43:27","date_gmt":"2024-04-30T11:43:27","guid":{"rendered":"https:\/\/surysaray.com\/?post_type=product&#038;p=17346"},"modified":"2024-04-30T14:17:55","modified_gmt":"2024-04-30T12:17:55","slug":"rapid-lash-eyelash-enhancing-serum","status":"publish","type":"product","link":"https:\/\/surysaray.com\/de\/producto\/rapid-lash-eyelash-enhancing-serum\/","title":{"rendered":"Rapid Lash Eyelash Enhancing Serum"},"content":{"rendered":"","protected":false},"excerpt":{"rendered":"<p>La clave para desbloquear el potencial de sus pesta\u00f1as se puede encontrar en la f\u00f3rmula \u00fanica\u00a0<strong>RapidLash\u00ae<\/strong>. Nuestro innovador\u00a0<strong>HEXATEIN\u00ae 1 COMPLEX<\/strong>, que consta de seis ingredientes altamente efectivos, est\u00e1 dise\u00f1ado espec\u00edficamente para acondicionar, hidratar y fortalecer para mejorar la apariencia general de pesta\u00f1as m\u00e1s hermosas.<\/p>\n<p>Este innovador\u00a0<strong>s\u00e9rum de alto rendimiento<\/strong>\u00a0formulado con polip\u00e9ptidos avanzados ayuda a\u00a0<strong>mejorar la apariencia de las pesta\u00f1as<\/strong>\u00a0con una simple aplicaci\u00f3n una vez al d\u00eda. Ideal para cualquier persona con la apariencia de pesta\u00f1as quebradizas, d\u00e9biles, finas o cortas.<\/p>\n<p><strong>RapidLash\u00ae\u00a0<\/strong>se aplica una vez al d\u00eda, preferiblemente a la hora de acostarse, sobre la base de las pesta\u00f1as superiores usando el pincel aplicador de punta fina. Para obtener \u00f3ptimos resultados, se recomienda el uso de RapidLash\u00ae durante 4-8 semanas. Si se aplica seg\u00fan las instrucciones, un envase de 3 ml de RapidLash\u00ae debe durar aproximadamente 2 \u2013 3 meses.<\/p>\n","protected":false},"featured_media":17344,"template":"","meta":{"_joinchat":[]},"product_cat":[694,727,725,703,728],"product_tag":[],"yoast_head":"<!-- This site is optimized with the Yoast SEO plugin v20.2.1 - https:\/\/yoast.com\/wordpress\/plugins\/seo\/ -->\n<title>Rapid Lash Eyelash Enhancing Serum - Sury Saray<\/title>\n<meta name=\"robots\" content=\"noindex, follow\" \/>\n<meta property=\"og:locale\" content=\"de_DE\" \/>\n<meta property=\"og:type\" content=\"article\" \/>\n<meta property=\"og:title\" content=\"Rapid Lash Eyelash Enhancing Serum - Sury Saray\" \/>\n<meta property=\"og:description\" content=\"La clave para desbloquear el potencial de sus pesta\u00f1as se puede encontrar en la f\u00f3rmula \u00fanica\u00a0RapidLash\u00ae. Nuestro innovador\u00a0HEXATEIN\u00ae 1 COMPLEX, que consta de seis ingredientes altamente efectivos, est\u00e1 dise\u00f1ado espec\u00edficamente para acondicionar, hidratar y fortalecer para mejorar la apariencia general de pesta\u00f1as m\u00e1s hermosas.  Este innovador\u00a0s\u00e9rum de alto rendimiento\u00a0formulado con polip\u00e9ptidos avanzados ayuda a\u00a0mejorar la apariencia de las pesta\u00f1as\u00a0con una simple aplicaci\u00f3n una vez al d\u00eda. Ideal para cualquier persona con la apariencia de pesta\u00f1as quebradizas, d\u00e9biles, finas o cortas.  RapidLash\u00ae\u00a0se aplica una vez al d\u00eda, preferiblemente a la hora de acostarse, sobre la base de las pesta\u00f1as superiores usando el pincel aplicador de punta fina. Para obtener \u00f3ptimos resultados, se recomienda el uso de RapidLash\u00ae durante 4-8 semanas. Si se aplica seg\u00fan las instrucciones, un envase de 3 ml de RapidLash\u00ae debe durar aproximadamente 2 \u2013 3 meses.\" \/>\n<meta property=\"og:url\" content=\"https:\/\/surysaray.com\/de\/producto\/rapid-lash-eyelash-enhancing-serum\/\" \/>\n<meta property=\"og:site_name\" content=\"Sury Saray\" \/>\n<meta property=\"article:modified_time\" content=\"2024-04-30T12:17:55+00:00\" \/>\n<meta property=\"og:image\" content=\"https:\/\/surysaray.com\/wp-content\/uploads\/2024\/04\/eyelash-serum.png\" \/>\n\t<meta property=\"og:image:width\" content=\"800\" \/>\n\t<meta property=\"og:image:height\" content=\"800\" \/>\n\t<meta property=\"og:image:type\" content=\"image\/png\" \/>\n<meta name=\"twitter:card\" content=\"summary_large_image\" \/>\n<script type=\"application\/ld+json\" class=\"yoast-schema-graph\">{\"@context\":\"https:\/\/schema.org\",\"@graph\":[{\"@type\":\"WebPage\",\"@id\":\"https:\/\/surysaray.com\/de\/producto\/rapid-lash-eyelash-enhancing-serum\/\",\"url\":\"https:\/\/surysaray.com\/de\/producto\/rapid-lash-eyelash-enhancing-serum\/\",\"name\":\"Rapid Lash Eyelash Enhancing Serum - Sury Saray\",\"isPartOf\":{\"@id\":\"https:\/\/surysaray.com\/#website\"},\"datePublished\":\"2024-04-30T11:43:27+00:00\",\"dateModified\":\"2024-04-30T12:17:55+00:00\",\"breadcrumb\":{\"@id\":\"https:\/\/surysaray.com\/de\/producto\/rapid-lash-eyelash-enhancing-serum\/#breadcrumb\"},\"inLanguage\":\"de-DE\",\"potentialAction\":[{\"@type\":\"ReadAction\",\"target\":[\"https:\/\/surysaray.com\/de\/producto\/rapid-lash-eyelash-enhancing-serum\/\"]}]},{\"@type\":\"BreadcrumbList\",\"@id\":\"https:\/\/surysaray.com\/de\/producto\/rapid-lash-eyelash-enhancing-serum\/#breadcrumb\",\"itemListElement\":[{\"@type\":\"ListItem\",\"position\":1,\"name\":\"Portada\",\"item\":\"https:\/\/surysaray.com\/de\/\"},{\"@type\":\"ListItem\",\"position\":2,\"name\":\"Shop\",\"item\":\"https:\/\/surysaray.com\/de\/online-shop\/\"},{\"@type\":\"ListItem\",\"position\":3,\"name\":\"Rapid Lash Eyelash Enhancing Serum\"}]},{\"@type\":\"WebSite\",\"@id\":\"https:\/\/surysaray.com\/#website\",\"url\":\"https:\/\/surysaray.com\/\",\"name\":\"Sury Saray\",\"description\":\"\",\"potentialAction\":[{\"@type\":\"SearchAction\",\"target\":{\"@type\":\"EntryPoint\",\"urlTemplate\":\"https:\/\/surysaray.com\/?s={search_term_string}\"},\"query-input\":\"required name=search_term_string\"}],\"inLanguage\":\"de-DE\"}]}<\/script>\n<!-- \/ Yoast SEO plugin. -->","yoast_head_json":{"title":"Rapid Lash Eyelash Enhancing Serum - Sury Saray","robots":{"index":"noindex","follow":"follow"},"og_locale":"de_DE","og_type":"article","og_title":"Rapid Lash Eyelash Enhancing Serum - Sury Saray","og_description":"La clave para desbloquear el potencial de sus pesta\u00f1as se puede encontrar en la f\u00f3rmula \u00fanica\u00a0RapidLash\u00ae. Nuestro innovador\u00a0HEXATEIN\u00ae 1 COMPLEX, que consta de seis ingredientes altamente efectivos, est\u00e1 dise\u00f1ado espec\u00edficamente para acondicionar, hidratar y fortalecer para mejorar la apariencia general de pesta\u00f1as m\u00e1s hermosas.  Este innovador\u00a0s\u00e9rum de alto rendimiento\u00a0formulado con polip\u00e9ptidos avanzados ayuda a\u00a0mejorar la apariencia de las pesta\u00f1as\u00a0con una simple aplicaci\u00f3n una vez al d\u00eda. Ideal para cualquier persona con la apariencia de pesta\u00f1as quebradizas, d\u00e9biles, finas o cortas.  RapidLash\u00ae\u00a0se aplica una vez al d\u00eda, preferiblemente a la hora de acostarse, sobre la base de las pesta\u00f1as superiores usando el pincel aplicador de punta fina. Para obtener \u00f3ptimos resultados, se recomienda el uso de RapidLash\u00ae durante 4-8 semanas. Si se aplica seg\u00fan las instrucciones, un envase de 3 ml de RapidLash\u00ae debe durar aproximadamente 2 \u2013 3 meses.","og_url":"https:\/\/surysaray.com\/de\/producto\/rapid-lash-eyelash-enhancing-serum\/","og_site_name":"Sury Saray","article_modified_time":"2024-04-30T12:17:55+00:00","og_image":[{"width":800,"height":800,"url":"https:\/\/surysaray.com\/wp-content\/uploads\/2024\/04\/eyelash-serum.png","type":"image\/png"}],"twitter_card":"summary_large_image","schema":{"@context":"https:\/\/schema.org","@graph":[{"@type":"WebPage","@id":"https:\/\/surysaray.com\/de\/producto\/rapid-lash-eyelash-enhancing-serum\/","url":"https:\/\/surysaray.com\/de\/producto\/rapid-lash-eyelash-enhancing-serum\/","name":"Rapid Lash Eyelash Enhancing Serum - Sury Saray","isPartOf":{"@id":"https:\/\/surysaray.com\/#website"},"datePublished":"2024-04-30T11:43:27+00:00","dateModified":"2024-04-30T12:17:55+00:00","breadcrumb":{"@id":"https:\/\/surysaray.com\/de\/producto\/rapid-lash-eyelash-enhancing-serum\/#breadcrumb"},"inLanguage":"de-DE","potentialAction":[{"@type":"ReadAction","target":["https:\/\/surysaray.com\/de\/producto\/rapid-lash-eyelash-enhancing-serum\/"]}]},{"@type":"BreadcrumbList","@id":"https:\/\/surysaray.com\/de\/producto\/rapid-lash-eyelash-enhancing-serum\/#breadcrumb","itemListElement":[{"@type":"ListItem","position":1,"name":"Portada","item":"https:\/\/surysaray.com\/de\/"},{"@type":"ListItem","position":2,"name":"Shop","item":"https:\/\/surysaray.com\/de\/online-shop\/"},{"@type":"ListItem","position":3,"name":"Rapid Lash Eyelash Enhancing Serum"}]},{"@type":"WebSite","@id":"https:\/\/surysaray.com\/#website","url":"https:\/\/surysaray.com\/","name":"Sury Saray","description":"","potentialAction":[{"@type":"SearchAction","target":{"@type":"EntryPoint","urlTemplate":"https:\/\/surysaray.com\/?s={search_term_string}"},"query-input":"required name=search_term_string"}],"inLanguage":"de-DE"}]}},"_links":{"self":[{"href":"https:\/\/surysaray.com\/de\/wp-json\/wp\/v3\/product\/17346"}],"collection":[{"href":"https:\/\/surysaray.com\/de\/wp-json\/wp\/v3\/product"}],"about":[{"href":"https:\/\/surysaray.com\/de\/wp-json\/wp\/v2\/types\/product"}],"wp:featuredmedia":[{"embeddable":true,"href":"https:\/\/surysaray.com\/de\/wp-json\/wp\/v2\/media\/17344"}],"wp:attachment":[{"href":"https:\/\/surysaray.com\/de\/wp-json\/wp\/v2\/media?parent=17346"}],"wp:term":[{"taxonomy":"product_cat","embeddable":true,"href":"https:\/\/surysaray.com\/de\/wp-json\/wp\/v2\/product_cat?post=17346"},{"taxonomy":"product_tag","embeddable":true,"href":"https:\/\/surysaray.com\/de\/wp-json\/wp\/v2\/product_tag?post=17346"}],"curies":[{"name":"wp","href":"https:\/\/api.w.org\/{rel}","templated":true}]}}