{"id":17334,"date":"2024-04-30T13:50:56","date_gmt":"2024-04-30T11:50:56","guid":{"rendered":"https:\/\/surysaray.com\/?post_type=product&#038;p=17334"},"modified":"2024-05-08T11:58:57","modified_gmt":"2024-05-08T09:58:57","slug":"rapid-brow-eyebrow-enhancing-serum","status":"publish","type":"product","link":"https:\/\/surysaray.com\/de\/producto\/rapid-brow-eyebrow-enhancing-serum\/","title":{"rendered":"Rapid Brow Eyebrow Enhancing Serum"},"content":{"rendered":"","protected":false},"excerpt":{"rendered":"<p>RapidBrow\u00ae est\u00e1 formulado con Hexatein\u00ae 2 Complex, una mezcla perfectamente equilibrada de potentes polip\u00e9ptidos, biotina y pantenol altamente eficaces y extractos revolucionarios de c\u00e9lulas de manzana y semillas de calabaza.\u00a0Esta mezcla, exclusiva de RapidBrow\u00ae, ayuda a revitalizar, tonificar y acondicionar la apariencia de las cejas y ayuda a promover una apariencia m\u00e1s juvenil y exuberante de las cejas.<\/p>\n<ol>\n<li><strong>Los polip\u00e9ptidos<\/strong>\u00a0, compuestos de amino\u00e1cidos beneficiosos, ayudan a mantener una apariencia m\u00e1s voluminosa de las cejas.<\/li>\n<li><strong>Biotina\u00a0<\/strong>(Provitamina B7 \/ Vitamina H \/ Coenzima R), un factor esencial para mantener unas cejas m\u00e1s j\u00f3venes y con un aspecto m\u00e1s saludable<\/li>\n<li><strong>El pantenol<\/strong>\u00a0(vitamina B5) ayuda a nutrir y acondicionar el vello de las cejas, mejorando la apariencia general de las cejas.<\/li>\n<li><strong>Prote\u00edna vegetal<\/strong>, ayuda a mejorar la apariencia m\u00e1s saludable de las cejas.<\/li>\n<li>El\u00a0<strong>extracto de c\u00e9lulas<\/strong>\u00a0de fruta de manzana , un ingrediente antienvejecimiento revolucionario procedente de c\u00e9lulas de fruta de una rara manzana suiza, ayuda a rejuvenecer la apariencia juvenil de las cejas.<\/li>\n<li>El\u00a0<strong>extracto de semilla de calabaza<\/strong>, rico en zinc, AGE, amino\u00e1cidos, vitaminas y fitoesteroles, ayuda a equilibrar y mejorar la apariencia atrevida de las cejas.<\/li>\n<\/ol>\n<p><strong>RapidBrow\u00ae<\/strong>\u00a0se aplica dos veces al d\u00eda, una vez por la ma\u00f1ana y otra por la noche en el pelo de la ceja, con el cepillo dise\u00f1ado a tal efecto.<\/p>\n<p>Para alcanzar resultados \u00f3ptimos utiliza\u00a0<strong>RapidBrow\u00ae\u00a0<\/strong>al menos durante 8 semanas.<\/p>\n","protected":false},"featured_media":17341,"template":"","meta":{"_joinchat":[]},"product_cat":[694,727,725,703],"product_tag":[],"yoast_head":"<!-- This site is optimized with the Yoast SEO plugin v20.2.1 - https:\/\/yoast.com\/wordpress\/plugins\/seo\/ -->\n<title>Rapid Brow Eyebrow Enhancing Serum - Sury Saray<\/title>\n<meta name=\"robots\" content=\"noindex, follow\" \/>\n<meta property=\"og:locale\" content=\"de_DE\" \/>\n<meta property=\"og:type\" content=\"article\" \/>\n<meta property=\"og:title\" content=\"Rapid Brow Eyebrow Enhancing Serum - Sury Saray\" \/>\n<meta property=\"og:description\" content=\"RapidBrow\u00ae est\u00e1 formulado con Hexatein\u00ae 2 Complex, una mezcla perfectamente equilibrada de potentes polip\u00e9ptidos, biotina y pantenol altamente eficaces y extractos revolucionarios de c\u00e9lulas de manzana y semillas de calabaza.\u00a0Esta mezcla, exclusiva de RapidBrow\u00ae, ayuda a revitalizar, tonificar y acondicionar la apariencia de las cejas y ayuda a promover una apariencia m\u00e1s juvenil y exuberante de las cejas.   Los polip\u00e9ptidos\u00a0, compuestos de amino\u00e1cidos beneficiosos, ayudan a mantener una apariencia m\u00e1s voluminosa de las cejas.  Biotina\u00a0(Provitamina B7 \/ Vitamina H \/ Coenzima R), un factor esencial para mantener unas cejas m\u00e1s j\u00f3venes y con un aspecto m\u00e1s saludable  El pantenol\u00a0(vitamina B5) ayuda a nutrir y acondicionar el vello de las cejas, mejorando la apariencia general de las cejas.  Prote\u00edna vegetal, ayuda a mejorar la apariencia m\u00e1s saludable de las cejas.  El\u00a0extracto de c\u00e9lulas\u00a0de fruta de manzana , un ingrediente antienvejecimiento revolucionario procedente de c\u00e9lulas de fruta de una rara manzana suiza, ayuda a rejuvenecer la apariencia juvenil de las cejas.  El\u00a0extracto de semilla de calabaza, rico en zinc, AGE, amino\u00e1cidos, vitaminas y fitoesteroles, ayuda a equilibrar y mejorar la apariencia atrevida de las cejas.  RapidBrow\u00ae\u00a0se aplica dos veces al d\u00eda, una vez por la ma\u00f1ana y otra por la noche en el pelo de la ceja, con el cepillo dise\u00f1ado a tal efecto.  Para alcanzar resultados \u00f3ptimos utiliza\u00a0RapidBrow\u00ae\u00a0al menos durante 8 semanas.\" \/>\n<meta property=\"og:url\" content=\"https:\/\/surysaray.com\/producto\/rapid-brow-eyebrow-enhancing-serum\/\" \/>\n<meta property=\"og:site_name\" content=\"Sury Saray\" \/>\n<meta property=\"article:modified_time\" content=\"2024-05-08T09:58:57+00:00\" \/>\n<meta property=\"og:image\" content=\"https:\/\/surysaray.com\/wp-content\/uploads\/2024\/04\/eye-brow.png\" \/>\n\t<meta property=\"og:image:width\" content=\"800\" \/>\n\t<meta property=\"og:image:height\" content=\"800\" \/>\n\t<meta property=\"og:image:type\" content=\"image\/png\" \/>\n<meta name=\"twitter:card\" content=\"summary_large_image\" \/>\n<script type=\"application\/ld+json\" class=\"yoast-schema-graph\">{\"@context\":\"https:\/\/schema.org\",\"@graph\":[{\"@type\":\"WebPage\",\"@id\":\"https:\/\/surysaray.com\/producto\/rapid-brow-eyebrow-enhancing-serum\/\",\"url\":\"https:\/\/surysaray.com\/producto\/rapid-brow-eyebrow-enhancing-serum\/\",\"name\":\"Rapid Brow Eyebrow Enhancing Serum - Sury Saray\",\"isPartOf\":{\"@id\":\"https:\/\/surysaray.com\/#website\"},\"datePublished\":\"2024-04-30T11:50:56+00:00\",\"dateModified\":\"2024-05-08T09:58:57+00:00\",\"breadcrumb\":{\"@id\":\"https:\/\/surysaray.com\/producto\/rapid-brow-eyebrow-enhancing-serum\/#breadcrumb\"},\"inLanguage\":\"de-DE\",\"potentialAction\":[{\"@type\":\"ReadAction\",\"target\":[\"https:\/\/surysaray.com\/producto\/rapid-brow-eyebrow-enhancing-serum\/\"]}]},{\"@type\":\"BreadcrumbList\",\"@id\":\"https:\/\/surysaray.com\/producto\/rapid-brow-eyebrow-enhancing-serum\/#breadcrumb\",\"itemListElement\":[{\"@type\":\"ListItem\",\"position\":1,\"name\":\"Portada\",\"item\":\"https:\/\/surysaray.com\/de\/\"},{\"@type\":\"ListItem\",\"position\":2,\"name\":\"Shop\",\"item\":\"https:\/\/surysaray.com\/de\/online-shop\/\"},{\"@type\":\"ListItem\",\"position\":3,\"name\":\"Rapid Brow Eyebrow Enhancing Serum\"}]},{\"@type\":\"WebSite\",\"@id\":\"https:\/\/surysaray.com\/#website\",\"url\":\"https:\/\/surysaray.com\/\",\"name\":\"Sury Saray\",\"description\":\"\",\"potentialAction\":[{\"@type\":\"SearchAction\",\"target\":{\"@type\":\"EntryPoint\",\"urlTemplate\":\"https:\/\/surysaray.com\/?s={search_term_string}\"},\"query-input\":\"required name=search_term_string\"}],\"inLanguage\":\"de-DE\"}]}<\/script>\n<!-- \/ Yoast SEO plugin. -->","yoast_head_json":{"title":"Rapid Brow Eyebrow Enhancing Serum - Sury Saray","robots":{"index":"noindex","follow":"follow"},"og_locale":"de_DE","og_type":"article","og_title":"Rapid Brow Eyebrow Enhancing Serum - Sury Saray","og_description":"RapidBrow\u00ae est\u00e1 formulado con Hexatein\u00ae 2 Complex, una mezcla perfectamente equilibrada de potentes polip\u00e9ptidos, biotina y pantenol altamente eficaces y extractos revolucionarios de c\u00e9lulas de manzana y semillas de calabaza.\u00a0Esta mezcla, exclusiva de RapidBrow\u00ae, ayuda a revitalizar, tonificar y acondicionar la apariencia de las cejas y ayuda a promover una apariencia m\u00e1s juvenil y exuberante de las cejas.   Los polip\u00e9ptidos\u00a0, compuestos de amino\u00e1cidos beneficiosos, ayudan a mantener una apariencia m\u00e1s voluminosa de las cejas.  Biotina\u00a0(Provitamina B7 \/ Vitamina H \/ Coenzima R), un factor esencial para mantener unas cejas m\u00e1s j\u00f3venes y con un aspecto m\u00e1s saludable  El pantenol\u00a0(vitamina B5) ayuda a nutrir y acondicionar el vello de las cejas, mejorando la apariencia general de las cejas.  Prote\u00edna vegetal, ayuda a mejorar la apariencia m\u00e1s saludable de las cejas.  El\u00a0extracto de c\u00e9lulas\u00a0de fruta de manzana , un ingrediente antienvejecimiento revolucionario procedente de c\u00e9lulas de fruta de una rara manzana suiza, ayuda a rejuvenecer la apariencia juvenil de las cejas.  El\u00a0extracto de semilla de calabaza, rico en zinc, AGE, amino\u00e1cidos, vitaminas y fitoesteroles, ayuda a equilibrar y mejorar la apariencia atrevida de las cejas.  RapidBrow\u00ae\u00a0se aplica dos veces al d\u00eda, una vez por la ma\u00f1ana y otra por la noche en el pelo de la ceja, con el cepillo dise\u00f1ado a tal efecto.  Para alcanzar resultados \u00f3ptimos utiliza\u00a0RapidBrow\u00ae\u00a0al menos durante 8 semanas.","og_url":"https:\/\/surysaray.com\/producto\/rapid-brow-eyebrow-enhancing-serum\/","og_site_name":"Sury Saray","article_modified_time":"2024-05-08T09:58:57+00:00","og_image":[{"width":800,"height":800,"url":"https:\/\/surysaray.com\/wp-content\/uploads\/2024\/04\/eye-brow.png","type":"image\/png"}],"twitter_card":"summary_large_image","schema":{"@context":"https:\/\/schema.org","@graph":[{"@type":"WebPage","@id":"https:\/\/surysaray.com\/producto\/rapid-brow-eyebrow-enhancing-serum\/","url":"https:\/\/surysaray.com\/producto\/rapid-brow-eyebrow-enhancing-serum\/","name":"Rapid Brow Eyebrow Enhancing Serum - Sury Saray","isPartOf":{"@id":"https:\/\/surysaray.com\/#website"},"datePublished":"2024-04-30T11:50:56+00:00","dateModified":"2024-05-08T09:58:57+00:00","breadcrumb":{"@id":"https:\/\/surysaray.com\/producto\/rapid-brow-eyebrow-enhancing-serum\/#breadcrumb"},"inLanguage":"de-DE","potentialAction":[{"@type":"ReadAction","target":["https:\/\/surysaray.com\/producto\/rapid-brow-eyebrow-enhancing-serum\/"]}]},{"@type":"BreadcrumbList","@id":"https:\/\/surysaray.com\/producto\/rapid-brow-eyebrow-enhancing-serum\/#breadcrumb","itemListElement":[{"@type":"ListItem","position":1,"name":"Portada","item":"https:\/\/surysaray.com\/de\/"},{"@type":"ListItem","position":2,"name":"Shop","item":"https:\/\/surysaray.com\/de\/online-shop\/"},{"@type":"ListItem","position":3,"name":"Rapid Brow Eyebrow Enhancing Serum"}]},{"@type":"WebSite","@id":"https:\/\/surysaray.com\/#website","url":"https:\/\/surysaray.com\/","name":"Sury Saray","description":"","potentialAction":[{"@type":"SearchAction","target":{"@type":"EntryPoint","urlTemplate":"https:\/\/surysaray.com\/?s={search_term_string}"},"query-input":"required name=search_term_string"}],"inLanguage":"de-DE"}]}},"_links":{"self":[{"href":"https:\/\/surysaray.com\/de\/wp-json\/wp\/v3\/product\/17334"}],"collection":[{"href":"https:\/\/surysaray.com\/de\/wp-json\/wp\/v3\/product"}],"about":[{"href":"https:\/\/surysaray.com\/de\/wp-json\/wp\/v2\/types\/product"}],"wp:featuredmedia":[{"embeddable":true,"href":"https:\/\/surysaray.com\/de\/wp-json\/wp\/v2\/media\/17341"}],"wp:attachment":[{"href":"https:\/\/surysaray.com\/de\/wp-json\/wp\/v2\/media?parent=17334"}],"wp:term":[{"taxonomy":"product_cat","embeddable":true,"href":"https:\/\/surysaray.com\/de\/wp-json\/wp\/v2\/product_cat?post=17334"},{"taxonomy":"product_tag","embeddable":true,"href":"https:\/\/surysaray.com\/de\/wp-json\/wp\/v2\/product_tag?post=17334"}],"curies":[{"name":"wp","href":"https:\/\/api.w.org\/{rel}","templated":true}]}}