{"id":17298,"date":"2024-04-23T19:46:46","date_gmt":"2024-04-23T17:46:46","guid":{"rendered":"https:\/\/surysaray.com\/?post_type=product&#038;p=17298"},"modified":"2024-04-23T19:54:24","modified_gmt":"2024-04-23T17:54:24","slug":"refine-triple-pro-retinol-renewal-cream","status":"publish","type":"product","link":"https:\/\/surysaray.com\/de\/producto\/refine-triple-pro-retinol-renewal-cream\/","title":{"rendered":"Refine Triple Pro-Retinol Renewal Cream"},"content":{"rendered":"","protected":false},"excerpt":{"rendered":"<p>La poderosa formulaci\u00f3n compuesta por el Triple-Pro Retinol Complex y principios activos seleccionados favorece la renovaci\u00f3n de la piel, mejora su uniformidad y contrarresta as\u00ed los signos del envejecimiento prematuro de la piel.<\/p>\n<p>El palmitato de retinilo es una forma conocida y estable de vitamina A y despliega su poder contra la queratosis, la hiperpigmentaci\u00f3n y las primeras arrugas de la piel. Estimula la s\u00edntesis de col\u00e1geno para una piel tersa y firme.<br \/>\nEl retinol encapsulado despliega lentamente todo su potencial retinoide transformador: una especie de efecto dep\u00f3sito para contrarrestar los signos del envejecimiento.<br \/>\nBakuchiol, un pro-retinol vegano y un potente antioxidante derivado de la planta Psoralea corylifolia originaria del subcontinente indio, que completa el triple complejo renovador de la piel para un efecto antienvejecimiento integral.<br \/>\nUn 2% de amino\u00e1cidos apoyan los procesos de regeneraci\u00f3n propios de la piel. Estos peque\u00f1os fragmentos de prote\u00ednas desempe\u00f1an un papel importante en la s\u00edntesis de col\u00e1geno y en el mantenimiento de los niveles de hidrataci\u00f3n de la piel, lo que los convierte en imprescindibles para todos los amantes del cuidado de la piel.<\/p>\n<p>Con una concentraci\u00f3n activa del 5% de Niacinamida, conocida como vitamina B3, reduce la formaci\u00f3n de arrugas, manchas de pigmentaci\u00f3n y otros signos de envejecimiento prematuro mientras fortalece la barrera cut\u00e1nea.<\/p>\n<p>Un 1 % de vitamina F completa este rico paquete de cuidados de renovaci\u00f3n de la piel: estos \u00e1cidos grasos omega calman y regeneran la piel y la protegen de la p\u00e9rdida de hidrataci\u00f3n, as\u00ed como de los factores de estr\u00e9s ambientales y naturales, y la hacen m\u00e1s resistente.<\/p>\n<p>Modo de uso: Durante las dos primera semanas, usar m\u00e1ximo 2 veces en semana por la noche, en d\u00edas separados. Continuar aumentando la frecuencia de uso 1 d\u00eda m\u00e1s por semana, siempre y cuando la piel lo tolere. Evitar el \u00e1rea de los ojos y los labios. Aplicar en rostro, cuello y escote por la noche despu\u00e9s de la limpieza y masajear.<br \/>\nImportante: usar protecci\u00f3n solar al d\u00eda siguiente y evitar el uso de esta crema los meses de verano.<br \/>\nNo aplicar con otros productos con retinol, ni Vitamina C ni \u00e1cidos.<\/p>\n","protected":false},"featured_media":17301,"template":"","meta":{"_joinchat":[]},"product_cat":[692,721,718,720,694,719,703,74],"product_tag":[],"yoast_head":"<!-- This site is optimized with the Yoast SEO plugin v20.2.1 - https:\/\/yoast.com\/wordpress\/plugins\/seo\/ -->\n<title>Refine Triple Pro-Retinol Renewal Cream - Sury Saray<\/title>\n<meta name=\"robots\" content=\"noindex, follow\" \/>\n<meta property=\"og:locale\" content=\"de_DE\" \/>\n<meta property=\"og:type\" content=\"article\" \/>\n<meta property=\"og:title\" content=\"Refine Triple Pro-Retinol Renewal Cream - Sury Saray\" \/>\n<meta property=\"og:description\" content=\"La poderosa formulaci\u00f3n compuesta por el Triple-Pro Retinol Complex y principios activos seleccionados favorece la renovaci\u00f3n de la piel, mejora su uniformidad y contrarresta as\u00ed los signos del envejecimiento prematuro de la piel.  El palmitato de retinilo es una forma conocida y estable de vitamina A y despliega su poder contra la queratosis, la hiperpigmentaci\u00f3n y las primeras arrugas de la piel. Estimula la s\u00edntesis de col\u00e1geno para una piel tersa y firme. El retinol encapsulado despliega lentamente todo su potencial retinoide transformador: una especie de efecto dep\u00f3sito para contrarrestar los signos del envejecimiento. Bakuchiol, un pro-retinol vegano y un potente antioxidante derivado de la planta Psoralea corylifolia originaria del subcontinente indio, que completa el triple complejo renovador de la piel para un efecto antienvejecimiento integral. Un 2% de amino\u00e1cidos apoyan los procesos de regeneraci\u00f3n propios de la piel. Estos peque\u00f1os fragmentos de prote\u00ednas desempe\u00f1an un papel importante en la s\u00edntesis de col\u00e1geno y en el mantenimiento de los niveles de hidrataci\u00f3n de la piel, lo que los convierte en imprescindibles para todos los amantes del cuidado de la piel.  Con una concentraci\u00f3n activa del 5% de Niacinamida, conocida como vitamina B3, reduce la formaci\u00f3n de arrugas, manchas de pigmentaci\u00f3n y otros signos de envejecimiento prematuro mientras fortalece la barrera cut\u00e1nea.  Un 1 % de vitamina F completa este rico paquete de cuidados de renovaci\u00f3n de la piel: estos \u00e1cidos grasos omega calman y regeneran la piel y la protegen de la p\u00e9rdida de hidrataci\u00f3n, as\u00ed como de los factores de estr\u00e9s ambientales y naturales, y la hacen m\u00e1s resistente.  Modo de uso: Durante las dos primera semanas, usar m\u00e1ximo 2 veces en semana por la noche, en d\u00edas separados. Continuar aumentando la frecuencia de uso 1 d\u00eda m\u00e1s por semana, siempre y cuando la piel lo tolere. Evitar el \u00e1rea de los ojos y los labios. Aplicar en rostro, cuello y escote por la noche despu\u00e9s de la limpieza y masajear. Importante: usar protecci\u00f3n solar al d\u00eda siguiente y evitar el uso de esta crema los meses de verano. No aplicar con otros productos con retinol, ni Vitamina C ni \u00e1cidos.\" \/>\n<meta property=\"og:url\" content=\"https:\/\/surysaray.com\/de\/producto\/refine-triple-pro-retinol-renewal-cream\/\" \/>\n<meta property=\"og:site_name\" content=\"Sury Saray\" \/>\n<meta property=\"article:modified_time\" content=\"2024-04-23T17:54:24+00:00\" \/>\n<meta property=\"og:image\" content=\"https:\/\/surysaray.com\/wp-content\/uploads\/2024\/04\/refine-triple-retinol-cream.png\" \/>\n\t<meta property=\"og:image:width\" content=\"800\" \/>\n\t<meta property=\"og:image:height\" content=\"800\" \/>\n\t<meta property=\"og:image:type\" content=\"image\/png\" \/>\n<meta name=\"twitter:card\" content=\"summary_large_image\" \/>\n<script type=\"application\/ld+json\" class=\"yoast-schema-graph\">{\"@context\":\"https:\/\/schema.org\",\"@graph\":[{\"@type\":\"WebPage\",\"@id\":\"https:\/\/surysaray.com\/de\/producto\/refine-triple-pro-retinol-renewal-cream\/\",\"url\":\"https:\/\/surysaray.com\/de\/producto\/refine-triple-pro-retinol-renewal-cream\/\",\"name\":\"Refine Triple Pro-Retinol Renewal Cream - Sury Saray\",\"isPartOf\":{\"@id\":\"https:\/\/surysaray.com\/#website\"},\"datePublished\":\"2024-04-23T17:46:46+00:00\",\"dateModified\":\"2024-04-23T17:54:24+00:00\",\"breadcrumb\":{\"@id\":\"https:\/\/surysaray.com\/de\/producto\/refine-triple-pro-retinol-renewal-cream\/#breadcrumb\"},\"inLanguage\":\"de-DE\",\"potentialAction\":[{\"@type\":\"ReadAction\",\"target\":[\"https:\/\/surysaray.com\/de\/producto\/refine-triple-pro-retinol-renewal-cream\/\"]}]},{\"@type\":\"BreadcrumbList\",\"@id\":\"https:\/\/surysaray.com\/de\/producto\/refine-triple-pro-retinol-renewal-cream\/#breadcrumb\",\"itemListElement\":[{\"@type\":\"ListItem\",\"position\":1,\"name\":\"Portada\",\"item\":\"https:\/\/surysaray.com\/de\/\"},{\"@type\":\"ListItem\",\"position\":2,\"name\":\"Shop\",\"item\":\"https:\/\/surysaray.com\/de\/online-shop\/\"},{\"@type\":\"ListItem\",\"position\":3,\"name\":\"Refine Triple Pro-Retinol Renewal Cream\"}]},{\"@type\":\"WebSite\",\"@id\":\"https:\/\/surysaray.com\/#website\",\"url\":\"https:\/\/surysaray.com\/\",\"name\":\"Sury Saray\",\"description\":\"\",\"potentialAction\":[{\"@type\":\"SearchAction\",\"target\":{\"@type\":\"EntryPoint\",\"urlTemplate\":\"https:\/\/surysaray.com\/?s={search_term_string}\"},\"query-input\":\"required name=search_term_string\"}],\"inLanguage\":\"de-DE\"}]}<\/script>\n<!-- \/ Yoast SEO plugin. -->","yoast_head_json":{"title":"Refine Triple Pro-Retinol Renewal Cream - Sury Saray","robots":{"index":"noindex","follow":"follow"},"og_locale":"de_DE","og_type":"article","og_title":"Refine Triple Pro-Retinol Renewal Cream - Sury Saray","og_description":"La poderosa formulaci\u00f3n compuesta por el Triple-Pro Retinol Complex y principios activos seleccionados favorece la renovaci\u00f3n de la piel, mejora su uniformidad y contrarresta as\u00ed los signos del envejecimiento prematuro de la piel.  El palmitato de retinilo es una forma conocida y estable de vitamina A y despliega su poder contra la queratosis, la hiperpigmentaci\u00f3n y las primeras arrugas de la piel. Estimula la s\u00edntesis de col\u00e1geno para una piel tersa y firme. El retinol encapsulado despliega lentamente todo su potencial retinoide transformador: una especie de efecto dep\u00f3sito para contrarrestar los signos del envejecimiento. Bakuchiol, un pro-retinol vegano y un potente antioxidante derivado de la planta Psoralea corylifolia originaria del subcontinente indio, que completa el triple complejo renovador de la piel para un efecto antienvejecimiento integral. Un 2% de amino\u00e1cidos apoyan los procesos de regeneraci\u00f3n propios de la piel. Estos peque\u00f1os fragmentos de prote\u00ednas desempe\u00f1an un papel importante en la s\u00edntesis de col\u00e1geno y en el mantenimiento de los niveles de hidrataci\u00f3n de la piel, lo que los convierte en imprescindibles para todos los amantes del cuidado de la piel.  Con una concentraci\u00f3n activa del 5% de Niacinamida, conocida como vitamina B3, reduce la formaci\u00f3n de arrugas, manchas de pigmentaci\u00f3n y otros signos de envejecimiento prematuro mientras fortalece la barrera cut\u00e1nea.  Un 1 % de vitamina F completa este rico paquete de cuidados de renovaci\u00f3n de la piel: estos \u00e1cidos grasos omega calman y regeneran la piel y la protegen de la p\u00e9rdida de hidrataci\u00f3n, as\u00ed como de los factores de estr\u00e9s ambientales y naturales, y la hacen m\u00e1s resistente.  Modo de uso: Durante las dos primera semanas, usar m\u00e1ximo 2 veces en semana por la noche, en d\u00edas separados. Continuar aumentando la frecuencia de uso 1 d\u00eda m\u00e1s por semana, siempre y cuando la piel lo tolere. Evitar el \u00e1rea de los ojos y los labios. Aplicar en rostro, cuello y escote por la noche despu\u00e9s de la limpieza y masajear. Importante: usar protecci\u00f3n solar al d\u00eda siguiente y evitar el uso de esta crema los meses de verano. No aplicar con otros productos con retinol, ni Vitamina C ni \u00e1cidos.","og_url":"https:\/\/surysaray.com\/de\/producto\/refine-triple-pro-retinol-renewal-cream\/","og_site_name":"Sury Saray","article_modified_time":"2024-04-23T17:54:24+00:00","og_image":[{"width":800,"height":800,"url":"https:\/\/surysaray.com\/wp-content\/uploads\/2024\/04\/refine-triple-retinol-cream.png","type":"image\/png"}],"twitter_card":"summary_large_image","schema":{"@context":"https:\/\/schema.org","@graph":[{"@type":"WebPage","@id":"https:\/\/surysaray.com\/de\/producto\/refine-triple-pro-retinol-renewal-cream\/","url":"https:\/\/surysaray.com\/de\/producto\/refine-triple-pro-retinol-renewal-cream\/","name":"Refine Triple Pro-Retinol Renewal Cream - Sury Saray","isPartOf":{"@id":"https:\/\/surysaray.com\/#website"},"datePublished":"2024-04-23T17:46:46+00:00","dateModified":"2024-04-23T17:54:24+00:00","breadcrumb":{"@id":"https:\/\/surysaray.com\/de\/producto\/refine-triple-pro-retinol-renewal-cream\/#breadcrumb"},"inLanguage":"de-DE","potentialAction":[{"@type":"ReadAction","target":["https:\/\/surysaray.com\/de\/producto\/refine-triple-pro-retinol-renewal-cream\/"]}]},{"@type":"BreadcrumbList","@id":"https:\/\/surysaray.com\/de\/producto\/refine-triple-pro-retinol-renewal-cream\/#breadcrumb","itemListElement":[{"@type":"ListItem","position":1,"name":"Portada","item":"https:\/\/surysaray.com\/de\/"},{"@type":"ListItem","position":2,"name":"Shop","item":"https:\/\/surysaray.com\/de\/online-shop\/"},{"@type":"ListItem","position":3,"name":"Refine Triple Pro-Retinol Renewal Cream"}]},{"@type":"WebSite","@id":"https:\/\/surysaray.com\/#website","url":"https:\/\/surysaray.com\/","name":"Sury Saray","description":"","potentialAction":[{"@type":"SearchAction","target":{"@type":"EntryPoint","urlTemplate":"https:\/\/surysaray.com\/?s={search_term_string}"},"query-input":"required name=search_term_string"}],"inLanguage":"de-DE"}]}},"_links":{"self":[{"href":"https:\/\/surysaray.com\/de\/wp-json\/wp\/v3\/product\/17298"}],"collection":[{"href":"https:\/\/surysaray.com\/de\/wp-json\/wp\/v3\/product"}],"about":[{"href":"https:\/\/surysaray.com\/de\/wp-json\/wp\/v2\/types\/product"}],"wp:featuredmedia":[{"embeddable":true,"href":"https:\/\/surysaray.com\/de\/wp-json\/wp\/v2\/media\/17301"}],"wp:attachment":[{"href":"https:\/\/surysaray.com\/de\/wp-json\/wp\/v2\/media?parent=17298"}],"wp:term":[{"taxonomy":"product_cat","embeddable":true,"href":"https:\/\/surysaray.com\/de\/wp-json\/wp\/v2\/product_cat?post=17298"},{"taxonomy":"product_tag","embeddable":true,"href":"https:\/\/surysaray.com\/de\/wp-json\/wp\/v2\/product_tag?post=17298"}],"curies":[{"name":"wp","href":"https:\/\/api.w.org\/{rel}","templated":true}]}}