{"id":17288,"date":"2024-04-23T19:19:28","date_gmt":"2024-04-23T17:19:28","guid":{"rendered":"https:\/\/surysaray.com\/?post_type=product&#038;p=17288"},"modified":"2024-04-23T19:44:39","modified_gmt":"2024-04-23T17:44:39","slug":"deeply-rooted","status":"publish","type":"product","link":"https:\/\/surysaray.com\/de\/producto\/deeply-rooted\/","title":{"rendered":"Deeply Rooted (120capsules)"},"content":{"rendered":"","protected":false},"excerpt":{"rendered":"<p>FRENA LA CA\u00cdDA Y CONSIGUE UN CABELLO LARGO, FUERTE Y SANO<\/p>\n<ul>\n<li>En los estudios cl\u00ednicos, el 91% de los sujetos informaron de una mejora en el crecimiento general del cabello.<\/li>\n<li>Los ingredientes clave ayudan a bloquear las causas fundamentales del debilitamiento y la ca\u00edda del cabello.<\/li>\n<li>Estimula que el cabello crezca m\u00e1s grueso, m\u00e1s largo, m\u00e1s fuerte y m\u00e1s voluminoso.<\/li>\n<li>Mantiene la salud general del cabello y el cuero cabelludo.<\/li>\n<li>Adecuado para mujeres y hombres.<\/li>\n<li>DeeplyRooted s\u00f3lo afectar\u00e1 al cabello de tu cabeza, pero tambi\u00e9n puedes notar otras ventajas, como u\u00f1as m\u00e1s largas y fuertes.<\/li>\n<\/ul>\n<p>El pelo de la cabeza no crece a la misma velocidad ni con un patr\u00f3n uniforme. Por eso puede parecer que el pelo de algunas partes, como las sienes y el nacimiento del cabello, crece m\u00e1s r\u00e1pido que el de otras. La velocidad de crecimiento del cabello var\u00eda de una persona a otra. Seg\u00fan el ciclo normal de crecimiento del cabello, pueden pasar mas de 90 d\u00edas (o mas) para ver los primeros pelos nuevos.<\/p>\n<p>Ingredientes principales:<\/p>\n<p>KSM-66 : Ayuda al cuerpo a combatir el estre\u0301s, una de las principales causas del debilitamiento del cabello.<\/p>\n<p>Pimienta negra: Rica en vitamina C, actu\u0301a para aumentar y regular el flujo sangui\u0301neo en el cuero cabelludo y los foli\u0301culos pilosos.<\/p>\n<p>Agua de coco: Favorece la circulacio\u0301n sangui\u0301nea y proporciona hidratacio\u0301n al cuero cabelludo.<\/p>\n<p>Complejo de tocoferoles: Protege contra el dan\u0303o medioambiental.<\/p>\n<p>Modo de uso: Los adultos toman cuatro c\u00e1psulas al d\u00eda, preferiblemente con una comida o seg\u00fan las recomendaciones de un m\u00e9dico.<\/p>\n","protected":false},"featured_media":17291,"template":"","meta":{"_joinchat":[]},"product_cat":[698,713,694,699,697],"product_tag":[],"yoast_head":"<!-- This site is optimized with the Yoast SEO plugin v20.2.1 - https:\/\/yoast.com\/wordpress\/plugins\/seo\/ -->\n<title>Deeply Rooted (120capsules) - Sury Saray<\/title>\n<meta name=\"robots\" content=\"noindex, follow\" \/>\n<meta property=\"og:locale\" content=\"de_DE\" \/>\n<meta property=\"og:type\" content=\"article\" \/>\n<meta property=\"og:title\" content=\"Deeply Rooted (120capsules) - Sury Saray\" \/>\n<meta property=\"og:description\" content=\"FRENA LA CA\u00cdDA Y CONSIGUE UN CABELLO LARGO, FUERTE Y SANO   En los estudios cl\u00ednicos, el 91% de los sujetos informaron de una mejora en el crecimiento general del cabello.  Los ingredientes clave ayudan a bloquear las causas fundamentales del debilitamiento y la ca\u00edda del cabello.  Estimula que el cabello crezca m\u00e1s grueso, m\u00e1s largo, m\u00e1s fuerte y m\u00e1s voluminoso.  Mantiene la salud general del cabello y el cuero cabelludo.  Adecuado para mujeres y hombres.  DeeplyRooted s\u00f3lo afectar\u00e1 al cabello de tu cabeza, pero tambi\u00e9n puedes notar otras ventajas, como u\u00f1as m\u00e1s largas y fuertes.  El pelo de la cabeza no crece a la misma velocidad ni con un patr\u00f3n uniforme. Por eso puede parecer que el pelo de algunas partes, como las sienes y el nacimiento del cabello, crece m\u00e1s r\u00e1pido que el de otras. La velocidad de crecimiento del cabello var\u00eda de una persona a otra. Seg\u00fan el ciclo normal de crecimiento del cabello, pueden pasar mas de 90 d\u00edas (o mas) para ver los primeros pelos nuevos.  Ingredientes principales:  KSM-66 : Ayuda al cuerpo a combatir el estre\u0301s, una de las principales causas del debilitamiento del cabello.  Pimienta negra: Rica en vitamina C, actu\u0301a para aumentar y regular el flujo sangui\u0301neo en el cuero cabelludo y los foli\u0301culos pilosos.  Agua de coco: Favorece la circulacio\u0301n sangui\u0301nea y proporciona hidratacio\u0301n al cuero cabelludo.  Complejo de tocoferoles: Protege contra el dan\u0303o medioambiental.  Modo de uso: Los adultos toman cuatro c\u00e1psulas al d\u00eda, preferiblemente con una comida o seg\u00fan las recomendaciones de un m\u00e9dico.\" \/>\n<meta property=\"og:url\" content=\"https:\/\/surysaray.com\/producto\/deeply-rooted\/\" \/>\n<meta property=\"og:site_name\" content=\"Sury Saray\" \/>\n<meta property=\"article:modified_time\" content=\"2024-04-23T17:44:39+00:00\" \/>\n<meta property=\"og:image\" content=\"https:\/\/surysaray.com\/wp-content\/uploads\/2024\/04\/deeply-rooted.png\" \/>\n\t<meta property=\"og:image:width\" content=\"800\" \/>\n\t<meta property=\"og:image:height\" content=\"800\" \/>\n\t<meta property=\"og:image:type\" content=\"image\/png\" \/>\n<meta name=\"twitter:card\" content=\"summary_large_image\" \/>\n<script type=\"application\/ld+json\" class=\"yoast-schema-graph\">{\"@context\":\"https:\/\/schema.org\",\"@graph\":[{\"@type\":\"WebPage\",\"@id\":\"https:\/\/surysaray.com\/producto\/deeply-rooted\/\",\"url\":\"https:\/\/surysaray.com\/producto\/deeply-rooted\/\",\"name\":\"Deeply Rooted (120capsules) - Sury Saray\",\"isPartOf\":{\"@id\":\"https:\/\/surysaray.com\/#website\"},\"datePublished\":\"2024-04-23T17:19:28+00:00\",\"dateModified\":\"2024-04-23T17:44:39+00:00\",\"breadcrumb\":{\"@id\":\"https:\/\/surysaray.com\/producto\/deeply-rooted\/#breadcrumb\"},\"inLanguage\":\"de-DE\",\"potentialAction\":[{\"@type\":\"ReadAction\",\"target\":[\"https:\/\/surysaray.com\/producto\/deeply-rooted\/\"]}]},{\"@type\":\"BreadcrumbList\",\"@id\":\"https:\/\/surysaray.com\/producto\/deeply-rooted\/#breadcrumb\",\"itemListElement\":[{\"@type\":\"ListItem\",\"position\":1,\"name\":\"Portada\",\"item\":\"https:\/\/surysaray.com\/de\/\"},{\"@type\":\"ListItem\",\"position\":2,\"name\":\"Shop\",\"item\":\"https:\/\/surysaray.com\/de\/online-shop\/\"},{\"@type\":\"ListItem\",\"position\":3,\"name\":\"Deeply Rooted (120capsules)\"}]},{\"@type\":\"WebSite\",\"@id\":\"https:\/\/surysaray.com\/#website\",\"url\":\"https:\/\/surysaray.com\/\",\"name\":\"Sury Saray\",\"description\":\"\",\"potentialAction\":[{\"@type\":\"SearchAction\",\"target\":{\"@type\":\"EntryPoint\",\"urlTemplate\":\"https:\/\/surysaray.com\/?s={search_term_string}\"},\"query-input\":\"required name=search_term_string\"}],\"inLanguage\":\"de-DE\"}]}<\/script>\n<!-- \/ Yoast SEO plugin. -->","yoast_head_json":{"title":"Deeply Rooted (120capsules) - Sury Saray","robots":{"index":"noindex","follow":"follow"},"og_locale":"de_DE","og_type":"article","og_title":"Deeply Rooted (120capsules) - Sury Saray","og_description":"FRENA LA CA\u00cdDA Y CONSIGUE UN CABELLO LARGO, FUERTE Y SANO   En los estudios cl\u00ednicos, el 91% de los sujetos informaron de una mejora en el crecimiento general del cabello.  Los ingredientes clave ayudan a bloquear las causas fundamentales del debilitamiento y la ca\u00edda del cabello.  Estimula que el cabello crezca m\u00e1s grueso, m\u00e1s largo, m\u00e1s fuerte y m\u00e1s voluminoso.  Mantiene la salud general del cabello y el cuero cabelludo.  Adecuado para mujeres y hombres.  DeeplyRooted s\u00f3lo afectar\u00e1 al cabello de tu cabeza, pero tambi\u00e9n puedes notar otras ventajas, como u\u00f1as m\u00e1s largas y fuertes.  El pelo de la cabeza no crece a la misma velocidad ni con un patr\u00f3n uniforme. Por eso puede parecer que el pelo de algunas partes, como las sienes y el nacimiento del cabello, crece m\u00e1s r\u00e1pido que el de otras. La velocidad de crecimiento del cabello var\u00eda de una persona a otra. Seg\u00fan el ciclo normal de crecimiento del cabello, pueden pasar mas de 90 d\u00edas (o mas) para ver los primeros pelos nuevos.  Ingredientes principales:  KSM-66 : Ayuda al cuerpo a combatir el estre\u0301s, una de las principales causas del debilitamiento del cabello.  Pimienta negra: Rica en vitamina C, actu\u0301a para aumentar y regular el flujo sangui\u0301neo en el cuero cabelludo y los foli\u0301culos pilosos.  Agua de coco: Favorece la circulacio\u0301n sangui\u0301nea y proporciona hidratacio\u0301n al cuero cabelludo.  Complejo de tocoferoles: Protege contra el dan\u0303o medioambiental.  Modo de uso: Los adultos toman cuatro c\u00e1psulas al d\u00eda, preferiblemente con una comida o seg\u00fan las recomendaciones de un m\u00e9dico.","og_url":"https:\/\/surysaray.com\/producto\/deeply-rooted\/","og_site_name":"Sury Saray","article_modified_time":"2024-04-23T17:44:39+00:00","og_image":[{"width":800,"height":800,"url":"https:\/\/surysaray.com\/wp-content\/uploads\/2024\/04\/deeply-rooted.png","type":"image\/png"}],"twitter_card":"summary_large_image","schema":{"@context":"https:\/\/schema.org","@graph":[{"@type":"WebPage","@id":"https:\/\/surysaray.com\/producto\/deeply-rooted\/","url":"https:\/\/surysaray.com\/producto\/deeply-rooted\/","name":"Deeply Rooted (120capsules) - Sury Saray","isPartOf":{"@id":"https:\/\/surysaray.com\/#website"},"datePublished":"2024-04-23T17:19:28+00:00","dateModified":"2024-04-23T17:44:39+00:00","breadcrumb":{"@id":"https:\/\/surysaray.com\/producto\/deeply-rooted\/#breadcrumb"},"inLanguage":"de-DE","potentialAction":[{"@type":"ReadAction","target":["https:\/\/surysaray.com\/producto\/deeply-rooted\/"]}]},{"@type":"BreadcrumbList","@id":"https:\/\/surysaray.com\/producto\/deeply-rooted\/#breadcrumb","itemListElement":[{"@type":"ListItem","position":1,"name":"Portada","item":"https:\/\/surysaray.com\/de\/"},{"@type":"ListItem","position":2,"name":"Shop","item":"https:\/\/surysaray.com\/de\/online-shop\/"},{"@type":"ListItem","position":3,"name":"Deeply Rooted (120capsules)"}]},{"@type":"WebSite","@id":"https:\/\/surysaray.com\/#website","url":"https:\/\/surysaray.com\/","name":"Sury Saray","description":"","potentialAction":[{"@type":"SearchAction","target":{"@type":"EntryPoint","urlTemplate":"https:\/\/surysaray.com\/?s={search_term_string}"},"query-input":"required name=search_term_string"}],"inLanguage":"de-DE"}]}},"_links":{"self":[{"href":"https:\/\/surysaray.com\/de\/wp-json\/wp\/v3\/product\/17288"}],"collection":[{"href":"https:\/\/surysaray.com\/de\/wp-json\/wp\/v3\/product"}],"about":[{"href":"https:\/\/surysaray.com\/de\/wp-json\/wp\/v2\/types\/product"}],"wp:featuredmedia":[{"embeddable":true,"href":"https:\/\/surysaray.com\/de\/wp-json\/wp\/v2\/media\/17291"}],"wp:attachment":[{"href":"https:\/\/surysaray.com\/de\/wp-json\/wp\/v2\/media?parent=17288"}],"wp:term":[{"taxonomy":"product_cat","embeddable":true,"href":"https:\/\/surysaray.com\/de\/wp-json\/wp\/v2\/product_cat?post=17288"},{"taxonomy":"product_tag","embeddable":true,"href":"https:\/\/surysaray.com\/de\/wp-json\/wp\/v2\/product_tag?post=17288"}],"curies":[{"name":"wp","href":"https:\/\/api.w.org\/{rel}","templated":true}]}}