{"id":17282,"date":"2024-04-23T19:05:45","date_gmt":"2024-04-23T17:05:45","guid":{"rendered":"https:\/\/surysaray.com\/?post_type=product&#038;p=17282"},"modified":"2024-04-23T19:43:36","modified_gmt":"2024-04-23T17:43:36","slug":"skincapsule-clear","status":"publish","type":"product","link":"https:\/\/surysaray.com\/de\/producto\/skincapsule-clear\/","title":{"rendered":"Skincapsule Clear+ (60capsules)"},"content":{"rendered":"","protected":false},"excerpt":{"rendered":"<p>ELIMINA LOS BROTES DE ACN\u00c9 Y LUCE UNA PIEL LIMPIA Y PERFECTA<\/p>\n<ul>\n<li>\n<ul>\n<li>Reduce la producci\u00f3n de grasa con una mezcla \u00fanica de zinc y c\u00farcuma.<\/li>\n<li>Calma la piel irritada y propensa a los brotes.<\/li>\n<li>Ayuda a eliminar las manchas y las imperfecciones de la piel.<\/li>\n<li>Minimiza la inflamaci\u00f3n interna de la piel, reduciendo a su vez el enrojecimiento de la superficie.<\/li>\n<\/ul>\n<\/li>\n<\/ul>\n<p>&nbsp;<\/p>\n<ul>\n<li>Vegano, a base de plantas.<\/li>\n<li>Adecuado para mujeres y hombres.<\/li>\n<li>Este suplemento equilibrante de la piel y anti granitos est\u00e1 formulado con ingredientes limpios, cl\u00ednicos y vegetales para ayudar a reducir la grasa que obstruye los poros, calmar la piel roja e inflamada y disminuir los brotes acneicos en la cara, el pecho, la espalda y otros lugares.<\/li>\n<li>CLEAR+ es eficaz en todo tipo de brotes. Sin embargo, si tu acn\u00e9 es qu\u00edstico y requiere una prescripci\u00f3n para tratarlo mejor, es poco probable que CLEAR+ act\u00fae como sustituto de la medicaci\u00f3n.<\/li>\n<li>Adecuado para adolescentes, sin embargo, es mejor que su m\u00e9dico revise los ingredientes de CLEAR+ y te d\u00e9 la aprobaci\u00f3n final.<\/li>\n<\/ul>\n<p>Ingredientes principales:<\/p>\n<p>C\u00farcuma: Las cualidades de la cu\u0301rcuma se dirigen a los poros y calman la piel.<\/p>\n<p>Zinc: Se ha demostrado cli\u0301nicamente que reduce los brotes en un 60% y los comedones en un 23%.<\/p>\n<p>Vitamina A: Un potente antioxidante que combate los radicales libres y se convierte en una forma de retinol para combatir las manchas desde dentro hacia fuera.<\/p>\n<p>\u00c1cido Pantot\u00e9nico: Se ha demostrado que reduce significativamente los brotes y las manchas en 12 semanas.<\/p>\n<p>Como tomarlo: Toma 2 c\u00e1psulas con la comida, preferiblemente con tu rutina normal del cuidado de la piel.<\/p>\n","protected":false},"featured_media":17285,"template":"","meta":{"_joinchat":[]},"product_cat":[698,713,694,699,697],"product_tag":[],"yoast_head":"<!-- This site is optimized with the Yoast SEO plugin v20.2.1 - https:\/\/yoast.com\/wordpress\/plugins\/seo\/ -->\n<title>Skincapsule Clear+ (60capsules) - Sury Saray<\/title>\n<meta name=\"robots\" content=\"noindex, follow\" \/>\n<meta property=\"og:locale\" content=\"de_DE\" \/>\n<meta property=\"og:type\" content=\"article\" \/>\n<meta property=\"og:title\" content=\"Skincapsule Clear+ (60capsules) - Sury Saray\" \/>\n<meta property=\"og:description\" content=\"ELIMINA LOS BROTES DE ACN\u00c9 Y LUCE UNA PIEL LIMPIA Y PERFECTA      Reduce la producci\u00f3n de grasa con una mezcla \u00fanica de zinc y c\u00farcuma.  Calma la piel irritada y propensa a los brotes.  Ayuda a eliminar las manchas y las imperfecciones de la piel.  Minimiza la inflamaci\u00f3n interna de la piel, reduciendo a su vez el enrojecimiento de la superficie.    &nbsp;   Vegano, a base de plantas.  Adecuado para mujeres y hombres.  Este suplemento equilibrante de la piel y anti granitos est\u00e1 formulado con ingredientes limpios, cl\u00ednicos y vegetales para ayudar a reducir la grasa que obstruye los poros, calmar la piel roja e inflamada y disminuir los brotes acneicos en la cara, el pecho, la espalda y otros lugares.  CLEAR+ es eficaz en todo tipo de brotes. Sin embargo, si tu acn\u00e9 es qu\u00edstico y requiere una prescripci\u00f3n para tratarlo mejor, es poco probable que CLEAR+ act\u00fae como sustituto de la medicaci\u00f3n.  Adecuado para adolescentes, sin embargo, es mejor que su m\u00e9dico revise los ingredientes de CLEAR+ y te d\u00e9 la aprobaci\u00f3n final.  Ingredientes principales:  C\u00farcuma: Las cualidades de la cu\u0301rcuma se dirigen a los poros y calman la piel.  Zinc: Se ha demostrado cli\u0301nicamente que reduce los brotes en un 60% y los comedones en un 23%.  Vitamina A: Un potente antioxidante que combate los radicales libres y se convierte en una forma de retinol para combatir las manchas desde dentro hacia fuera.  \u00c1cido Pantot\u00e9nico: Se ha demostrado que reduce significativamente los brotes y las manchas en 12 semanas.  Como tomarlo: Toma 2 c\u00e1psulas con la comida, preferiblemente con tu rutina normal del cuidado de la piel.\" \/>\n<meta property=\"og:url\" content=\"https:\/\/surysaray.com\/producto\/skincapsule-clear\/\" \/>\n<meta property=\"og:site_name\" content=\"Sury Saray\" \/>\n<meta property=\"article:modified_time\" content=\"2024-04-23T17:43:36+00:00\" \/>\n<meta property=\"og:image\" content=\"https:\/\/surysaray.com\/wp-content\/uploads\/2024\/04\/clear.png\" \/>\n\t<meta property=\"og:image:width\" content=\"800\" \/>\n\t<meta property=\"og:image:height\" content=\"800\" \/>\n\t<meta property=\"og:image:type\" content=\"image\/png\" \/>\n<meta name=\"twitter:card\" content=\"summary_large_image\" \/>\n<script type=\"application\/ld+json\" class=\"yoast-schema-graph\">{\"@context\":\"https:\/\/schema.org\",\"@graph\":[{\"@type\":\"WebPage\",\"@id\":\"https:\/\/surysaray.com\/producto\/skincapsule-clear\/\",\"url\":\"https:\/\/surysaray.com\/producto\/skincapsule-clear\/\",\"name\":\"Skincapsule Clear+ (60capsules) - Sury Saray\",\"isPartOf\":{\"@id\":\"https:\/\/surysaray.com\/#website\"},\"datePublished\":\"2024-04-23T17:05:45+00:00\",\"dateModified\":\"2024-04-23T17:43:36+00:00\",\"breadcrumb\":{\"@id\":\"https:\/\/surysaray.com\/producto\/skincapsule-clear\/#breadcrumb\"},\"inLanguage\":\"de-DE\",\"potentialAction\":[{\"@type\":\"ReadAction\",\"target\":[\"https:\/\/surysaray.com\/producto\/skincapsule-clear\/\"]}]},{\"@type\":\"BreadcrumbList\",\"@id\":\"https:\/\/surysaray.com\/producto\/skincapsule-clear\/#breadcrumb\",\"itemListElement\":[{\"@type\":\"ListItem\",\"position\":1,\"name\":\"Portada\",\"item\":\"https:\/\/surysaray.com\/de\/\"},{\"@type\":\"ListItem\",\"position\":2,\"name\":\"Shop\",\"item\":\"https:\/\/surysaray.com\/de\/online-shop\/\"},{\"@type\":\"ListItem\",\"position\":3,\"name\":\"Skincapsule Clear+ (60capsules)\"}]},{\"@type\":\"WebSite\",\"@id\":\"https:\/\/surysaray.com\/#website\",\"url\":\"https:\/\/surysaray.com\/\",\"name\":\"Sury Saray\",\"description\":\"\",\"potentialAction\":[{\"@type\":\"SearchAction\",\"target\":{\"@type\":\"EntryPoint\",\"urlTemplate\":\"https:\/\/surysaray.com\/?s={search_term_string}\"},\"query-input\":\"required name=search_term_string\"}],\"inLanguage\":\"de-DE\"}]}<\/script>\n<!-- \/ Yoast SEO plugin. -->","yoast_head_json":{"title":"Skincapsule Clear+ (60capsules) - Sury Saray","robots":{"index":"noindex","follow":"follow"},"og_locale":"de_DE","og_type":"article","og_title":"Skincapsule Clear+ (60capsules) - Sury Saray","og_description":"ELIMINA LOS BROTES DE ACN\u00c9 Y LUCE UNA PIEL LIMPIA Y PERFECTA      Reduce la producci\u00f3n de grasa con una mezcla \u00fanica de zinc y c\u00farcuma.  Calma la piel irritada y propensa a los brotes.  Ayuda a eliminar las manchas y las imperfecciones de la piel.  Minimiza la inflamaci\u00f3n interna de la piel, reduciendo a su vez el enrojecimiento de la superficie.    &nbsp;   Vegano, a base de plantas.  Adecuado para mujeres y hombres.  Este suplemento equilibrante de la piel y anti granitos est\u00e1 formulado con ingredientes limpios, cl\u00ednicos y vegetales para ayudar a reducir la grasa que obstruye los poros, calmar la piel roja e inflamada y disminuir los brotes acneicos en la cara, el pecho, la espalda y otros lugares.  CLEAR+ es eficaz en todo tipo de brotes. Sin embargo, si tu acn\u00e9 es qu\u00edstico y requiere una prescripci\u00f3n para tratarlo mejor, es poco probable que CLEAR+ act\u00fae como sustituto de la medicaci\u00f3n.  Adecuado para adolescentes, sin embargo, es mejor que su m\u00e9dico revise los ingredientes de CLEAR+ y te d\u00e9 la aprobaci\u00f3n final.  Ingredientes principales:  C\u00farcuma: Las cualidades de la cu\u0301rcuma se dirigen a los poros y calman la piel.  Zinc: Se ha demostrado cli\u0301nicamente que reduce los brotes en un 60% y los comedones en un 23%.  Vitamina A: Un potente antioxidante que combate los radicales libres y se convierte en una forma de retinol para combatir las manchas desde dentro hacia fuera.  \u00c1cido Pantot\u00e9nico: Se ha demostrado que reduce significativamente los brotes y las manchas en 12 semanas.  Como tomarlo: Toma 2 c\u00e1psulas con la comida, preferiblemente con tu rutina normal del cuidado de la piel.","og_url":"https:\/\/surysaray.com\/producto\/skincapsule-clear\/","og_site_name":"Sury Saray","article_modified_time":"2024-04-23T17:43:36+00:00","og_image":[{"width":800,"height":800,"url":"https:\/\/surysaray.com\/wp-content\/uploads\/2024\/04\/clear.png","type":"image\/png"}],"twitter_card":"summary_large_image","schema":{"@context":"https:\/\/schema.org","@graph":[{"@type":"WebPage","@id":"https:\/\/surysaray.com\/producto\/skincapsule-clear\/","url":"https:\/\/surysaray.com\/producto\/skincapsule-clear\/","name":"Skincapsule Clear+ (60capsules) - Sury Saray","isPartOf":{"@id":"https:\/\/surysaray.com\/#website"},"datePublished":"2024-04-23T17:05:45+00:00","dateModified":"2024-04-23T17:43:36+00:00","breadcrumb":{"@id":"https:\/\/surysaray.com\/producto\/skincapsule-clear\/#breadcrumb"},"inLanguage":"de-DE","potentialAction":[{"@type":"ReadAction","target":["https:\/\/surysaray.com\/producto\/skincapsule-clear\/"]}]},{"@type":"BreadcrumbList","@id":"https:\/\/surysaray.com\/producto\/skincapsule-clear\/#breadcrumb","itemListElement":[{"@type":"ListItem","position":1,"name":"Portada","item":"https:\/\/surysaray.com\/de\/"},{"@type":"ListItem","position":2,"name":"Shop","item":"https:\/\/surysaray.com\/de\/online-shop\/"},{"@type":"ListItem","position":3,"name":"Skincapsule Clear+ (60capsules)"}]},{"@type":"WebSite","@id":"https:\/\/surysaray.com\/#website","url":"https:\/\/surysaray.com\/","name":"Sury Saray","description":"","potentialAction":[{"@type":"SearchAction","target":{"@type":"EntryPoint","urlTemplate":"https:\/\/surysaray.com\/?s={search_term_string}"},"query-input":"required name=search_term_string"}],"inLanguage":"de-DE"}]}},"_links":{"self":[{"href":"https:\/\/surysaray.com\/de\/wp-json\/wp\/v3\/product\/17282"}],"collection":[{"href":"https:\/\/surysaray.com\/de\/wp-json\/wp\/v3\/product"}],"about":[{"href":"https:\/\/surysaray.com\/de\/wp-json\/wp\/v2\/types\/product"}],"wp:featuredmedia":[{"embeddable":true,"href":"https:\/\/surysaray.com\/de\/wp-json\/wp\/v2\/media\/17285"}],"wp:attachment":[{"href":"https:\/\/surysaray.com\/de\/wp-json\/wp\/v2\/media?parent=17282"}],"wp:term":[{"taxonomy":"product_cat","embeddable":true,"href":"https:\/\/surysaray.com\/de\/wp-json\/wp\/v2\/product_cat?post=17282"},{"taxonomy":"product_tag","embeddable":true,"href":"https:\/\/surysaray.com\/de\/wp-json\/wp\/v2\/product_tag?post=17282"}],"curies":[{"name":"wp","href":"https:\/\/api.w.org\/{rel}","templated":true}]}}