{"id":17151,"date":"2024-03-22T19:31:47","date_gmt":"2024-03-22T18:31:47","guid":{"rendered":"https:\/\/surysaray.com\/?post_type=product&#038;p=17151"},"modified":"2025-05-29T11:37:43","modified_gmt":"2025-05-29T09:37:43","slug":"classic-body-sunscreen-guava-mango-spf50-148ml","status":"publish","type":"product","link":"https:\/\/surysaray.com\/de\/producto\/classic-body-sunscreen-guava-mango-spf50-148ml\/","title":{"rendered":"Classic Body Sunscreen Guava Mango SPF50 148ml"},"content":{"rendered":"","protected":false},"excerpt":{"rendered":"<p>Body Lotion SPF50 Guava Mango es un cl\u00e1sico codiciado, con una formulaci\u00f3n de protecci\u00f3n solar org\u00e1nica para el cuerpo. En esta oportunidad se ha creado una versi\u00f3n mejorada dise\u00f1ada para largos d\u00edas de actividad bajo el sol, que adem\u00e1s es suficientemente ligera para el uso diario. Cuenta con protecci\u00f3n UVA\/UVB de amplio espectro, es rica en antioxidantes y tiene una tecnolog\u00eda avanzada de oleosomas a base de plantas que optimiza el rendimiento de la f\u00f3rmula para una protecci\u00f3n fortificada que es incre\u00edblemente pura en la piel.<\/p>\n<p>Por si fuera poco, m\u00e1s del 70 % de sus ingredientes org\u00e1nicos son certificados, su protecci\u00f3n de amplio espectro SPF 50, es resistente al agua por aproximadamente 80 minutos, es ultra ligero hidrata y nutre. Es un producto dise\u00f1ado para largos d\u00edas de actividad bajo el sol, pero lo suficientemente ligero para el uso diario. Su tecnolog\u00eda de oleosomas de origen vegetal optimiza el rendimiento de nuestra f\u00f3rmula, el Plant Protection\u00ae es rico en antioxidantes lo que ayuda a combatir los radicales libres e hidrata y nutre la barrera de la piel, es vegano, no posee gluten, parabenos, octinoxatos ni oxibenzona.<\/p>\n<p>Modode uso:<\/p>\n<p>Aplicar generosamente 15 minutos antes de la exposici\u00f3n al sol. Vuelve a aplicar despu\u00e9s de 80 minutos de nadar o sudar, inmediatamente despu\u00e9s de secarte con una toalla y al menos cada dos horas.<\/p>\n","protected":false},"featured_media":17154,"template":"","meta":{"_joinchat":[]},"product_cat":[705,704,694,703],"product_tag":[],"yoast_head":"<!-- This site is optimized with the Yoast SEO plugin v20.2.1 - https:\/\/yoast.com\/wordpress\/plugins\/seo\/ -->\n<title>Classic Body Sunscreen Guava Mango SPF50 148ml - Sury Saray<\/title>\n<meta name=\"robots\" content=\"noindex, follow\" \/>\n<meta property=\"og:locale\" content=\"de_DE\" \/>\n<meta property=\"og:type\" content=\"article\" \/>\n<meta property=\"og:title\" content=\"Classic Body Sunscreen Guava Mango SPF50 148ml - Sury Saray\" \/>\n<meta property=\"og:description\" content=\"Body Lotion SPF50 Guava Mango es un cl\u00e1sico codiciado, con una formulaci\u00f3n de protecci\u00f3n solar org\u00e1nica para el cuerpo. En esta oportunidad se ha creado una versi\u00f3n mejorada dise\u00f1ada para largos d\u00edas de actividad bajo el sol, que adem\u00e1s es suficientemente ligera para el uso diario. Cuenta con protecci\u00f3n UVA\/UVB de amplio espectro, es rica en antioxidantes y tiene una tecnolog\u00eda avanzada de oleosomas a base de plantas que optimiza el rendimiento de la f\u00f3rmula para una protecci\u00f3n fortificada que es incre\u00edblemente pura en la piel.  Por si fuera poco, m\u00e1s del 70 % de sus ingredientes org\u00e1nicos son certificados, su protecci\u00f3n de amplio espectro SPF 50, es resistente al agua por aproximadamente 80 minutos, es ultra ligero hidrata y nutre. Es un producto dise\u00f1ado para largos d\u00edas de actividad bajo el sol, pero lo suficientemente ligero para el uso diario. Su tecnolog\u00eda de oleosomas de origen vegetal optimiza el rendimiento de nuestra f\u00f3rmula, el Plant Protection\u00ae es rico en antioxidantes lo que ayuda a combatir los radicales libres e hidrata y nutre la barrera de la piel, es vegano, no posee gluten, parabenos, octinoxatos ni oxibenzona.  Modode uso:  Aplicar generosamente 15 minutos antes de la exposici\u00f3n al sol. Vuelve a aplicar despu\u00e9s de 80 minutos de nadar o sudar, inmediatamente despu\u00e9s de secarte con una toalla y al menos cada dos horas.\" \/>\n<meta property=\"og:url\" content=\"https:\/\/surysaray.com\/producto\/classic-body-sunscreen-guava-mango-spf50-148ml\/\" \/>\n<meta property=\"og:site_name\" content=\"Sury Saray\" \/>\n<meta property=\"article:modified_time\" content=\"2025-05-29T09:37:43+00:00\" \/>\n<meta property=\"og:image\" content=\"https:\/\/surysaray.com\/wp-content\/uploads\/2024\/03\/CLASSIC-BODY-GUAVA-MANGO-SPF50.png\" \/>\n\t<meta property=\"og:image:width\" content=\"800\" \/>\n\t<meta property=\"og:image:height\" content=\"800\" \/>\n\t<meta property=\"og:image:type\" content=\"image\/png\" \/>\n<meta name=\"twitter:card\" content=\"summary_large_image\" \/>\n<script type=\"application\/ld+json\" class=\"yoast-schema-graph\">{\"@context\":\"https:\/\/schema.org\",\"@graph\":[{\"@type\":\"WebPage\",\"@id\":\"https:\/\/surysaray.com\/producto\/classic-body-sunscreen-guava-mango-spf50-148ml\/\",\"url\":\"https:\/\/surysaray.com\/producto\/classic-body-sunscreen-guava-mango-spf50-148ml\/\",\"name\":\"Classic Body Sunscreen Guava Mango SPF50 148ml - Sury Saray\",\"isPartOf\":{\"@id\":\"https:\/\/surysaray.com\/#website\"},\"datePublished\":\"2024-03-22T18:31:47+00:00\",\"dateModified\":\"2025-05-29T09:37:43+00:00\",\"breadcrumb\":{\"@id\":\"https:\/\/surysaray.com\/producto\/classic-body-sunscreen-guava-mango-spf50-148ml\/#breadcrumb\"},\"inLanguage\":\"de-DE\",\"potentialAction\":[{\"@type\":\"ReadAction\",\"target\":[\"https:\/\/surysaray.com\/producto\/classic-body-sunscreen-guava-mango-spf50-148ml\/\"]}]},{\"@type\":\"BreadcrumbList\",\"@id\":\"https:\/\/surysaray.com\/producto\/classic-body-sunscreen-guava-mango-spf50-148ml\/#breadcrumb\",\"itemListElement\":[{\"@type\":\"ListItem\",\"position\":1,\"name\":\"Portada\",\"item\":\"https:\/\/surysaray.com\/de\/\"},{\"@type\":\"ListItem\",\"position\":2,\"name\":\"Shop\",\"item\":\"https:\/\/surysaray.com\/de\/online-shop\/\"},{\"@type\":\"ListItem\",\"position\":3,\"name\":\"Classic Body Sunscreen Guava Mango SPF50 148ml\"}]},{\"@type\":\"WebSite\",\"@id\":\"https:\/\/surysaray.com\/#website\",\"url\":\"https:\/\/surysaray.com\/\",\"name\":\"Sury Saray\",\"description\":\"\",\"potentialAction\":[{\"@type\":\"SearchAction\",\"target\":{\"@type\":\"EntryPoint\",\"urlTemplate\":\"https:\/\/surysaray.com\/?s={search_term_string}\"},\"query-input\":\"required name=search_term_string\"}],\"inLanguage\":\"de-DE\"}]}<\/script>\n<!-- \/ Yoast SEO plugin. -->","yoast_head_json":{"title":"Classic Body Sunscreen Guava Mango SPF50 148ml - Sury Saray","robots":{"index":"noindex","follow":"follow"},"og_locale":"de_DE","og_type":"article","og_title":"Classic Body Sunscreen Guava Mango SPF50 148ml - Sury Saray","og_description":"Body Lotion SPF50 Guava Mango es un cl\u00e1sico codiciado, con una formulaci\u00f3n de protecci\u00f3n solar org\u00e1nica para el cuerpo. En esta oportunidad se ha creado una versi\u00f3n mejorada dise\u00f1ada para largos d\u00edas de actividad bajo el sol, que adem\u00e1s es suficientemente ligera para el uso diario. Cuenta con protecci\u00f3n UVA\/UVB de amplio espectro, es rica en antioxidantes y tiene una tecnolog\u00eda avanzada de oleosomas a base de plantas que optimiza el rendimiento de la f\u00f3rmula para una protecci\u00f3n fortificada que es incre\u00edblemente pura en la piel.  Por si fuera poco, m\u00e1s del 70 % de sus ingredientes org\u00e1nicos son certificados, su protecci\u00f3n de amplio espectro SPF 50, es resistente al agua por aproximadamente 80 minutos, es ultra ligero hidrata y nutre. Es un producto dise\u00f1ado para largos d\u00edas de actividad bajo el sol, pero lo suficientemente ligero para el uso diario. Su tecnolog\u00eda de oleosomas de origen vegetal optimiza el rendimiento de nuestra f\u00f3rmula, el Plant Protection\u00ae es rico en antioxidantes lo que ayuda a combatir los radicales libres e hidrata y nutre la barrera de la piel, es vegano, no posee gluten, parabenos, octinoxatos ni oxibenzona.  Modode uso:  Aplicar generosamente 15 minutos antes de la exposici\u00f3n al sol. Vuelve a aplicar despu\u00e9s de 80 minutos de nadar o sudar, inmediatamente despu\u00e9s de secarte con una toalla y al menos cada dos horas.","og_url":"https:\/\/surysaray.com\/producto\/classic-body-sunscreen-guava-mango-spf50-148ml\/","og_site_name":"Sury Saray","article_modified_time":"2025-05-29T09:37:43+00:00","og_image":[{"width":800,"height":800,"url":"https:\/\/surysaray.com\/wp-content\/uploads\/2024\/03\/CLASSIC-BODY-GUAVA-MANGO-SPF50.png","type":"image\/png"}],"twitter_card":"summary_large_image","schema":{"@context":"https:\/\/schema.org","@graph":[{"@type":"WebPage","@id":"https:\/\/surysaray.com\/producto\/classic-body-sunscreen-guava-mango-spf50-148ml\/","url":"https:\/\/surysaray.com\/producto\/classic-body-sunscreen-guava-mango-spf50-148ml\/","name":"Classic Body Sunscreen Guava Mango SPF50 148ml - Sury Saray","isPartOf":{"@id":"https:\/\/surysaray.com\/#website"},"datePublished":"2024-03-22T18:31:47+00:00","dateModified":"2025-05-29T09:37:43+00:00","breadcrumb":{"@id":"https:\/\/surysaray.com\/producto\/classic-body-sunscreen-guava-mango-spf50-148ml\/#breadcrumb"},"inLanguage":"de-DE","potentialAction":[{"@type":"ReadAction","target":["https:\/\/surysaray.com\/producto\/classic-body-sunscreen-guava-mango-spf50-148ml\/"]}]},{"@type":"BreadcrumbList","@id":"https:\/\/surysaray.com\/producto\/classic-body-sunscreen-guava-mango-spf50-148ml\/#breadcrumb","itemListElement":[{"@type":"ListItem","position":1,"name":"Portada","item":"https:\/\/surysaray.com\/de\/"},{"@type":"ListItem","position":2,"name":"Shop","item":"https:\/\/surysaray.com\/de\/online-shop\/"},{"@type":"ListItem","position":3,"name":"Classic Body Sunscreen Guava Mango SPF50 148ml"}]},{"@type":"WebSite","@id":"https:\/\/surysaray.com\/#website","url":"https:\/\/surysaray.com\/","name":"Sury Saray","description":"","potentialAction":[{"@type":"SearchAction","target":{"@type":"EntryPoint","urlTemplate":"https:\/\/surysaray.com\/?s={search_term_string}"},"query-input":"required name=search_term_string"}],"inLanguage":"de-DE"}]}},"_links":{"self":[{"href":"https:\/\/surysaray.com\/de\/wp-json\/wp\/v3\/product\/17151"}],"collection":[{"href":"https:\/\/surysaray.com\/de\/wp-json\/wp\/v3\/product"}],"about":[{"href":"https:\/\/surysaray.com\/de\/wp-json\/wp\/v2\/types\/product"}],"wp:featuredmedia":[{"embeddable":true,"href":"https:\/\/surysaray.com\/de\/wp-json\/wp\/v2\/media\/17154"}],"wp:attachment":[{"href":"https:\/\/surysaray.com\/de\/wp-json\/wp\/v2\/media?parent=17151"}],"wp:term":[{"taxonomy":"product_cat","embeddable":true,"href":"https:\/\/surysaray.com\/de\/wp-json\/wp\/v2\/product_cat?post=17151"},{"taxonomy":"product_tag","embeddable":true,"href":"https:\/\/surysaray.com\/de\/wp-json\/wp\/v2\/product_tag?post=17151"}],"curies":[{"name":"wp","href":"https:\/\/api.w.org\/{rel}","templated":true}]}}