{"id":17127,"date":"2024-03-22T17:30:50","date_gmt":"2024-03-22T16:30:50","guid":{"rendered":"https:\/\/surysaray.com\/producto\/classic-face-sunscreen-cucumber-spf30-50ml\/"},"modified":"2024-03-25T10:11:05","modified_gmt":"2024-03-25T09:11:05","slug":"classic-face-sunscreen-cucumber-spf30-50ml","status":"publish","type":"product","link":"https:\/\/surysaray.com\/de\/producto\/classic-face-sunscreen-cucumber-spf30-50ml\/","title":{"rendered":"Classic Face Sunscreen Cucumber SPF30 50ml"},"content":{"rendered":"","protected":false},"excerpt":{"rendered":"<p>Este protector contiene una f\u00f3rmula Farm to Face la que consta de un protector solar y un humectante en uno, el cual brinda una protecci\u00f3n UVA\/UVB de amplio espectro mientras hidrata la piel. Formulado con el Complejo de Protecci\u00f3n de Plantas rico en antioxidantes, este protector solar para el rostro sin fragancia proporciona una protecci\u00f3n ligera como el aire que es sorprendente por s\u00ed solo o se aplica perfectamente debajo del maquillaje.<\/p>\n<p>&#8211; Protecci\u00f3n UVA\/UVB de amplio espectro SPF 30<br \/>\n&#8211; 40 minutos de resistencia al agua<br \/>\n&#8211; Aroma natural a pepino<br \/>\n&#8211; Probado por dermat\u00f3logos<br \/>\n&#8211; De la Huerta al Rostro<br \/>\n&#8211; Vegano<br \/>\n&#8211; Sin gluten<br \/>\n&#8211; Sin oxibenzona ni octinoxato<\/p>\n<p>Modo de uso:<\/p>\n<p>Aplicar generosamente 15 minutos antes de la exposici\u00f3n al sol. Vuelve a aplicar despu\u00e9s de 40 minutos de nadar o sudar, inmediatamente despu\u00e9s de secarte con una toalla y al menos cada dos horas.<\/p>\n","protected":false},"featured_media":17122,"template":"","meta":{"_joinchat":[]},"product_cat":[705,704,694,703],"product_tag":[],"yoast_head":"<!-- This site is optimized with the Yoast SEO plugin v20.2.1 - https:\/\/yoast.com\/wordpress\/plugins\/seo\/ -->\n<title>Classic Face Sunscreen Cucumber SPF30 50ml - Sury Saray<\/title>\n<meta name=\"robots\" content=\"noindex, follow\" \/>\n<meta property=\"og:locale\" content=\"de_DE\" \/>\n<meta property=\"og:type\" content=\"article\" \/>\n<meta property=\"og:title\" content=\"Classic Face Sunscreen Cucumber SPF30 50ml - Sury Saray\" \/>\n<meta property=\"og:description\" content=\"Este protector contiene una f\u00f3rmula Farm to Face la que consta de un protector solar y un humectante en uno, el cual brinda una protecci\u00f3n UVA\/UVB de amplio espectro mientras hidrata la piel. Formulado con el Complejo de Protecci\u00f3n de Plantas rico en antioxidantes, este protector solar para el rostro sin fragancia proporciona una protecci\u00f3n ligera como el aire que es sorprendente por s\u00ed solo o se aplica perfectamente debajo del maquillaje.  - Protecci\u00f3n UVA\/UVB de amplio espectro SPF 30 - 40 minutos de resistencia al agua - Aroma natural a pepino - Probado por dermat\u00f3logos - De la Huerta al Rostro - Vegano - Sin gluten - Sin oxibenzona ni octinoxato  Modo de uso:  Aplicar generosamente 15 minutos antes de la exposici\u00f3n al sol. Vuelve a aplicar despu\u00e9s de 40 minutos de nadar o sudar, inmediatamente despu\u00e9s de secarte con una toalla y al menos cada dos horas.\" \/>\n<meta property=\"og:url\" content=\"https:\/\/surysaray.com\/de\/producto\/classic-face-sunscreen-cucumber-spf30-50ml\/\" \/>\n<meta property=\"og:site_name\" content=\"Sury Saray\" \/>\n<meta property=\"article:modified_time\" content=\"2024-03-25T09:11:05+00:00\" \/>\n<meta property=\"og:image\" content=\"https:\/\/surysaray.com\/wp-content\/uploads\/2024\/03\/SACE-CUCUMBER-SPF30.png\" \/>\n\t<meta property=\"og:image:width\" content=\"800\" \/>\n\t<meta property=\"og:image:height\" content=\"800\" \/>\n\t<meta property=\"og:image:type\" content=\"image\/png\" \/>\n<meta name=\"twitter:card\" content=\"summary_large_image\" \/>\n<script type=\"application\/ld+json\" class=\"yoast-schema-graph\">{\"@context\":\"https:\/\/schema.org\",\"@graph\":[{\"@type\":\"WebPage\",\"@id\":\"https:\/\/surysaray.com\/de\/producto\/classic-face-sunscreen-cucumber-spf30-50ml\/\",\"url\":\"https:\/\/surysaray.com\/de\/producto\/classic-face-sunscreen-cucumber-spf30-50ml\/\",\"name\":\"Classic Face Sunscreen Cucumber SPF30 50ml - Sury Saray\",\"isPartOf\":{\"@id\":\"https:\/\/surysaray.com\/#website\"},\"datePublished\":\"2024-03-22T16:30:50+00:00\",\"dateModified\":\"2024-03-25T09:11:05+00:00\",\"breadcrumb\":{\"@id\":\"https:\/\/surysaray.com\/de\/producto\/classic-face-sunscreen-cucumber-spf30-50ml\/#breadcrumb\"},\"inLanguage\":\"de-DE\",\"potentialAction\":[{\"@type\":\"ReadAction\",\"target\":[\"https:\/\/surysaray.com\/de\/producto\/classic-face-sunscreen-cucumber-spf30-50ml\/\"]}]},{\"@type\":\"BreadcrumbList\",\"@id\":\"https:\/\/surysaray.com\/de\/producto\/classic-face-sunscreen-cucumber-spf30-50ml\/#breadcrumb\",\"itemListElement\":[{\"@type\":\"ListItem\",\"position\":1,\"name\":\"Portada\",\"item\":\"https:\/\/surysaray.com\/de\/\"},{\"@type\":\"ListItem\",\"position\":2,\"name\":\"Shop\",\"item\":\"https:\/\/surysaray.com\/de\/online-shop\/\"},{\"@type\":\"ListItem\",\"position\":3,\"name\":\"Classic Face Sunscreen Cucumber SPF30 50ml\"}]},{\"@type\":\"WebSite\",\"@id\":\"https:\/\/surysaray.com\/#website\",\"url\":\"https:\/\/surysaray.com\/\",\"name\":\"Sury Saray\",\"description\":\"\",\"potentialAction\":[{\"@type\":\"SearchAction\",\"target\":{\"@type\":\"EntryPoint\",\"urlTemplate\":\"https:\/\/surysaray.com\/?s={search_term_string}\"},\"query-input\":\"required name=search_term_string\"}],\"inLanguage\":\"de-DE\"}]}<\/script>\n<!-- \/ Yoast SEO plugin. -->","yoast_head_json":{"title":"Classic Face Sunscreen Cucumber SPF30 50ml - Sury Saray","robots":{"index":"noindex","follow":"follow"},"og_locale":"de_DE","og_type":"article","og_title":"Classic Face Sunscreen Cucumber SPF30 50ml - Sury Saray","og_description":"Este protector contiene una f\u00f3rmula Farm to Face la que consta de un protector solar y un humectante en uno, el cual brinda una protecci\u00f3n UVA\/UVB de amplio espectro mientras hidrata la piel. Formulado con el Complejo de Protecci\u00f3n de Plantas rico en antioxidantes, este protector solar para el rostro sin fragancia proporciona una protecci\u00f3n ligera como el aire que es sorprendente por s\u00ed solo o se aplica perfectamente debajo del maquillaje.  - Protecci\u00f3n UVA\/UVB de amplio espectro SPF 30 - 40 minutos de resistencia al agua - Aroma natural a pepino - Probado por dermat\u00f3logos - De la Huerta al Rostro - Vegano - Sin gluten - Sin oxibenzona ni octinoxato  Modo de uso:  Aplicar generosamente 15 minutos antes de la exposici\u00f3n al sol. Vuelve a aplicar despu\u00e9s de 40 minutos de nadar o sudar, inmediatamente despu\u00e9s de secarte con una toalla y al menos cada dos horas.","og_url":"https:\/\/surysaray.com\/de\/producto\/classic-face-sunscreen-cucumber-spf30-50ml\/","og_site_name":"Sury Saray","article_modified_time":"2024-03-25T09:11:05+00:00","og_image":[{"width":800,"height":800,"url":"https:\/\/surysaray.com\/wp-content\/uploads\/2024\/03\/SACE-CUCUMBER-SPF30.png","type":"image\/png"}],"twitter_card":"summary_large_image","schema":{"@context":"https:\/\/schema.org","@graph":[{"@type":"WebPage","@id":"https:\/\/surysaray.com\/de\/producto\/classic-face-sunscreen-cucumber-spf30-50ml\/","url":"https:\/\/surysaray.com\/de\/producto\/classic-face-sunscreen-cucumber-spf30-50ml\/","name":"Classic Face Sunscreen Cucumber SPF30 50ml - Sury Saray","isPartOf":{"@id":"https:\/\/surysaray.com\/#website"},"datePublished":"2024-03-22T16:30:50+00:00","dateModified":"2024-03-25T09:11:05+00:00","breadcrumb":{"@id":"https:\/\/surysaray.com\/de\/producto\/classic-face-sunscreen-cucumber-spf30-50ml\/#breadcrumb"},"inLanguage":"de-DE","potentialAction":[{"@type":"ReadAction","target":["https:\/\/surysaray.com\/de\/producto\/classic-face-sunscreen-cucumber-spf30-50ml\/"]}]},{"@type":"BreadcrumbList","@id":"https:\/\/surysaray.com\/de\/producto\/classic-face-sunscreen-cucumber-spf30-50ml\/#breadcrumb","itemListElement":[{"@type":"ListItem","position":1,"name":"Portada","item":"https:\/\/surysaray.com\/de\/"},{"@type":"ListItem","position":2,"name":"Shop","item":"https:\/\/surysaray.com\/de\/online-shop\/"},{"@type":"ListItem","position":3,"name":"Classic Face Sunscreen Cucumber SPF30 50ml"}]},{"@type":"WebSite","@id":"https:\/\/surysaray.com\/#website","url":"https:\/\/surysaray.com\/","name":"Sury Saray","description":"","potentialAction":[{"@type":"SearchAction","target":{"@type":"EntryPoint","urlTemplate":"https:\/\/surysaray.com\/?s={search_term_string}"},"query-input":"required name=search_term_string"}],"inLanguage":"de-DE"}]}},"_links":{"self":[{"href":"https:\/\/surysaray.com\/de\/wp-json\/wp\/v3\/product\/17127"}],"collection":[{"href":"https:\/\/surysaray.com\/de\/wp-json\/wp\/v3\/product"}],"about":[{"href":"https:\/\/surysaray.com\/de\/wp-json\/wp\/v2\/types\/product"}],"wp:featuredmedia":[{"embeddable":true,"href":"https:\/\/surysaray.com\/de\/wp-json\/wp\/v2\/media\/17122"}],"wp:attachment":[{"href":"https:\/\/surysaray.com\/de\/wp-json\/wp\/v2\/media?parent=17127"}],"wp:term":[{"taxonomy":"product_cat","embeddable":true,"href":"https:\/\/surysaray.com\/de\/wp-json\/wp\/v2\/product_cat?post=17127"},{"taxonomy":"product_tag","embeddable":true,"href":"https:\/\/surysaray.com\/de\/wp-json\/wp\/v2\/product_tag?post=17127"}],"curies":[{"name":"wp","href":"https:\/\/api.w.org\/{rel}","templated":true}]}}