{"id":17098,"date":"2020-09-21T11:58:14","date_gmt":"2020-09-21T09:58:14","guid":{"rendered":"https:\/\/surysaray.com\/producto\/coola-classic-sunscreen-spray-tropical-coconut-spf30\/"},"modified":"2024-03-22T17:09:35","modified_gmt":"2024-03-22T16:09:35","slug":"coola-classic-sunscreen-spray-tropical-coconut-spf30","status":"publish","type":"product","link":"https:\/\/surysaray.com\/de\/producto\/coola-classic-sunscreen-spray-tropical-coconut-spf30\/","title":{"rendered":"Classic Sunscreen Spray Tropical Coconut SPF30 177ml"},"content":{"rendered":"","protected":false},"excerpt":{"rendered":"<p><span lang=\"es\">Protector solar para el cuerpo en aerosol tanto para d\u00edas de larga exposici\u00f3n al sol y lo suficientemente ligero para el uso diario. Compuesto por un Complejo protector de plantas antioxidantes que ayuda a combatir los radicales libres y nutrir la piel.<\/span><\/p>\n<ul>\n<li>SPF 30UVA\/UVB Resistente al agua ( 80 minutos)<\/li>\n<li>Para todo tipo de piel incluso sensibles, de f\u00e1cil absorci\u00f3n.<\/li>\n<li>Fragancia natural tropical a coco.<\/li>\n<li>Vegano, sin parabenos y protege los arrecifes de Haw\u00e1i.<\/li>\n<li>Hipoalerg\u00e9nico.<\/li>\n<\/ul>\n<p><strong>APLICACI\u00d3N<\/strong><\/p>\n<p>Aplicar generosamente 15 minutos antes de la exposici\u00f3n al sol. Vuelve a aplicar despu\u00e9s de 80 minutos de nadar o sudar, inmediatamente despu\u00e9s de secarte con una toalla y al menos cada dos horas.<\/p>\n","protected":false},"featured_media":14745,"template":"","meta":{"_joinchat":[]},"product_cat":[705,698,694,706],"product_tag":[],"yoast_head":"<!-- This site is optimized with the Yoast SEO plugin v20.2.1 - https:\/\/yoast.com\/wordpress\/plugins\/seo\/ -->\n<title>Classic Sunscreen Spray Tropical Coconut SPF30 177ml - Sury Saray<\/title>\n<meta name=\"robots\" content=\"noindex, follow\" \/>\n<meta property=\"og:locale\" content=\"de_DE\" \/>\n<meta property=\"og:type\" content=\"article\" \/>\n<meta property=\"og:title\" content=\"Classic Sunscreen Spray Tropical Coconut SPF30 177ml - Sury Saray\" \/>\n<meta property=\"og:description\" content=\"Protector solar para el cuerpo en aerosol tanto para d\u00edas de larga exposici\u00f3n al sol y lo suficientemente ligero para el uso diario. Compuesto por un Complejo protector de plantas antioxidantes que ayuda a combatir los radicales libres y nutrir la piel.   SPF 30UVA\/UVB Resistente al agua ( 80 minutos)  Para todo tipo de piel incluso sensibles, de f\u00e1cil absorci\u00f3n.  Fragancia natural tropical a coco.  Vegano, sin parabenos y protege los arrecifes de Haw\u00e1i.  Hipoalerg\u00e9nico.  APLICACI\u00d3N  Aplicar generosamente 15 minutos antes de la exposici\u00f3n al sol. Vuelve a aplicar despu\u00e9s de 80 minutos de nadar o sudar, inmediatamente despu\u00e9s de secarte con una toalla y al menos cada dos horas.\" \/>\n<meta property=\"og:url\" content=\"https:\/\/surysaray.com\/de\/producto\/coola-classic-sunscreen-spray-tropical-coconut-spf30\/\" \/>\n<meta property=\"og:site_name\" content=\"Sury Saray\" \/>\n<meta property=\"article:modified_time\" content=\"2024-03-22T16:09:35+00:00\" \/>\n<meta property=\"og:image\" content=\"https:\/\/surysaray.com\/wp-content\/uploads\/2020\/09\/SPRAY-COCO.png\" \/>\n\t<meta property=\"og:image:width\" content=\"800\" \/>\n\t<meta property=\"og:image:height\" content=\"800\" \/>\n\t<meta property=\"og:image:type\" content=\"image\/png\" \/>\n<meta name=\"twitter:card\" content=\"summary_large_image\" \/>\n<script type=\"application\/ld+json\" class=\"yoast-schema-graph\">{\"@context\":\"https:\/\/schema.org\",\"@graph\":[{\"@type\":\"WebPage\",\"@id\":\"https:\/\/surysaray.com\/de\/producto\/coola-classic-sunscreen-spray-tropical-coconut-spf30\/\",\"url\":\"https:\/\/surysaray.com\/de\/producto\/coola-classic-sunscreen-spray-tropical-coconut-spf30\/\",\"name\":\"Classic Sunscreen Spray Tropical Coconut SPF30 177ml - Sury Saray\",\"isPartOf\":{\"@id\":\"https:\/\/surysaray.com\/#website\"},\"datePublished\":\"2020-09-21T09:58:14+00:00\",\"dateModified\":\"2024-03-22T16:09:35+00:00\",\"breadcrumb\":{\"@id\":\"https:\/\/surysaray.com\/de\/producto\/coola-classic-sunscreen-spray-tropical-coconut-spf30\/#breadcrumb\"},\"inLanguage\":\"de-DE\",\"potentialAction\":[{\"@type\":\"ReadAction\",\"target\":[\"https:\/\/surysaray.com\/de\/producto\/coola-classic-sunscreen-spray-tropical-coconut-spf30\/\"]}]},{\"@type\":\"BreadcrumbList\",\"@id\":\"https:\/\/surysaray.com\/de\/producto\/coola-classic-sunscreen-spray-tropical-coconut-spf30\/#breadcrumb\",\"itemListElement\":[{\"@type\":\"ListItem\",\"position\":1,\"name\":\"Portada\",\"item\":\"https:\/\/surysaray.com\/de\/\"},{\"@type\":\"ListItem\",\"position\":2,\"name\":\"Shop\",\"item\":\"https:\/\/surysaray.com\/de\/online-shop\/\"},{\"@type\":\"ListItem\",\"position\":3,\"name\":\"Classic Sunscreen Spray Tropical Coconut SPF30 177ml\"}]},{\"@type\":\"WebSite\",\"@id\":\"https:\/\/surysaray.com\/#website\",\"url\":\"https:\/\/surysaray.com\/\",\"name\":\"Sury Saray\",\"description\":\"\",\"potentialAction\":[{\"@type\":\"SearchAction\",\"target\":{\"@type\":\"EntryPoint\",\"urlTemplate\":\"https:\/\/surysaray.com\/?s={search_term_string}\"},\"query-input\":\"required name=search_term_string\"}],\"inLanguage\":\"de-DE\"}]}<\/script>\n<!-- \/ Yoast SEO plugin. -->","yoast_head_json":{"title":"Classic Sunscreen Spray Tropical Coconut SPF30 177ml - Sury Saray","robots":{"index":"noindex","follow":"follow"},"og_locale":"de_DE","og_type":"article","og_title":"Classic Sunscreen Spray Tropical Coconut SPF30 177ml - Sury Saray","og_description":"Protector solar para el cuerpo en aerosol tanto para d\u00edas de larga exposici\u00f3n al sol y lo suficientemente ligero para el uso diario. Compuesto por un Complejo protector de plantas antioxidantes que ayuda a combatir los radicales libres y nutrir la piel.   SPF 30UVA\/UVB Resistente al agua ( 80 minutos)  Para todo tipo de piel incluso sensibles, de f\u00e1cil absorci\u00f3n.  Fragancia natural tropical a coco.  Vegano, sin parabenos y protege los arrecifes de Haw\u00e1i.  Hipoalerg\u00e9nico.  APLICACI\u00d3N  Aplicar generosamente 15 minutos antes de la exposici\u00f3n al sol. Vuelve a aplicar despu\u00e9s de 80 minutos de nadar o sudar, inmediatamente despu\u00e9s de secarte con una toalla y al menos cada dos horas.","og_url":"https:\/\/surysaray.com\/de\/producto\/coola-classic-sunscreen-spray-tropical-coconut-spf30\/","og_site_name":"Sury Saray","article_modified_time":"2024-03-22T16:09:35+00:00","og_image":[{"width":800,"height":800,"url":"https:\/\/surysaray.com\/wp-content\/uploads\/2020\/09\/SPRAY-COCO.png","type":"image\/png"}],"twitter_card":"summary_large_image","schema":{"@context":"https:\/\/schema.org","@graph":[{"@type":"WebPage","@id":"https:\/\/surysaray.com\/de\/producto\/coola-classic-sunscreen-spray-tropical-coconut-spf30\/","url":"https:\/\/surysaray.com\/de\/producto\/coola-classic-sunscreen-spray-tropical-coconut-spf30\/","name":"Classic Sunscreen Spray Tropical Coconut SPF30 177ml - Sury Saray","isPartOf":{"@id":"https:\/\/surysaray.com\/#website"},"datePublished":"2020-09-21T09:58:14+00:00","dateModified":"2024-03-22T16:09:35+00:00","breadcrumb":{"@id":"https:\/\/surysaray.com\/de\/producto\/coola-classic-sunscreen-spray-tropical-coconut-spf30\/#breadcrumb"},"inLanguage":"de-DE","potentialAction":[{"@type":"ReadAction","target":["https:\/\/surysaray.com\/de\/producto\/coola-classic-sunscreen-spray-tropical-coconut-spf30\/"]}]},{"@type":"BreadcrumbList","@id":"https:\/\/surysaray.com\/de\/producto\/coola-classic-sunscreen-spray-tropical-coconut-spf30\/#breadcrumb","itemListElement":[{"@type":"ListItem","position":1,"name":"Portada","item":"https:\/\/surysaray.com\/de\/"},{"@type":"ListItem","position":2,"name":"Shop","item":"https:\/\/surysaray.com\/de\/online-shop\/"},{"@type":"ListItem","position":3,"name":"Classic Sunscreen Spray Tropical Coconut SPF30 177ml"}]},{"@type":"WebSite","@id":"https:\/\/surysaray.com\/#website","url":"https:\/\/surysaray.com\/","name":"Sury Saray","description":"","potentialAction":[{"@type":"SearchAction","target":{"@type":"EntryPoint","urlTemplate":"https:\/\/surysaray.com\/?s={search_term_string}"},"query-input":"required name=search_term_string"}],"inLanguage":"de-DE"}]}},"_links":{"self":[{"href":"https:\/\/surysaray.com\/de\/wp-json\/wp\/v3\/product\/17098"}],"collection":[{"href":"https:\/\/surysaray.com\/de\/wp-json\/wp\/v3\/product"}],"about":[{"href":"https:\/\/surysaray.com\/de\/wp-json\/wp\/v2\/types\/product"}],"wp:featuredmedia":[{"embeddable":true,"href":"https:\/\/surysaray.com\/de\/wp-json\/wp\/v2\/media\/14745"}],"wp:attachment":[{"href":"https:\/\/surysaray.com\/de\/wp-json\/wp\/v2\/media?parent=17098"}],"wp:term":[{"taxonomy":"product_cat","embeddable":true,"href":"https:\/\/surysaray.com\/de\/wp-json\/wp\/v2\/product_cat?post=17098"},{"taxonomy":"product_tag","embeddable":true,"href":"https:\/\/surysaray.com\/de\/wp-json\/wp\/v2\/product_tag?post=17098"}],"curies":[{"name":"wp","href":"https:\/\/api.w.org\/{rel}","templated":true}]}}