{"id":17096,"date":"2020-09-21T15:04:00","date_gmt":"2020-09-21T13:04:00","guid":{"rendered":"https:\/\/surysaray.com\/producto\/classic-sunscreen-sport-spf-50-white-tea-50-ml\/"},"modified":"2025-05-29T11:33:02","modified_gmt":"2025-05-29T09:33:02","slug":"classic-sunscreen-sport-spf-50-white-tea-50-ml","status":"publish","type":"product","link":"https:\/\/surysaray.com\/de\/producto\/classic-sunscreen-sport-spf-50-white-tea-50-ml\/","title":{"rendered":"Classic Face Sunscreen White Tea SPF50 50ml"},"content":{"rendered":"","protected":false},"excerpt":{"rendered":"<p>Protector solar facial de base natural y org\u00e1nica\u00a0 SPF 50 que se adapta a la piel sensible sin causar irritaci\u00f3n o brotes. Formulado con un Complejo de protecci\u00f3n de plantas rico en antioxidantes.<\/p>\n<ul>\n<li>SPF 50 Resistente al agua ( 80 minutos)<\/li>\n<li>Textura ligera que hidrata durante todo el d\u00eda, perfecta base de maquillaje.<\/li>\n<li>Fragancia natural de T\u00e9 blanco.<\/li>\n<li>Vegano, sin gluten ni parabenos. Protege los arrecifes de Haw\u00e1i.<\/li>\n<li>Tubos reciclables extra\u00eddos de la ca\u00f1a de az\u00facar.<\/li>\n<li>Todo tipo de piel incluso sensibles.<\/li>\n<\/ul>\n<p><b>Modo de uso:<\/b><\/p>\n<p>Aplicar generosamente 15 minutos antes de la exposici\u00f3n al sol. Vuelve a aplicar despu\u00e9s de 80 minutos de nadar o sudar, inmediatamente despu\u00e9s de secarte con una toalla y al menos cada dos horas.<\/p>\n","protected":false},"featured_media":14735,"template":"","meta":{"_joinchat":[]},"product_cat":[705,704,694,703],"product_tag":[],"yoast_head":"<!-- This site is optimized with the Yoast SEO plugin v20.2.1 - https:\/\/yoast.com\/wordpress\/plugins\/seo\/ -->\n<title>Classic Face Sunscreen White Tea SPF50 50ml - Sury Saray<\/title>\n<meta name=\"robots\" content=\"noindex, follow\" \/>\n<meta property=\"og:locale\" content=\"de_DE\" \/>\n<meta property=\"og:type\" content=\"article\" \/>\n<meta property=\"og:title\" content=\"Classic Face Sunscreen White Tea SPF50 50ml - Sury Saray\" \/>\n<meta property=\"og:description\" content=\"Protector solar facial de base natural y org\u00e1nica\u00a0 SPF 50 que se adapta a la piel sensible sin causar irritaci\u00f3n o brotes. Formulado con un Complejo de protecci\u00f3n de plantas rico en antioxidantes.   SPF 50 Resistente al agua ( 80 minutos)  Textura ligera que hidrata durante todo el d\u00eda, perfecta base de maquillaje.  Fragancia natural de T\u00e9 blanco.  Vegano, sin gluten ni parabenos. Protege los arrecifes de Haw\u00e1i.  Tubos reciclables extra\u00eddos de la ca\u00f1a de az\u00facar.  Todo tipo de piel incluso sensibles.  Modo de uso:  Aplicar generosamente 15 minutos antes de la exposici\u00f3n al sol. Vuelve a aplicar despu\u00e9s de 80 minutos de nadar o sudar, inmediatamente despu\u00e9s de secarte con una toalla y al menos cada dos horas.\" \/>\n<meta property=\"og:url\" content=\"https:\/\/surysaray.com\/producto\/classic-sunscreen-sport-spf-50-white-tea-50-ml\/\" \/>\n<meta property=\"og:site_name\" content=\"Sury Saray\" \/>\n<meta property=\"article:modified_time\" content=\"2025-05-29T09:33:02+00:00\" \/>\n<meta property=\"og:image\" content=\"https:\/\/surysaray.com\/wp-content\/uploads\/2020\/09\/FACE-WHITE-TEA.png\" \/>\n\t<meta property=\"og:image:width\" content=\"800\" \/>\n\t<meta property=\"og:image:height\" content=\"800\" \/>\n\t<meta property=\"og:image:type\" content=\"image\/png\" \/>\n<meta name=\"twitter:card\" content=\"summary_large_image\" \/>\n<script type=\"application\/ld+json\" class=\"yoast-schema-graph\">{\"@context\":\"https:\/\/schema.org\",\"@graph\":[{\"@type\":\"WebPage\",\"@id\":\"https:\/\/surysaray.com\/producto\/classic-sunscreen-sport-spf-50-white-tea-50-ml\/\",\"url\":\"https:\/\/surysaray.com\/producto\/classic-sunscreen-sport-spf-50-white-tea-50-ml\/\",\"name\":\"Classic Face Sunscreen White Tea SPF50 50ml - Sury Saray\",\"isPartOf\":{\"@id\":\"https:\/\/surysaray.com\/#website\"},\"datePublished\":\"2020-09-21T13:04:00+00:00\",\"dateModified\":\"2025-05-29T09:33:02+00:00\",\"breadcrumb\":{\"@id\":\"https:\/\/surysaray.com\/producto\/classic-sunscreen-sport-spf-50-white-tea-50-ml\/#breadcrumb\"},\"inLanguage\":\"de-DE\",\"potentialAction\":[{\"@type\":\"ReadAction\",\"target\":[\"https:\/\/surysaray.com\/producto\/classic-sunscreen-sport-spf-50-white-tea-50-ml\/\"]}]},{\"@type\":\"BreadcrumbList\",\"@id\":\"https:\/\/surysaray.com\/producto\/classic-sunscreen-sport-spf-50-white-tea-50-ml\/#breadcrumb\",\"itemListElement\":[{\"@type\":\"ListItem\",\"position\":1,\"name\":\"Portada\",\"item\":\"https:\/\/surysaray.com\/de\/\"},{\"@type\":\"ListItem\",\"position\":2,\"name\":\"Shop\",\"item\":\"https:\/\/surysaray.com\/de\/online-shop\/\"},{\"@type\":\"ListItem\",\"position\":3,\"name\":\"Classic Face Sunscreen White Tea SPF50 50ml\"}]},{\"@type\":\"WebSite\",\"@id\":\"https:\/\/surysaray.com\/#website\",\"url\":\"https:\/\/surysaray.com\/\",\"name\":\"Sury Saray\",\"description\":\"\",\"potentialAction\":[{\"@type\":\"SearchAction\",\"target\":{\"@type\":\"EntryPoint\",\"urlTemplate\":\"https:\/\/surysaray.com\/?s={search_term_string}\"},\"query-input\":\"required name=search_term_string\"}],\"inLanguage\":\"de-DE\"}]}<\/script>\n<!-- \/ Yoast SEO plugin. -->","yoast_head_json":{"title":"Classic Face Sunscreen White Tea SPF50 50ml - Sury Saray","robots":{"index":"noindex","follow":"follow"},"og_locale":"de_DE","og_type":"article","og_title":"Classic Face Sunscreen White Tea SPF50 50ml - Sury Saray","og_description":"Protector solar facial de base natural y org\u00e1nica\u00a0 SPF 50 que se adapta a la piel sensible sin causar irritaci\u00f3n o brotes. Formulado con un Complejo de protecci\u00f3n de plantas rico en antioxidantes.   SPF 50 Resistente al agua ( 80 minutos)  Textura ligera que hidrata durante todo el d\u00eda, perfecta base de maquillaje.  Fragancia natural de T\u00e9 blanco.  Vegano, sin gluten ni parabenos. Protege los arrecifes de Haw\u00e1i.  Tubos reciclables extra\u00eddos de la ca\u00f1a de az\u00facar.  Todo tipo de piel incluso sensibles.  Modo de uso:  Aplicar generosamente 15 minutos antes de la exposici\u00f3n al sol. Vuelve a aplicar despu\u00e9s de 80 minutos de nadar o sudar, inmediatamente despu\u00e9s de secarte con una toalla y al menos cada dos horas.","og_url":"https:\/\/surysaray.com\/producto\/classic-sunscreen-sport-spf-50-white-tea-50-ml\/","og_site_name":"Sury Saray","article_modified_time":"2025-05-29T09:33:02+00:00","og_image":[{"width":800,"height":800,"url":"https:\/\/surysaray.com\/wp-content\/uploads\/2020\/09\/FACE-WHITE-TEA.png","type":"image\/png"}],"twitter_card":"summary_large_image","schema":{"@context":"https:\/\/schema.org","@graph":[{"@type":"WebPage","@id":"https:\/\/surysaray.com\/producto\/classic-sunscreen-sport-spf-50-white-tea-50-ml\/","url":"https:\/\/surysaray.com\/producto\/classic-sunscreen-sport-spf-50-white-tea-50-ml\/","name":"Classic Face Sunscreen White Tea SPF50 50ml - Sury Saray","isPartOf":{"@id":"https:\/\/surysaray.com\/#website"},"datePublished":"2020-09-21T13:04:00+00:00","dateModified":"2025-05-29T09:33:02+00:00","breadcrumb":{"@id":"https:\/\/surysaray.com\/producto\/classic-sunscreen-sport-spf-50-white-tea-50-ml\/#breadcrumb"},"inLanguage":"de-DE","potentialAction":[{"@type":"ReadAction","target":["https:\/\/surysaray.com\/producto\/classic-sunscreen-sport-spf-50-white-tea-50-ml\/"]}]},{"@type":"BreadcrumbList","@id":"https:\/\/surysaray.com\/producto\/classic-sunscreen-sport-spf-50-white-tea-50-ml\/#breadcrumb","itemListElement":[{"@type":"ListItem","position":1,"name":"Portada","item":"https:\/\/surysaray.com\/de\/"},{"@type":"ListItem","position":2,"name":"Shop","item":"https:\/\/surysaray.com\/de\/online-shop\/"},{"@type":"ListItem","position":3,"name":"Classic Face Sunscreen White Tea SPF50 50ml"}]},{"@type":"WebSite","@id":"https:\/\/surysaray.com\/#website","url":"https:\/\/surysaray.com\/","name":"Sury Saray","description":"","potentialAction":[{"@type":"SearchAction","target":{"@type":"EntryPoint","urlTemplate":"https:\/\/surysaray.com\/?s={search_term_string}"},"query-input":"required name=search_term_string"}],"inLanguage":"de-DE"}]}},"_links":{"self":[{"href":"https:\/\/surysaray.com\/de\/wp-json\/wp\/v3\/product\/17096"}],"collection":[{"href":"https:\/\/surysaray.com\/de\/wp-json\/wp\/v3\/product"}],"about":[{"href":"https:\/\/surysaray.com\/de\/wp-json\/wp\/v2\/types\/product"}],"wp:featuredmedia":[{"embeddable":true,"href":"https:\/\/surysaray.com\/de\/wp-json\/wp\/v2\/media\/14735"}],"wp:attachment":[{"href":"https:\/\/surysaray.com\/de\/wp-json\/wp\/v2\/media?parent=17096"}],"wp:term":[{"taxonomy":"product_cat","embeddable":true,"href":"https:\/\/surysaray.com\/de\/wp-json\/wp\/v2\/product_cat?post=17096"},{"taxonomy":"product_tag","embeddable":true,"href":"https:\/\/surysaray.com\/de\/wp-json\/wp\/v2\/product_tag?post=17096"}],"curies":[{"name":"wp","href":"https:\/\/api.w.org\/{rel}","templated":true}]}}