{"id":17092,"date":"2020-09-25T12:08:48","date_gmt":"2020-09-25T10:08:48","guid":{"rendered":"https:\/\/surysaray.com\/producto\/coola-classic-face-sunscreen-fragance-free-spf50\/"},"modified":"2024-03-22T16:57:59","modified_gmt":"2024-03-22T15:57:59","slug":"coola-classic-face-sunscreen-fragance-free-spf50","status":"publish","type":"product","link":"https:\/\/surysaray.com\/de\/producto\/coola-classic-face-sunscreen-fragance-free-spf50\/","title":{"rendered":"Classic Face Sunscreen Fragance-Free SPF50 50ml"},"content":{"rendered":"","protected":false},"excerpt":{"rendered":"<p id=\"tw-target-text\" class=\"tw-data-text tw-text-large XcVN5d tw-ta\" dir=\"ltr\" data-placeholder=\"Traducci\u00f3n\"><span lang=\"es\">Proteja y refuerce las defensas de su piel con el protector solar facial invisible SPF 50. Adecuado para todo tipo de piel, incluso sensible, esta f\u00f3rmula ligera y refrescante crea un escudo invisible adem\u00e1s de aportarnos hidrataci\u00f3n. Compuesto por un Complejo protector de plantas antioxidantes.<\/span><\/p>\n<p class=\"tw-data-text tw-text-large XcVN5d tw-ta\" dir=\"ltr\" data-placeholder=\"Traducci\u00f3n\"><span lang=\"es\">&#8211; Protecci\u00f3n UVA\/UVB de amplio espectro SPF 50<br \/>\n&#8211; 80 minutos de resistencia al agua<br \/>\n&#8211; Sin perfume<br \/>\n&#8211; Probado por dermat\u00f3logos<br \/>\n&#8211; De la Huerta al Rostro &#8211; Vegano<br \/>\n&#8211; Sin gluten<\/span><\/p>\n<p class=\"tw-data-text tw-text-large XcVN5d tw-ta\" dir=\"ltr\" data-placeholder=\"Traducci\u00f3n\"><span lang=\"es\"><br \/>\n<\/span><span lang=\"es\"><strong>Modo de uso:<\/strong><\/span><\/p>\n<p id=\"tw-target-text\" class=\"tw-data-text tw-text-large XcVN5d tw-ta\" dir=\"ltr\" data-placeholder=\"Traducci\u00f3n\">Aplicar generosamente 15 minutos antes de la exposici\u00f3n al sol. Vuelve a aplicar despu\u00e9s de 80 minutos de nadar o sudar, inmediatamente despu\u00e9s de secarte con una toalla y al menos cada dos horas.<\/p>\n","protected":false},"featured_media":14738,"template":"","meta":{"_joinchat":[]},"product_cat":[705,704,703],"product_tag":[],"yoast_head":"<!-- This site is optimized with the Yoast SEO plugin v20.2.1 - https:\/\/yoast.com\/wordpress\/plugins\/seo\/ -->\n<title>Classic Face Sunscreen Fragance-Free SPF50 50ml - Sury Saray<\/title>\n<meta name=\"robots\" content=\"noindex, follow\" \/>\n<meta property=\"og:locale\" content=\"de_DE\" \/>\n<meta property=\"og:type\" content=\"article\" \/>\n<meta property=\"og:title\" content=\"Classic Face Sunscreen Fragance-Free SPF50 50ml - Sury Saray\" \/>\n<meta property=\"og:description\" content=\"Proteja y refuerce las defensas de su piel con el protector solar facial invisible SPF 50. Adecuado para todo tipo de piel, incluso sensible, esta f\u00f3rmula ligera y refrescante crea un escudo invisible adem\u00e1s de aportarnos hidrataci\u00f3n. Compuesto por un Complejo protector de plantas antioxidantes. - Protecci\u00f3n UVA\/UVB de amplio espectro SPF 50 - 80 minutos de resistencia al agua - Sin perfume - Probado por dermat\u00f3logos - De la Huerta al Rostro - Vegano - Sin gluten  Modo de uso: Aplicar generosamente 15 minutos antes de la exposici\u00f3n al sol. Vuelve a aplicar despu\u00e9s de 80 minutos de nadar o sudar, inmediatamente despu\u00e9s de secarte con una toalla y al menos cada dos horas.\" \/>\n<meta property=\"og:url\" content=\"https:\/\/surysaray.com\/de\/producto\/coola-classic-face-sunscreen-fragance-free-spf50\/\" \/>\n<meta property=\"og:site_name\" content=\"Sury Saray\" \/>\n<meta property=\"article:modified_time\" content=\"2024-03-22T15:57:59+00:00\" \/>\n<meta property=\"og:image\" content=\"https:\/\/surysaray.com\/wp-content\/uploads\/2020\/09\/FACE-SIN-FRAGANCIA.png\" \/>\n\t<meta property=\"og:image:width\" content=\"800\" \/>\n\t<meta property=\"og:image:height\" content=\"800\" \/>\n\t<meta property=\"og:image:type\" content=\"image\/png\" \/>\n<meta name=\"twitter:card\" content=\"summary_large_image\" \/>\n<script type=\"application\/ld+json\" class=\"yoast-schema-graph\">{\"@context\":\"https:\/\/schema.org\",\"@graph\":[{\"@type\":\"WebPage\",\"@id\":\"https:\/\/surysaray.com\/de\/producto\/coola-classic-face-sunscreen-fragance-free-spf50\/\",\"url\":\"https:\/\/surysaray.com\/de\/producto\/coola-classic-face-sunscreen-fragance-free-spf50\/\",\"name\":\"Classic Face Sunscreen Fragance-Free SPF50 50ml - Sury Saray\",\"isPartOf\":{\"@id\":\"https:\/\/surysaray.com\/#website\"},\"datePublished\":\"2020-09-25T10:08:48+00:00\",\"dateModified\":\"2024-03-22T15:57:59+00:00\",\"breadcrumb\":{\"@id\":\"https:\/\/surysaray.com\/de\/producto\/coola-classic-face-sunscreen-fragance-free-spf50\/#breadcrumb\"},\"inLanguage\":\"de-DE\",\"potentialAction\":[{\"@type\":\"ReadAction\",\"target\":[\"https:\/\/surysaray.com\/de\/producto\/coola-classic-face-sunscreen-fragance-free-spf50\/\"]}]},{\"@type\":\"BreadcrumbList\",\"@id\":\"https:\/\/surysaray.com\/de\/producto\/coola-classic-face-sunscreen-fragance-free-spf50\/#breadcrumb\",\"itemListElement\":[{\"@type\":\"ListItem\",\"position\":1,\"name\":\"Portada\",\"item\":\"https:\/\/surysaray.com\/de\/\"},{\"@type\":\"ListItem\",\"position\":2,\"name\":\"Shop\",\"item\":\"https:\/\/surysaray.com\/de\/online-shop\/\"},{\"@type\":\"ListItem\",\"position\":3,\"name\":\"Classic Face Sunscreen Fragance-Free SPF50 50ml\"}]},{\"@type\":\"WebSite\",\"@id\":\"https:\/\/surysaray.com\/#website\",\"url\":\"https:\/\/surysaray.com\/\",\"name\":\"Sury Saray\",\"description\":\"\",\"potentialAction\":[{\"@type\":\"SearchAction\",\"target\":{\"@type\":\"EntryPoint\",\"urlTemplate\":\"https:\/\/surysaray.com\/?s={search_term_string}\"},\"query-input\":\"required name=search_term_string\"}],\"inLanguage\":\"de-DE\"}]}<\/script>\n<!-- \/ Yoast SEO plugin. -->","yoast_head_json":{"title":"Classic Face Sunscreen Fragance-Free SPF50 50ml - Sury Saray","robots":{"index":"noindex","follow":"follow"},"og_locale":"de_DE","og_type":"article","og_title":"Classic Face Sunscreen Fragance-Free SPF50 50ml - Sury Saray","og_description":"Proteja y refuerce las defensas de su piel con el protector solar facial invisible SPF 50. Adecuado para todo tipo de piel, incluso sensible, esta f\u00f3rmula ligera y refrescante crea un escudo invisible adem\u00e1s de aportarnos hidrataci\u00f3n. Compuesto por un Complejo protector de plantas antioxidantes. - Protecci\u00f3n UVA\/UVB de amplio espectro SPF 50 - 80 minutos de resistencia al agua - Sin perfume - Probado por dermat\u00f3logos - De la Huerta al Rostro - Vegano - Sin gluten  Modo de uso: Aplicar generosamente 15 minutos antes de la exposici\u00f3n al sol. Vuelve a aplicar despu\u00e9s de 80 minutos de nadar o sudar, inmediatamente despu\u00e9s de secarte con una toalla y al menos cada dos horas.","og_url":"https:\/\/surysaray.com\/de\/producto\/coola-classic-face-sunscreen-fragance-free-spf50\/","og_site_name":"Sury Saray","article_modified_time":"2024-03-22T15:57:59+00:00","og_image":[{"width":800,"height":800,"url":"https:\/\/surysaray.com\/wp-content\/uploads\/2020\/09\/FACE-SIN-FRAGANCIA.png","type":"image\/png"}],"twitter_card":"summary_large_image","schema":{"@context":"https:\/\/schema.org","@graph":[{"@type":"WebPage","@id":"https:\/\/surysaray.com\/de\/producto\/coola-classic-face-sunscreen-fragance-free-spf50\/","url":"https:\/\/surysaray.com\/de\/producto\/coola-classic-face-sunscreen-fragance-free-spf50\/","name":"Classic Face Sunscreen Fragance-Free SPF50 50ml - Sury Saray","isPartOf":{"@id":"https:\/\/surysaray.com\/#website"},"datePublished":"2020-09-25T10:08:48+00:00","dateModified":"2024-03-22T15:57:59+00:00","breadcrumb":{"@id":"https:\/\/surysaray.com\/de\/producto\/coola-classic-face-sunscreen-fragance-free-spf50\/#breadcrumb"},"inLanguage":"de-DE","potentialAction":[{"@type":"ReadAction","target":["https:\/\/surysaray.com\/de\/producto\/coola-classic-face-sunscreen-fragance-free-spf50\/"]}]},{"@type":"BreadcrumbList","@id":"https:\/\/surysaray.com\/de\/producto\/coola-classic-face-sunscreen-fragance-free-spf50\/#breadcrumb","itemListElement":[{"@type":"ListItem","position":1,"name":"Portada","item":"https:\/\/surysaray.com\/de\/"},{"@type":"ListItem","position":2,"name":"Shop","item":"https:\/\/surysaray.com\/de\/online-shop\/"},{"@type":"ListItem","position":3,"name":"Classic Face Sunscreen Fragance-Free SPF50 50ml"}]},{"@type":"WebSite","@id":"https:\/\/surysaray.com\/#website","url":"https:\/\/surysaray.com\/","name":"Sury Saray","description":"","potentialAction":[{"@type":"SearchAction","target":{"@type":"EntryPoint","urlTemplate":"https:\/\/surysaray.com\/?s={search_term_string}"},"query-input":"required name=search_term_string"}],"inLanguage":"de-DE"}]}},"_links":{"self":[{"href":"https:\/\/surysaray.com\/de\/wp-json\/wp\/v3\/product\/17092"}],"collection":[{"href":"https:\/\/surysaray.com\/de\/wp-json\/wp\/v3\/product"}],"about":[{"href":"https:\/\/surysaray.com\/de\/wp-json\/wp\/v2\/types\/product"}],"wp:featuredmedia":[{"embeddable":true,"href":"https:\/\/surysaray.com\/de\/wp-json\/wp\/v2\/media\/14738"}],"wp:attachment":[{"href":"https:\/\/surysaray.com\/de\/wp-json\/wp\/v2\/media?parent=17092"}],"wp:term":[{"taxonomy":"product_cat","embeddable":true,"href":"https:\/\/surysaray.com\/de\/wp-json\/wp\/v2\/product_cat?post=17092"},{"taxonomy":"product_tag","embeddable":true,"href":"https:\/\/surysaray.com\/de\/wp-json\/wp\/v2\/product_tag?post=17092"}],"curies":[{"name":"wp","href":"https:\/\/api.w.org\/{rel}","templated":true}]}}