{"id":17077,"date":"2024-03-22T13:38:52","date_gmt":"2024-03-22T12:38:52","guid":{"rendered":"https:\/\/surysaray.com\/?post_type=product&#038;p=17077"},"modified":"2024-03-22T14:56:20","modified_gmt":"2024-03-22T13:56:20","slug":"serovance-barrita-de-cacao-con-cobertura-de-chocolate-negro-5-nidades","status":"publish","type":"product","link":"https:\/\/surysaray.com\/de\/producto\/serovance-barrita-de-cacao-con-cobertura-de-chocolate-negro-5-nidades\/","title":{"rendered":"Serovance Barrita de Cacao con cobertura de Chocolate Negro ( 5 nidades)"},"content":{"rendered":"","protected":false},"excerpt":{"rendered":"<p>Suave barrita de chocolate recubierta con chocolate negro.<\/p>\n<p>Ideal para comer por la tarde &#8211; noche por su aporte controlado de Tript\u00f3fano.<\/p>\n<p>Fundamental para la saciedad y la correcta regulaci\u00f3n del sue\u00f1o.<\/p>\n<p><strong>Barrita de Cacao con cobertura de Chocolate con maltitol, fuente de tript\u00f3fano y vitamina A, D, E, C, B1, B2, B3, B5, B6, B9, B12 y B8.<\/strong><\/p>\n<p>\u2022 Alto contenido de prote\u00ednas<br \/>\n\u2022 Alto contenido de fibra<br \/>\n\u2022 Bajo contenido de az\u00facar<br \/>\n\u2022 Fuente de vitaminas A, D, E, C, B1, B2, B3, B5, B6, B9, B12 y B8.<\/p>\n","protected":false},"featured_media":17080,"template":"","meta":{"_joinchat":[]},"product_cat":[698,694,702,699,697],"product_tag":[],"yoast_head":"<!-- This site is optimized with the Yoast SEO plugin v20.2.1 - https:\/\/yoast.com\/wordpress\/plugins\/seo\/ -->\n<title>Serovance Barrita de Cacao con cobertura de Chocolate Negro ( 5 nidades) - Sury Saray<\/title>\n<meta name=\"robots\" content=\"noindex, follow\" \/>\n<meta property=\"og:locale\" content=\"de_DE\" \/>\n<meta property=\"og:type\" content=\"article\" \/>\n<meta property=\"og:title\" content=\"Serovance Barrita de Cacao con cobertura de Chocolate Negro ( 5 nidades) - Sury Saray\" \/>\n<meta property=\"og:description\" content=\"Suave barrita de chocolate recubierta con chocolate negro.  Ideal para comer por la tarde - noche por su aporte controlado de Tript\u00f3fano.  Fundamental para la saciedad y la correcta regulaci\u00f3n del sue\u00f1o.  Barrita de Cacao con cobertura de Chocolate con maltitol, fuente de tript\u00f3fano y vitamina A, D, E, C, B1, B2, B3, B5, B6, B9, B12 y B8.  \u2022 Alto contenido de prote\u00ednas \u2022 Alto contenido de fibra \u2022 Bajo contenido de az\u00facar \u2022 Fuente de vitaminas A, D, E, C, B1, B2, B3, B5, B6, B9, B12 y B8.\" \/>\n<meta property=\"og:url\" content=\"https:\/\/surysaray.com\/de\/producto\/serovance-barrita-de-cacao-con-cobertura-de-chocolate-negro-5-nidades\/\" \/>\n<meta property=\"og:site_name\" content=\"Sury Saray\" \/>\n<meta property=\"article:modified_time\" content=\"2024-03-22T13:56:20+00:00\" \/>\n<meta property=\"og:image\" content=\"https:\/\/surysaray.com\/wp-content\/uploads\/2024\/03\/barritas-choco-negro.png\" \/>\n\t<meta property=\"og:image:width\" content=\"800\" \/>\n\t<meta property=\"og:image:height\" content=\"800\" \/>\n\t<meta property=\"og:image:type\" content=\"image\/png\" \/>\n<meta name=\"twitter:card\" content=\"summary_large_image\" \/>\n<script type=\"application\/ld+json\" class=\"yoast-schema-graph\">{\"@context\":\"https:\/\/schema.org\",\"@graph\":[{\"@type\":\"WebPage\",\"@id\":\"https:\/\/surysaray.com\/de\/producto\/serovance-barrita-de-cacao-con-cobertura-de-chocolate-negro-5-nidades\/\",\"url\":\"https:\/\/surysaray.com\/de\/producto\/serovance-barrita-de-cacao-con-cobertura-de-chocolate-negro-5-nidades\/\",\"name\":\"Serovance Barrita de Cacao con cobertura de Chocolate Negro ( 5 nidades) - Sury Saray\",\"isPartOf\":{\"@id\":\"https:\/\/surysaray.com\/#website\"},\"datePublished\":\"2024-03-22T12:38:52+00:00\",\"dateModified\":\"2024-03-22T13:56:20+00:00\",\"breadcrumb\":{\"@id\":\"https:\/\/surysaray.com\/de\/producto\/serovance-barrita-de-cacao-con-cobertura-de-chocolate-negro-5-nidades\/#breadcrumb\"},\"inLanguage\":\"de-DE\",\"potentialAction\":[{\"@type\":\"ReadAction\",\"target\":[\"https:\/\/surysaray.com\/de\/producto\/serovance-barrita-de-cacao-con-cobertura-de-chocolate-negro-5-nidades\/\"]}]},{\"@type\":\"BreadcrumbList\",\"@id\":\"https:\/\/surysaray.com\/de\/producto\/serovance-barrita-de-cacao-con-cobertura-de-chocolate-negro-5-nidades\/#breadcrumb\",\"itemListElement\":[{\"@type\":\"ListItem\",\"position\":1,\"name\":\"Portada\",\"item\":\"https:\/\/surysaray.com\/de\/\"},{\"@type\":\"ListItem\",\"position\":2,\"name\":\"Shop\",\"item\":\"https:\/\/surysaray.com\/de\/online-shop\/\"},{\"@type\":\"ListItem\",\"position\":3,\"name\":\"Serovance Barrita de Cacao con cobertura de Chocolate Negro ( 5 nidades)\"}]},{\"@type\":\"WebSite\",\"@id\":\"https:\/\/surysaray.com\/#website\",\"url\":\"https:\/\/surysaray.com\/\",\"name\":\"Sury Saray\",\"description\":\"\",\"potentialAction\":[{\"@type\":\"SearchAction\",\"target\":{\"@type\":\"EntryPoint\",\"urlTemplate\":\"https:\/\/surysaray.com\/?s={search_term_string}\"},\"query-input\":\"required name=search_term_string\"}],\"inLanguage\":\"de-DE\"}]}<\/script>\n<!-- \/ Yoast SEO plugin. -->","yoast_head_json":{"title":"Serovance Barrita de Cacao con cobertura de Chocolate Negro ( 5 nidades) - Sury Saray","robots":{"index":"noindex","follow":"follow"},"og_locale":"de_DE","og_type":"article","og_title":"Serovance Barrita de Cacao con cobertura de Chocolate Negro ( 5 nidades) - Sury Saray","og_description":"Suave barrita de chocolate recubierta con chocolate negro.  Ideal para comer por la tarde - noche por su aporte controlado de Tript\u00f3fano.  Fundamental para la saciedad y la correcta regulaci\u00f3n del sue\u00f1o.  Barrita de Cacao con cobertura de Chocolate con maltitol, fuente de tript\u00f3fano y vitamina A, D, E, C, B1, B2, B3, B5, B6, B9, B12 y B8.  \u2022 Alto contenido de prote\u00ednas \u2022 Alto contenido de fibra \u2022 Bajo contenido de az\u00facar \u2022 Fuente de vitaminas A, D, E, C, B1, B2, B3, B5, B6, B9, B12 y B8.","og_url":"https:\/\/surysaray.com\/de\/producto\/serovance-barrita-de-cacao-con-cobertura-de-chocolate-negro-5-nidades\/","og_site_name":"Sury Saray","article_modified_time":"2024-03-22T13:56:20+00:00","og_image":[{"width":800,"height":800,"url":"https:\/\/surysaray.com\/wp-content\/uploads\/2024\/03\/barritas-choco-negro.png","type":"image\/png"}],"twitter_card":"summary_large_image","schema":{"@context":"https:\/\/schema.org","@graph":[{"@type":"WebPage","@id":"https:\/\/surysaray.com\/de\/producto\/serovance-barrita-de-cacao-con-cobertura-de-chocolate-negro-5-nidades\/","url":"https:\/\/surysaray.com\/de\/producto\/serovance-barrita-de-cacao-con-cobertura-de-chocolate-negro-5-nidades\/","name":"Serovance Barrita de Cacao con cobertura de Chocolate Negro ( 5 nidades) - Sury Saray","isPartOf":{"@id":"https:\/\/surysaray.com\/#website"},"datePublished":"2024-03-22T12:38:52+00:00","dateModified":"2024-03-22T13:56:20+00:00","breadcrumb":{"@id":"https:\/\/surysaray.com\/de\/producto\/serovance-barrita-de-cacao-con-cobertura-de-chocolate-negro-5-nidades\/#breadcrumb"},"inLanguage":"de-DE","potentialAction":[{"@type":"ReadAction","target":["https:\/\/surysaray.com\/de\/producto\/serovance-barrita-de-cacao-con-cobertura-de-chocolate-negro-5-nidades\/"]}]},{"@type":"BreadcrumbList","@id":"https:\/\/surysaray.com\/de\/producto\/serovance-barrita-de-cacao-con-cobertura-de-chocolate-negro-5-nidades\/#breadcrumb","itemListElement":[{"@type":"ListItem","position":1,"name":"Portada","item":"https:\/\/surysaray.com\/de\/"},{"@type":"ListItem","position":2,"name":"Shop","item":"https:\/\/surysaray.com\/de\/online-shop\/"},{"@type":"ListItem","position":3,"name":"Serovance Barrita de Cacao con cobertura de Chocolate Negro ( 5 nidades)"}]},{"@type":"WebSite","@id":"https:\/\/surysaray.com\/#website","url":"https:\/\/surysaray.com\/","name":"Sury Saray","description":"","potentialAction":[{"@type":"SearchAction","target":{"@type":"EntryPoint","urlTemplate":"https:\/\/surysaray.com\/?s={search_term_string}"},"query-input":"required name=search_term_string"}],"inLanguage":"de-DE"}]}},"_links":{"self":[{"href":"https:\/\/surysaray.com\/de\/wp-json\/wp\/v3\/product\/17077"}],"collection":[{"href":"https:\/\/surysaray.com\/de\/wp-json\/wp\/v3\/product"}],"about":[{"href":"https:\/\/surysaray.com\/de\/wp-json\/wp\/v2\/types\/product"}],"wp:featuredmedia":[{"embeddable":true,"href":"https:\/\/surysaray.com\/de\/wp-json\/wp\/v2\/media\/17080"}],"wp:attachment":[{"href":"https:\/\/surysaray.com\/de\/wp-json\/wp\/v2\/media?parent=17077"}],"wp:term":[{"taxonomy":"product_cat","embeddable":true,"href":"https:\/\/surysaray.com\/de\/wp-json\/wp\/v2\/product_cat?post=17077"},{"taxonomy":"product_tag","embeddable":true,"href":"https:\/\/surysaray.com\/de\/wp-json\/wp\/v2\/product_tag?post=17077"}],"curies":[{"name":"wp","href":"https:\/\/api.w.org\/{rel}","templated":true}]}}