{"id":17075,"date":"2024-03-22T13:36:32","date_gmt":"2024-03-22T12:36:32","guid":{"rendered":"https:\/\/surysaray.com\/?post_type=product&#038;p=17075"},"modified":"2024-03-22T14:59:48","modified_gmt":"2024-03-22T13:59:48","slug":"serovance-plumcake-de-naranja-con-base-de-chocolate-5-unidades","status":"publish","type":"product","link":"https:\/\/surysaray.com\/de\/producto\/serovance-plumcake-de-naranja-con-base-de-chocolate-5-unidades\/","title":{"rendered":"Serovance Plumcake de Naranja con base de Chocolate ( 5 unidades)"},"content":{"rendered":"","protected":false},"excerpt":{"rendered":"<p>Esponjoso bizcocho sabor naranja con base de chocolate.<\/p>\n<p>Ideal para comer por la tarde &#8211; noche por su aporte controlado de Tript\u00f3fano.<\/p>\n<p>Fundamental para la saciedad y la correcta regulaci\u00f3n del sue\u00f1o.<\/p>\n<p><strong>Preparaci\u00f3n alimenticia en forma de plumcake sabor naranja con base de chocolate con maltitol, fuente de tript\u00f3fano.<\/strong><br \/>\nCon edulcorante. Sin gluten.<\/p>\n<p>\u2022 Alto contenido de prote\u00ednas<br \/>\n\u2022 Alto contenido de fibra<br \/>\n\u2022 Bajo contenido de az\u00facar<\/p>\n","protected":false},"featured_media":17083,"template":"","meta":{"_joinchat":[]},"product_cat":[698,694,702,699,697],"product_tag":[],"yoast_head":"<!-- This site is optimized with the Yoast SEO plugin v20.2.1 - https:\/\/yoast.com\/wordpress\/plugins\/seo\/ -->\n<title>Serovance Plumcake de Naranja con base de Chocolate ( 5 unidades) - Sury Saray<\/title>\n<meta name=\"robots\" content=\"noindex, follow\" \/>\n<meta property=\"og:locale\" content=\"de_DE\" \/>\n<meta property=\"og:type\" content=\"article\" \/>\n<meta property=\"og:title\" content=\"Serovance Plumcake de Naranja con base de Chocolate ( 5 unidades) - Sury Saray\" \/>\n<meta property=\"og:description\" content=\"Esponjoso bizcocho sabor naranja con base de chocolate.  Ideal para comer por la tarde - noche por su aporte controlado de Tript\u00f3fano.  Fundamental para la saciedad y la correcta regulaci\u00f3n del sue\u00f1o.  Preparaci\u00f3n alimenticia en forma de plumcake sabor naranja con base de chocolate con maltitol, fuente de tript\u00f3fano. Con edulcorante. Sin gluten.  \u2022 Alto contenido de prote\u00ednas \u2022 Alto contenido de fibra \u2022 Bajo contenido de az\u00facar\" \/>\n<meta property=\"og:url\" content=\"https:\/\/surysaray.com\/de\/producto\/serovance-plumcake-de-naranja-con-base-de-chocolate-5-unidades\/\" \/>\n<meta property=\"og:site_name\" content=\"Sury Saray\" \/>\n<meta property=\"article:modified_time\" content=\"2024-03-22T13:59:48+00:00\" \/>\n<meta property=\"og:image\" content=\"https:\/\/surysaray.com\/wp-content\/uploads\/2024\/03\/plumcak.png\" \/>\n\t<meta property=\"og:image:width\" content=\"800\" \/>\n\t<meta property=\"og:image:height\" content=\"800\" \/>\n\t<meta property=\"og:image:type\" content=\"image\/png\" \/>\n<meta name=\"twitter:card\" content=\"summary_large_image\" \/>\n<script type=\"application\/ld+json\" class=\"yoast-schema-graph\">{\"@context\":\"https:\/\/schema.org\",\"@graph\":[{\"@type\":\"WebPage\",\"@id\":\"https:\/\/surysaray.com\/de\/producto\/serovance-plumcake-de-naranja-con-base-de-chocolate-5-unidades\/\",\"url\":\"https:\/\/surysaray.com\/de\/producto\/serovance-plumcake-de-naranja-con-base-de-chocolate-5-unidades\/\",\"name\":\"Serovance Plumcake de Naranja con base de Chocolate ( 5 unidades) - Sury Saray\",\"isPartOf\":{\"@id\":\"https:\/\/surysaray.com\/#website\"},\"datePublished\":\"2024-03-22T12:36:32+00:00\",\"dateModified\":\"2024-03-22T13:59:48+00:00\",\"breadcrumb\":{\"@id\":\"https:\/\/surysaray.com\/de\/producto\/serovance-plumcake-de-naranja-con-base-de-chocolate-5-unidades\/#breadcrumb\"},\"inLanguage\":\"de-DE\",\"potentialAction\":[{\"@type\":\"ReadAction\",\"target\":[\"https:\/\/surysaray.com\/de\/producto\/serovance-plumcake-de-naranja-con-base-de-chocolate-5-unidades\/\"]}]},{\"@type\":\"BreadcrumbList\",\"@id\":\"https:\/\/surysaray.com\/de\/producto\/serovance-plumcake-de-naranja-con-base-de-chocolate-5-unidades\/#breadcrumb\",\"itemListElement\":[{\"@type\":\"ListItem\",\"position\":1,\"name\":\"Portada\",\"item\":\"https:\/\/surysaray.com\/de\/\"},{\"@type\":\"ListItem\",\"position\":2,\"name\":\"Shop\",\"item\":\"https:\/\/surysaray.com\/de\/online-shop\/\"},{\"@type\":\"ListItem\",\"position\":3,\"name\":\"Serovance Plumcake de Naranja con base de Chocolate ( 5 unidades)\"}]},{\"@type\":\"WebSite\",\"@id\":\"https:\/\/surysaray.com\/#website\",\"url\":\"https:\/\/surysaray.com\/\",\"name\":\"Sury Saray\",\"description\":\"\",\"potentialAction\":[{\"@type\":\"SearchAction\",\"target\":{\"@type\":\"EntryPoint\",\"urlTemplate\":\"https:\/\/surysaray.com\/?s={search_term_string}\"},\"query-input\":\"required name=search_term_string\"}],\"inLanguage\":\"de-DE\"}]}<\/script>\n<!-- \/ Yoast SEO plugin. -->","yoast_head_json":{"title":"Serovance Plumcake de Naranja con base de Chocolate ( 5 unidades) - Sury Saray","robots":{"index":"noindex","follow":"follow"},"og_locale":"de_DE","og_type":"article","og_title":"Serovance Plumcake de Naranja con base de Chocolate ( 5 unidades) - Sury Saray","og_description":"Esponjoso bizcocho sabor naranja con base de chocolate.  Ideal para comer por la tarde - noche por su aporte controlado de Tript\u00f3fano.  Fundamental para la saciedad y la correcta regulaci\u00f3n del sue\u00f1o.  Preparaci\u00f3n alimenticia en forma de plumcake sabor naranja con base de chocolate con maltitol, fuente de tript\u00f3fano. Con edulcorante. Sin gluten.  \u2022 Alto contenido de prote\u00ednas \u2022 Alto contenido de fibra \u2022 Bajo contenido de az\u00facar","og_url":"https:\/\/surysaray.com\/de\/producto\/serovance-plumcake-de-naranja-con-base-de-chocolate-5-unidades\/","og_site_name":"Sury Saray","article_modified_time":"2024-03-22T13:59:48+00:00","og_image":[{"width":800,"height":800,"url":"https:\/\/surysaray.com\/wp-content\/uploads\/2024\/03\/plumcak.png","type":"image\/png"}],"twitter_card":"summary_large_image","schema":{"@context":"https:\/\/schema.org","@graph":[{"@type":"WebPage","@id":"https:\/\/surysaray.com\/de\/producto\/serovance-plumcake-de-naranja-con-base-de-chocolate-5-unidades\/","url":"https:\/\/surysaray.com\/de\/producto\/serovance-plumcake-de-naranja-con-base-de-chocolate-5-unidades\/","name":"Serovance Plumcake de Naranja con base de Chocolate ( 5 unidades) - Sury Saray","isPartOf":{"@id":"https:\/\/surysaray.com\/#website"},"datePublished":"2024-03-22T12:36:32+00:00","dateModified":"2024-03-22T13:59:48+00:00","breadcrumb":{"@id":"https:\/\/surysaray.com\/de\/producto\/serovance-plumcake-de-naranja-con-base-de-chocolate-5-unidades\/#breadcrumb"},"inLanguage":"de-DE","potentialAction":[{"@type":"ReadAction","target":["https:\/\/surysaray.com\/de\/producto\/serovance-plumcake-de-naranja-con-base-de-chocolate-5-unidades\/"]}]},{"@type":"BreadcrumbList","@id":"https:\/\/surysaray.com\/de\/producto\/serovance-plumcake-de-naranja-con-base-de-chocolate-5-unidades\/#breadcrumb","itemListElement":[{"@type":"ListItem","position":1,"name":"Portada","item":"https:\/\/surysaray.com\/de\/"},{"@type":"ListItem","position":2,"name":"Shop","item":"https:\/\/surysaray.com\/de\/online-shop\/"},{"@type":"ListItem","position":3,"name":"Serovance Plumcake de Naranja con base de Chocolate ( 5 unidades)"}]},{"@type":"WebSite","@id":"https:\/\/surysaray.com\/#website","url":"https:\/\/surysaray.com\/","name":"Sury Saray","description":"","potentialAction":[{"@type":"SearchAction","target":{"@type":"EntryPoint","urlTemplate":"https:\/\/surysaray.com\/?s={search_term_string}"},"query-input":"required name=search_term_string"}],"inLanguage":"de-DE"}]}},"_links":{"self":[{"href":"https:\/\/surysaray.com\/de\/wp-json\/wp\/v3\/product\/17075"}],"collection":[{"href":"https:\/\/surysaray.com\/de\/wp-json\/wp\/v3\/product"}],"about":[{"href":"https:\/\/surysaray.com\/de\/wp-json\/wp\/v2\/types\/product"}],"wp:featuredmedia":[{"embeddable":true,"href":"https:\/\/surysaray.com\/de\/wp-json\/wp\/v2\/media\/17083"}],"wp:attachment":[{"href":"https:\/\/surysaray.com\/de\/wp-json\/wp\/v2\/media?parent=17075"}],"wp:term":[{"taxonomy":"product_cat","embeddable":true,"href":"https:\/\/surysaray.com\/de\/wp-json\/wp\/v2\/product_cat?post=17075"},{"taxonomy":"product_tag","embeddable":true,"href":"https:\/\/surysaray.com\/de\/wp-json\/wp\/v2\/product_tag?post=17075"}],"curies":[{"name":"wp","href":"https:\/\/api.w.org\/{rel}","templated":true}]}}