{"id":17020,"date":"2024-03-22T12:28:17","date_gmt":"2024-03-22T11:28:17","guid":{"rendered":"https:\/\/surysaray.com\/?post_type=product&#038;p=17020"},"modified":"2024-03-22T13:08:50","modified_gmt":"2024-03-22T12:08:50","slug":"pack-regeneracion-cutanea-2cajasx15-sticks-30-capsulas","status":"publish","type":"product","link":"https:\/\/surysaray.com\/de\/producto\/pack-regeneracion-cutanea-2cajasx15-sticks-30-capsulas\/","title":{"rendered":"PACK Regeneraci\u00f3n Cut\u00e1nea ( 2cajasx15 sticks + 30 c\u00e1psulas)"},"content":{"rendered":"","protected":false},"excerpt":{"rendered":"<div class=\"primeraFila\">\n<div class=\"row\">\n<div class=\"col-md-12\">\n<div class=\"descrpCorta\">\n<h5>Protecci\u00f3n antirradical<\/h5>\n<\/div>\n<div>Complementos alimenticios a base de col\u00e1geno hidrolizado de origen marino, \u00e1cido hialur\u00f3nico, c\u00farcuma, vitaminas C-D, zinc y extractos de vegetales, aceite de borraja, vitaminas antioxidantes naturales (betacaroteno, Vit. E) y selenio. Con edulcorantes<\/div>\n<\/div>\n<\/div>\n<\/div>\n<div class=\"segundaFila\">\n<div class=\"bloqueDescripcion\">\n<p><strong>HYALUROVANCE:<\/strong><\/p>\n<p>Inovance HYALUROVANCE es una formulaci\u00f3n que aporta 10 g de col\u00e1geno marino hidrolizado (Peptan\u00ae) y 25 mg de \u00e1cido hialur\u00f3nico, asociados a micronutrientes necesarios para la formaci\u00f3n del col\u00e1geno, como el zinc y la vitamina C. Esta f\u00f3rmula original incluye tambi\u00e9n c\u00farcuma y extractos de vegetales ricos en antioxidantes para frenar los radicales libres.<\/p>\n<p>La vitamina C contribuye a la protecci\u00f3n de las c\u00e9lulas frente al da\u00f1o oxidativo.<\/p>\n<p>2 Cajas de 15 sticks<\/p>\n<p>\u2022 Formulado con Peptan\u00ae p\u00e9ptido de col\u00e1geno ampliamente estudiado en nutricosm\u00e9tica y para el mantenimiento de los cart\u00edlagos.<\/p>\n<p>\u2022 \u00a1Reconocida por ser una de las f\u00f3rmulas de col\u00e1geno m\u00e1s dosificadas en el mercado!<\/p>\n<p><strong>DERMOVANCE:<\/strong><\/p>\n<p>Una f\u00f3rmula perfectamente adaptada al periodo estival, con antioxidantes. Nada menos que 5 extractos vegetales naturales activos, entre los cuales extracto de mel\u00f3n EXTRAMEL\u00ae, seleccionado por su alto contenido en SOD natural.<\/p>\n<p>El zinc contribuye al mantenimiento de la piel en condiciones normales.<\/p>\n<p>El zinc y el selenio contribuyen a la protecci\u00f3n de las c\u00e9lulas frente al da\u00f1o oxidativo.<\/p>\n<p>Caja de 30 comprimidos recubiertos<\/p>\n<p>\u2022 Extracto de mel\u00f3n EXTRAMEL\u00ae procedente de una cosecha francesa en la cuenca del Mediterr\u00e1neo, que est\u00e1 altamente concentrada en SOD natural y bioactivo (1,000 UI SOD\/g). Proviene de una variedad \u00fanica de mel\u00f3n cantalupo (Cucumis melo L.) sin OGM, descubierto en 1989.<\/p>\n<p><strong>HYALUROVANCE:<\/strong><\/p>\n<p>Ingredientes: col\u00e1geno hidrolizado de pescado Peptan\u00ae; maltodextrina; aroma; acidulante [\u00e1cido c\u00edtrico]; extracto seco de ra\u00edz de c\u00farcuma (Curcuma longa) dosificado en curcumina; \u00e1cido L-asc\u00f3rbico (vitamina C); licopeno; extracto seco de exudado de bamb\u00fa (Bambusa arundinacea L.); sulfato de zinc; extracto seco de granada (Punica granatum) dosificado en \u00e1cido el\u00e1gico; extracto seco de semilla de uva (Vitis vin\u00edfera) dosificado en polifenoles; \u00e1cido hialur\u00f3nico; edulcorantes [sucralosa, acesulfamo K]; colecalciferol (vitamina D).<\/p>\n<p><em>Peptan\u00ae es una marca registrada.\u00a0<\/em><\/p>\n<p><strong>DERMOVANCE:<\/strong><\/p>\n<p>Ingredientes: agente de carga: celulosa microcristalina; antiaglomerante: fosfato dic\u00e1lcico; aceite de borraja en polvo microencapsulado; antiaglomerante: fosfato tric\u00e1lcico; extracto de hollejo de uva (Vitis vinifera) (polifenoles 50%); L-tirosina; gluconato de zinc; hidrolizado de prote\u00ednas de arroz; extractos de piel y semillas de granada (Punica granatum) (40% \u00e1cido el\u00e1gico); antiaglomerante: estearato de magnesio de origen vegetal; vitamina E natural; agentes de recubrimiento del comprimido: hidroxipropilmetilcelulosa, \u00e1cido este\u00e1rico, celulosa microcristalina; levadura de selenio; betacaroteno natural; antiaglomerante: talco; extracto de tomate (licopeno 20%); extracto de mel\u00f3n EXTRAMEL\u00ae.<\/p>\n<p><em>EXTRAMEL\u00ae es una marca registrada que pertenece a la sociedad Robertet.<\/em><\/p>\n<p><strong>Al\u00e9rgenos:<\/strong>\u00a0Pescado, Sulfitos<\/p>\n<p>Modo de uso:<\/p>\n<p>HYALUROVANCE:<\/p>\n<p>Por 1 stick al d\u00eda:<\/p>\n<p>&#8211; Prote\u00edna hidrolizada de col\u00e1geno de pescado: 10 g<\/p>\n<p>&#8211; Extracto de C\u00farcuma (del cual curcumina): 110 mg (104,5 mg)<\/p>\n<p>&#8211; Extracto de Bamb\u00fa: 28,5 mg<\/p>\n<p>&#8211; Extracto de Granada (del cual \u00e1cido el\u00e1gico): 25 mg (10 mg)<\/p>\n<p>&#8211; Extracto de semillas de uva (del cual polifenoles): 25 mg (23,75 mg)<\/p>\n<p>&#8211; \u00c1cido Hialur\u00f3nico: 25 mg<\/p>\n<p>&#8211; Licopeno: 5 mg<\/p>\n<p>&#8211; Vitamina C: 80 mg (100%*)<\/p>\n<p>&#8211; Vitamina D: 2,5 \u00b5g (50%*)<\/p>\n<p>&#8211; Zinc: 10 mg (100%*)<\/p>\n<p>DERMOVANCE:<\/p>\n<p>Por 1 comprimido:<\/p>\n<p>&#8211; Hollejo de uva: 50 mg<\/p>\n<p>&#8211; L-tirosina: 50 mg<\/p>\n<p>&#8211; Aceite de borraja: 40 mg<\/p>\n<p>&#8211; Granada: 37,5 mg<\/p>\n<p>de los cuales acido el\u00e1gico: 15 mg<\/p>\n<p>&#8211; Vit. E : 12 mg (100 %*)<\/p>\n<p>&#8211; Mel\u00f3n EXTRAMEL\u00ae: 7 mg<\/p>\n<p>&#8211; Zinc: 5 mg (50%*)<\/p>\n<p>&#8211; Licopeno: 2 mg<\/p>\n<p>&#8211; Vit. A : 400 \u00b5g (50%*)<\/p>\n<p>&#8211; Selenio: 27.5 \u00b5g (50%*)<\/p>\n<p>* Valores de Referencia de Nutrientes<\/p>\n<p><strong>HYALUROVANCE:<\/strong><\/p>\n<p><strong>1 stick al d\u00eda<\/strong>\u00a0(preferentemente por la ma\u00f1ana).<\/p>\n<p><em>Verter el contenido del stick en 120-150 ml de agua (a temperatura ambiente y sin gas). Mezclar hasta su completa disoluci\u00f3n y consumir inmediatamente.<\/em><\/p>\n<p>Sabor a Naranja.<\/p>\n<p><strong>DERMOVANCE:<\/strong><\/p>\n<p><strong>1 comprimido al d\u00eda<\/strong>\u00a0(por la ma\u00f1ana).<\/p>\n<p>Contiene c\u00farcuma: Consulte a su m\u00e9dico en caso de uso concominante con anticoagulantes.<\/p>\n<p>Contiene bamb\u00fa: no utilizar en caso de embarazo sin consejo m\u00e9dico.<\/p>\n<p>&#8211; No superar la dosis diaria expresamente recomendada.<\/p>\n<p>&#8211; Mantener fuera del alcance de los ni\u00f1os m\u00e1s peque\u00f1os.<\/p>\n<p>&#8211; Los complementos alimenticios deben ser usados en el cuadro de un modo de vida sano y no pueden ser utilizados como sustitutos de una dieta variada y equilibrada.<\/p>\n<\/div>\n<\/div>\n","protected":false},"featured_media":17023,"template":"","meta":{"_joinchat":[]},"product_cat":[698,696,694,699,697],"product_tag":[],"yoast_head":"<!-- This site is optimized with the Yoast SEO plugin v20.2.1 - https:\/\/yoast.com\/wordpress\/plugins\/seo\/ -->\n<title>PACK Regeneraci\u00f3n Cut\u00e1nea ( 2cajasx15 sticks + 30 c\u00e1psulas) - Sury Saray<\/title>\n<meta name=\"robots\" content=\"noindex, follow\" \/>\n<meta property=\"og:locale\" content=\"de_DE\" \/>\n<meta property=\"og:type\" content=\"article\" \/>\n<meta property=\"og:title\" content=\"PACK Regeneraci\u00f3n Cut\u00e1nea ( 2cajasx15 sticks + 30 c\u00e1psulas) - Sury Saray\" \/>\n<meta property=\"og:description\" content=\"Protecci\u00f3n antirradical  Complementos alimenticios a base de col\u00e1geno hidrolizado de origen marino, \u00e1cido hialur\u00f3nico, c\u00farcuma, vitaminas C-D, zinc y extractos de vegetales, aceite de borraja, vitaminas antioxidantes naturales (betacaroteno, Vit. E) y selenio. Con edulcorantes       HYALUROVANCE:  Inovance HYALUROVANCE es una formulaci\u00f3n que aporta 10 g de col\u00e1geno marino hidrolizado (Peptan\u00ae) y 25 mg de \u00e1cido hialur\u00f3nico, asociados a micronutrientes necesarios para la formaci\u00f3n del col\u00e1geno, como el zinc y la vitamina C. Esta f\u00f3rmula original incluye tambi\u00e9n c\u00farcuma y extractos de vegetales ricos en antioxidantes para frenar los radicales libres.  La vitamina C contribuye a la protecci\u00f3n de las c\u00e9lulas frente al da\u00f1o oxidativo.  2 Cajas de 15 sticks  \u2022 Formulado con Peptan\u00ae p\u00e9ptido de col\u00e1geno ampliamente estudiado en nutricosm\u00e9tica y para el mantenimiento de los cart\u00edlagos.  \u2022 \u00a1Reconocida por ser una de las f\u00f3rmulas de col\u00e1geno m\u00e1s dosificadas en el mercado!  DERMOVANCE:  Una f\u00f3rmula perfectamente adaptada al periodo estival, con antioxidantes. Nada menos que 5 extractos vegetales naturales activos, entre los cuales extracto de mel\u00f3n EXTRAMEL\u00ae, seleccionado por su alto contenido en SOD natural.  El zinc contribuye al mantenimiento de la piel en condiciones normales.  El zinc y el selenio contribuyen a la protecci\u00f3n de las c\u00e9lulas frente al da\u00f1o oxidativo.  Caja de 30 comprimidos recubiertos  \u2022 Extracto de mel\u00f3n EXTRAMEL\u00ae procedente de una cosecha francesa en la cuenca del Mediterr\u00e1neo, que est\u00e1 altamente concentrada en SOD natural y bioactivo (1,000 UI SOD\/g). Proviene de una variedad \u00fanica de mel\u00f3n cantalupo (Cucumis melo L.) sin OGM, descubierto en 1989.  HYALUROVANCE:  Ingredientes: col\u00e1geno hidrolizado de pescado Peptan\u00ae; maltodextrina; aroma; acidulante [\u00e1cido c\u00edtrico]; extracto seco de ra\u00edz de c\u00farcuma (Curcuma longa) dosificado en curcumina; \u00e1cido L-asc\u00f3rbico (vitamina C); licopeno; extracto seco de exudado de bamb\u00fa (Bambusa arundinacea L.); sulfato de zinc; extracto seco de granada (Punica granatum) dosificado en \u00e1cido el\u00e1gico; extracto seco de semilla de uva (Vitis vin\u00edfera) dosificado en polifenoles; \u00e1cido hialur\u00f3nico; edulcorantes [sucralosa, acesulfamo K]; colecalciferol (vitamina D).  Peptan\u00ae es una marca registrada.\u00a0  DERMOVANCE:  Ingredientes: agente de carga: celulosa microcristalina; antiaglomerante: fosfato dic\u00e1lcico; aceite de borraja en polvo microencapsulado; antiaglomerante: fosfato tric\u00e1lcico; extracto de hollejo de uva (Vitis vinifera) (polifenoles 50%); L-tirosina; gluconato de zinc; hidrolizado de prote\u00ednas de arroz; extractos de piel y semillas de granada (Punica granatum) (40% \u00e1cido el\u00e1gico); antiaglomerante: estearato de magnesio de origen vegetal; vitamina E natural; agentes de recubrimiento del comprimido: hidroxipropilmetilcelulosa, \u00e1cido este\u00e1rico, celulosa microcristalina; levadura de selenio; betacaroteno natural; antiaglomerante: talco; extracto de tomate (licopeno 20%); extracto de mel\u00f3n EXTRAMEL\u00ae.  EXTRAMEL\u00ae es una marca registrada que pertenece a la sociedad Robertet.  Al\u00e9rgenos:\u00a0Pescado, Sulfitos  Modo de uso:  HYALUROVANCE:  Por 1 stick al d\u00eda:  - Prote\u00edna hidrolizada de col\u00e1geno de pescado: 10 g  - Extracto de C\u00farcuma (del cual curcumina): 110 mg (104,5 mg)  - Extracto de Bamb\u00fa: 28,5 mg  - Extracto de Granada (del cual \u00e1cido el\u00e1gico): 25 mg (10 mg)  - Extracto de semillas de uva (del cual polifenoles): 25 mg (23,75 mg)  - \u00c1cido Hialur\u00f3nico: 25 mg  - Licopeno: 5 mg  - Vitamina C: 80 mg (100%*)  - Vitamina D: 2,5 \u00b5g (50%*)  - Zinc: 10 mg (100%*)  DERMOVANCE:  Por 1 comprimido:  - Hollejo de uva: 50 mg  - L-tirosina: 50 mg  - Aceite de borraja: 40 mg  - Granada: 37,5 mg  de los cuales acido el\u00e1gico: 15 mg  - Vit. E : 12 mg (100 %*)  - Mel\u00f3n EXTRAMEL\u00ae: 7 mg  - Zinc: 5 mg (50%*)  - Licopeno: 2 mg  - Vit. A : 400 \u00b5g (50%*)  - Selenio: 27.5 \u00b5g (50%*)  * Valores de Referencia de Nutrientes  HYALUROVANCE:  1 stick al d\u00eda\u00a0(preferentemente por la ma\u00f1ana).  Verter el contenido del stick en 120-150 ml de agua (a temperatura ambiente y sin gas). Mezclar hasta su completa disoluci\u00f3n y consumir inmediatamente.  Sabor a Naranja.  DERMOVANCE:  1 comprimido al d\u00eda\u00a0(por la ma\u00f1ana).  Contiene c\u00farcuma: Consulte a su m\u00e9dico en caso de uso concominante con anticoagulantes.  Contiene bamb\u00fa: no utilizar en caso de embarazo sin consejo m\u00e9dico.  - No superar la dosis diaria expresamente recomendada.  - Mantener fuera del alcance de los ni\u00f1os m\u00e1s peque\u00f1os.  - Los complementos alimenticios deben ser usados en el cuadro de un modo de vida sano y no pueden ser utilizados como sustitutos de una dieta variada y equilibrada.\" \/>\n<meta property=\"og:url\" content=\"https:\/\/surysaray.com\/producto\/pack-regeneracion-cutanea-2cajasx15-sticks-30-capsulas\/\" \/>\n<meta property=\"og:site_name\" content=\"Sury Saray\" \/>\n<meta property=\"article:modified_time\" content=\"2024-03-22T12:08:50+00:00\" \/>\n<meta property=\"og:image\" content=\"https:\/\/surysaray.com\/wp-content\/uploads\/2024\/03\/pack-regeneracion-cutanea.png\" \/>\n\t<meta property=\"og:image:width\" content=\"800\" \/>\n\t<meta property=\"og:image:height\" content=\"800\" \/>\n\t<meta property=\"og:image:type\" content=\"image\/png\" \/>\n<meta name=\"twitter:card\" content=\"summary_large_image\" \/>\n<script type=\"application\/ld+json\" class=\"yoast-schema-graph\">{\"@context\":\"https:\/\/schema.org\",\"@graph\":[{\"@type\":\"WebPage\",\"@id\":\"https:\/\/surysaray.com\/producto\/pack-regeneracion-cutanea-2cajasx15-sticks-30-capsulas\/\",\"url\":\"https:\/\/surysaray.com\/producto\/pack-regeneracion-cutanea-2cajasx15-sticks-30-capsulas\/\",\"name\":\"PACK Regeneraci\u00f3n Cut\u00e1nea ( 2cajasx15 sticks + 30 c\u00e1psulas) - Sury Saray\",\"isPartOf\":{\"@id\":\"https:\/\/surysaray.com\/#website\"},\"datePublished\":\"2024-03-22T11:28:17+00:00\",\"dateModified\":\"2024-03-22T12:08:50+00:00\",\"breadcrumb\":{\"@id\":\"https:\/\/surysaray.com\/producto\/pack-regeneracion-cutanea-2cajasx15-sticks-30-capsulas\/#breadcrumb\"},\"inLanguage\":\"de-DE\",\"potentialAction\":[{\"@type\":\"ReadAction\",\"target\":[\"https:\/\/surysaray.com\/producto\/pack-regeneracion-cutanea-2cajasx15-sticks-30-capsulas\/\"]}]},{\"@type\":\"BreadcrumbList\",\"@id\":\"https:\/\/surysaray.com\/producto\/pack-regeneracion-cutanea-2cajasx15-sticks-30-capsulas\/#breadcrumb\",\"itemListElement\":[{\"@type\":\"ListItem\",\"position\":1,\"name\":\"Portada\",\"item\":\"https:\/\/surysaray.com\/de\/\"},{\"@type\":\"ListItem\",\"position\":2,\"name\":\"Shop\",\"item\":\"https:\/\/surysaray.com\/de\/online-shop\/\"},{\"@type\":\"ListItem\",\"position\":3,\"name\":\"PACK Regeneraci\u00f3n Cut\u00e1nea ( 2cajasx15 sticks + 30 c\u00e1psulas)\"}]},{\"@type\":\"WebSite\",\"@id\":\"https:\/\/surysaray.com\/#website\",\"url\":\"https:\/\/surysaray.com\/\",\"name\":\"Sury Saray\",\"description\":\"\",\"potentialAction\":[{\"@type\":\"SearchAction\",\"target\":{\"@type\":\"EntryPoint\",\"urlTemplate\":\"https:\/\/surysaray.com\/?s={search_term_string}\"},\"query-input\":\"required name=search_term_string\"}],\"inLanguage\":\"de-DE\"}]}<\/script>\n<!-- \/ Yoast SEO plugin. -->","yoast_head_json":{"title":"PACK Regeneraci\u00f3n Cut\u00e1nea ( 2cajasx15 sticks + 30 c\u00e1psulas) - Sury Saray","robots":{"index":"noindex","follow":"follow"},"og_locale":"de_DE","og_type":"article","og_title":"PACK Regeneraci\u00f3n Cut\u00e1nea ( 2cajasx15 sticks + 30 c\u00e1psulas) - Sury Saray","og_description":"Protecci\u00f3n antirradical  Complementos alimenticios a base de col\u00e1geno hidrolizado de origen marino, \u00e1cido hialur\u00f3nico, c\u00farcuma, vitaminas C-D, zinc y extractos de vegetales, aceite de borraja, vitaminas antioxidantes naturales (betacaroteno, Vit. E) y selenio. Con edulcorantes       HYALUROVANCE:  Inovance HYALUROVANCE es una formulaci\u00f3n que aporta 10 g de col\u00e1geno marino hidrolizado (Peptan\u00ae) y 25 mg de \u00e1cido hialur\u00f3nico, asociados a micronutrientes necesarios para la formaci\u00f3n del col\u00e1geno, como el zinc y la vitamina C. Esta f\u00f3rmula original incluye tambi\u00e9n c\u00farcuma y extractos de vegetales ricos en antioxidantes para frenar los radicales libres.  La vitamina C contribuye a la protecci\u00f3n de las c\u00e9lulas frente al da\u00f1o oxidativo.  2 Cajas de 15 sticks  \u2022 Formulado con Peptan\u00ae p\u00e9ptido de col\u00e1geno ampliamente estudiado en nutricosm\u00e9tica y para el mantenimiento de los cart\u00edlagos.  \u2022 \u00a1Reconocida por ser una de las f\u00f3rmulas de col\u00e1geno m\u00e1s dosificadas en el mercado!  DERMOVANCE:  Una f\u00f3rmula perfectamente adaptada al periodo estival, con antioxidantes. Nada menos que 5 extractos vegetales naturales activos, entre los cuales extracto de mel\u00f3n EXTRAMEL\u00ae, seleccionado por su alto contenido en SOD natural.  El zinc contribuye al mantenimiento de la piel en condiciones normales.  El zinc y el selenio contribuyen a la protecci\u00f3n de las c\u00e9lulas frente al da\u00f1o oxidativo.  Caja de 30 comprimidos recubiertos  \u2022 Extracto de mel\u00f3n EXTRAMEL\u00ae procedente de una cosecha francesa en la cuenca del Mediterr\u00e1neo, que est\u00e1 altamente concentrada en SOD natural y bioactivo (1,000 UI SOD\/g). Proviene de una variedad \u00fanica de mel\u00f3n cantalupo (Cucumis melo L.) sin OGM, descubierto en 1989.  HYALUROVANCE:  Ingredientes: col\u00e1geno hidrolizado de pescado Peptan\u00ae; maltodextrina; aroma; acidulante [\u00e1cido c\u00edtrico]; extracto seco de ra\u00edz de c\u00farcuma (Curcuma longa) dosificado en curcumina; \u00e1cido L-asc\u00f3rbico (vitamina C); licopeno; extracto seco de exudado de bamb\u00fa (Bambusa arundinacea L.); sulfato de zinc; extracto seco de granada (Punica granatum) dosificado en \u00e1cido el\u00e1gico; extracto seco de semilla de uva (Vitis vin\u00edfera) dosificado en polifenoles; \u00e1cido hialur\u00f3nico; edulcorantes [sucralosa, acesulfamo K]; colecalciferol (vitamina D).  Peptan\u00ae es una marca registrada.\u00a0  DERMOVANCE:  Ingredientes: agente de carga: celulosa microcristalina; antiaglomerante: fosfato dic\u00e1lcico; aceite de borraja en polvo microencapsulado; antiaglomerante: fosfato tric\u00e1lcico; extracto de hollejo de uva (Vitis vinifera) (polifenoles 50%); L-tirosina; gluconato de zinc; hidrolizado de prote\u00ednas de arroz; extractos de piel y semillas de granada (Punica granatum) (40% \u00e1cido el\u00e1gico); antiaglomerante: estearato de magnesio de origen vegetal; vitamina E natural; agentes de recubrimiento del comprimido: hidroxipropilmetilcelulosa, \u00e1cido este\u00e1rico, celulosa microcristalina; levadura de selenio; betacaroteno natural; antiaglomerante: talco; extracto de tomate (licopeno 20%); extracto de mel\u00f3n EXTRAMEL\u00ae.  EXTRAMEL\u00ae es una marca registrada que pertenece a la sociedad Robertet.  Al\u00e9rgenos:\u00a0Pescado, Sulfitos  Modo de uso:  HYALUROVANCE:  Por 1 stick al d\u00eda:  - Prote\u00edna hidrolizada de col\u00e1geno de pescado: 10 g  - Extracto de C\u00farcuma (del cual curcumina): 110 mg (104,5 mg)  - Extracto de Bamb\u00fa: 28,5 mg  - Extracto de Granada (del cual \u00e1cido el\u00e1gico): 25 mg (10 mg)  - Extracto de semillas de uva (del cual polifenoles): 25 mg (23,75 mg)  - \u00c1cido Hialur\u00f3nico: 25 mg  - Licopeno: 5 mg  - Vitamina C: 80 mg (100%*)  - Vitamina D: 2,5 \u00b5g (50%*)  - Zinc: 10 mg (100%*)  DERMOVANCE:  Por 1 comprimido:  - Hollejo de uva: 50 mg  - L-tirosina: 50 mg  - Aceite de borraja: 40 mg  - Granada: 37,5 mg  de los cuales acido el\u00e1gico: 15 mg  - Vit. E : 12 mg (100 %*)  - Mel\u00f3n EXTRAMEL\u00ae: 7 mg  - Zinc: 5 mg (50%*)  - Licopeno: 2 mg  - Vit. A : 400 \u00b5g (50%*)  - Selenio: 27.5 \u00b5g (50%*)  * Valores de Referencia de Nutrientes  HYALUROVANCE:  1 stick al d\u00eda\u00a0(preferentemente por la ma\u00f1ana).  Verter el contenido del stick en 120-150 ml de agua (a temperatura ambiente y sin gas). Mezclar hasta su completa disoluci\u00f3n y consumir inmediatamente.  Sabor a Naranja.  DERMOVANCE:  1 comprimido al d\u00eda\u00a0(por la ma\u00f1ana).  Contiene c\u00farcuma: Consulte a su m\u00e9dico en caso de uso concominante con anticoagulantes.  Contiene bamb\u00fa: no utilizar en caso de embarazo sin consejo m\u00e9dico.  - No superar la dosis diaria expresamente recomendada.  - Mantener fuera del alcance de los ni\u00f1os m\u00e1s peque\u00f1os.  - Los complementos alimenticios deben ser usados en el cuadro de un modo de vida sano y no pueden ser utilizados como sustitutos de una dieta variada y equilibrada.","og_url":"https:\/\/surysaray.com\/producto\/pack-regeneracion-cutanea-2cajasx15-sticks-30-capsulas\/","og_site_name":"Sury Saray","article_modified_time":"2024-03-22T12:08:50+00:00","og_image":[{"width":800,"height":800,"url":"https:\/\/surysaray.com\/wp-content\/uploads\/2024\/03\/pack-regeneracion-cutanea.png","type":"image\/png"}],"twitter_card":"summary_large_image","schema":{"@context":"https:\/\/schema.org","@graph":[{"@type":"WebPage","@id":"https:\/\/surysaray.com\/producto\/pack-regeneracion-cutanea-2cajasx15-sticks-30-capsulas\/","url":"https:\/\/surysaray.com\/producto\/pack-regeneracion-cutanea-2cajasx15-sticks-30-capsulas\/","name":"PACK Regeneraci\u00f3n Cut\u00e1nea ( 2cajasx15 sticks + 30 c\u00e1psulas) - Sury Saray","isPartOf":{"@id":"https:\/\/surysaray.com\/#website"},"datePublished":"2024-03-22T11:28:17+00:00","dateModified":"2024-03-22T12:08:50+00:00","breadcrumb":{"@id":"https:\/\/surysaray.com\/producto\/pack-regeneracion-cutanea-2cajasx15-sticks-30-capsulas\/#breadcrumb"},"inLanguage":"de-DE","potentialAction":[{"@type":"ReadAction","target":["https:\/\/surysaray.com\/producto\/pack-regeneracion-cutanea-2cajasx15-sticks-30-capsulas\/"]}]},{"@type":"BreadcrumbList","@id":"https:\/\/surysaray.com\/producto\/pack-regeneracion-cutanea-2cajasx15-sticks-30-capsulas\/#breadcrumb","itemListElement":[{"@type":"ListItem","position":1,"name":"Portada","item":"https:\/\/surysaray.com\/de\/"},{"@type":"ListItem","position":2,"name":"Shop","item":"https:\/\/surysaray.com\/de\/online-shop\/"},{"@type":"ListItem","position":3,"name":"PACK Regeneraci\u00f3n Cut\u00e1nea ( 2cajasx15 sticks + 30 c\u00e1psulas)"}]},{"@type":"WebSite","@id":"https:\/\/surysaray.com\/#website","url":"https:\/\/surysaray.com\/","name":"Sury Saray","description":"","potentialAction":[{"@type":"SearchAction","target":{"@type":"EntryPoint","urlTemplate":"https:\/\/surysaray.com\/?s={search_term_string}"},"query-input":"required name=search_term_string"}],"inLanguage":"de-DE"}]}},"_links":{"self":[{"href":"https:\/\/surysaray.com\/de\/wp-json\/wp\/v3\/product\/17020"}],"collection":[{"href":"https:\/\/surysaray.com\/de\/wp-json\/wp\/v3\/product"}],"about":[{"href":"https:\/\/surysaray.com\/de\/wp-json\/wp\/v2\/types\/product"}],"wp:featuredmedia":[{"embeddable":true,"href":"https:\/\/surysaray.com\/de\/wp-json\/wp\/v2\/media\/17023"}],"wp:attachment":[{"href":"https:\/\/surysaray.com\/de\/wp-json\/wp\/v2\/media?parent=17020"}],"wp:term":[{"taxonomy":"product_cat","embeddable":true,"href":"https:\/\/surysaray.com\/de\/wp-json\/wp\/v2\/product_cat?post=17020"},{"taxonomy":"product_tag","embeddable":true,"href":"https:\/\/surysaray.com\/de\/wp-json\/wp\/v2\/product_tag?post=17020"}],"curies":[{"name":"wp","href":"https:\/\/api.w.org\/{rel}","templated":true}]}}