{"id":16998,"date":"2024-03-20T16:57:31","date_gmt":"2024-03-20T15:57:31","guid":{"rendered":"https:\/\/surysaray.com\/producto\/lipo-f-90-comprimidos\/"},"modified":"2024-03-22T12:46:53","modified_gmt":"2024-03-22T11:46:53","slug":"lipo-f-90-comprimidos","status":"publish","type":"product","link":"https:\/\/surysaray.com\/de\/producto\/lipo-f-90-comprimidos\/","title":{"rendered":"LIPO F (90 Comprimidos)"},"content":{"rendered":"","protected":false},"excerpt":{"rendered":"<div class=\"descrpCorta\"><\/div>\n<div>\n<p>Complemento alimenticio a base de extractos de plantas, carnitina, zinc y cromo. Acci\u00f3n sobre las grasas y el control de peso.Finetrol\u00ae X Pur-C: es una mezcla de c\u00edtricos de origen mediterr\u00e1neo y de guaran\u00e1. Cuenta con 3 estudios cl\u00ednicos publicados, donde se demuestra la p\u00e9rdida de peso y de cintura, consiguiendo una silueta m\u00e1s esbelta.<\/p>\n<p>El zinc contribuye al metabolismo normal de los \u00e1cidos grasos.<\/p>\n<p>El guaran\u00e1 ayuda a controlar el peso, favorece la degradaci\u00f3n de las grasas y favorece la p\u00e9rdida de peso como complemento de las medidas diet\u00e9ticas.<\/p>\n<p>El cromo contribuye a mantener niveles normales de glucosa en sangre.<\/p>\n<p>Ingredientes principales:<\/p>\n<p>&#8211; SINETROL\u00ae X PUR-C: 630 mg,\u00a0<em>de los cuales flavonoles: 264,6 mg, de los cuales cafe\u00edna: 22,05 mg<\/em><\/p>\n<p>&#8211; L-carnitina: 249 mg<\/p>\n<p>&#8211; Extracto de caf\u00e9 verde: 125,1 mg,\u00a0<em>de los cuales polifenoles: 55 mg, de los cuales acido clorog\u00e9nico: 43,8 mg, de los cuales cafe\u00edna: 2,5 mg<\/em><\/p>\n<p>&#8211; Extracto de t\u00e9 verde: \u00a0125,1 mg,\u00a0<em>de los cuales polifenoles: 50,04 mg, de los cuales cafe\u00edna: 3,75 mg<\/em><\/p>\n<p>&#8211; Zinc: 3,0 mg (30%*)<\/p>\n<p>&#8211; Extracto de pimienta negra: 10,0 mg,\u00a0<em>de los cuales piperina: 9,5 mg.\u00a0<\/em><\/p>\n<p>&#8211; Cromo: 25,0 \u00b5g (62,5%*)<\/p>\n<p>Modo de uso:<\/p>\n<p><strong>3 comprimidos al d\u00eda<\/strong>\u00a0(2 por la ma\u00f1ana, 1 al mediod\u00eda), con un vaso de agua y durante las comidas.<\/p>\n<p><strong>Contiene t\u00e9 verde:\u00a0<\/strong>5 mg de EGCG por porci\u00f3n diaria (una ingesta diaria de EGCG, galato de epigalocatequina, debe ser &lt; 800 mg). No debe consumirse si est\u00e1 tomando otros productos de t\u00e9 verde el mismo d\u00eda. No deben consumirlo las mujeres embarazadas o en per\u00edodo de lactancia ni los menores de 18 a\u00f1os. No consumir en ayunas<\/p>\n<p>&#8211; No superar la dosis diaria expresamente recomendada.<\/p>\n<p>&#8211; Mantener fuera del alcance de los ni\u00f1os m\u00e1s peque\u00f1os.<\/p>\n<p>&#8211; Los complementos alimenticios deben ser usados en el cuadro de un modo de vida sano y no pueden ser utilizados como sustitutos de una dieta variada y equilibrada.<\/p>\n<\/div>\n","protected":false},"featured_media":16994,"template":"","meta":{"_joinchat":[]},"product_cat":[698,696,694,699,697],"product_tag":[],"yoast_head":"<!-- This site is optimized with the Yoast SEO plugin v20.2.1 - https:\/\/yoast.com\/wordpress\/plugins\/seo\/ -->\n<title>LIPO F (90 Comprimidos) - Sury Saray<\/title>\n<meta name=\"robots\" content=\"noindex, follow\" \/>\n<meta property=\"og:locale\" content=\"de_DE\" \/>\n<meta property=\"og:type\" content=\"article\" \/>\n<meta property=\"og:title\" content=\"LIPO F (90 Comprimidos) - Sury Saray\" \/>\n<meta property=\"og:description\" content=\"Complemento alimenticio a base de extractos de plantas, carnitina, zinc y cromo. Acci\u00f3n sobre las grasas y el control de peso.Finetrol\u00ae X Pur-C: es una mezcla de c\u00edtricos de origen mediterr\u00e1neo y de guaran\u00e1. Cuenta con 3 estudios cl\u00ednicos publicados, donde se demuestra la p\u00e9rdida de peso y de cintura, consiguiendo una silueta m\u00e1s esbelta.  El zinc contribuye al metabolismo normal de los \u00e1cidos grasos.  El guaran\u00e1 ayuda a controlar el peso, favorece la degradaci\u00f3n de las grasas y favorece la p\u00e9rdida de peso como complemento de las medidas diet\u00e9ticas.  El cromo contribuye a mantener niveles normales de glucosa en sangre.  Ingredientes principales:  - SINETROL\u00ae X PUR-C: 630 mg,\u00a0de los cuales flavonoles: 264,6 mg, de los cuales cafe\u00edna: 22,05 mg  - L-carnitina: 249 mg  - Extracto de caf\u00e9 verde: 125,1 mg,\u00a0de los cuales polifenoles: 55 mg, de los cuales acido clorog\u00e9nico: 43,8 mg, de los cuales cafe\u00edna: 2,5 mg  - Extracto de t\u00e9 verde: \u00a0125,1 mg,\u00a0de los cuales polifenoles: 50,04 mg, de los cuales cafe\u00edna: 3,75 mg  - Zinc: 3,0 mg (30%*)  - Extracto de pimienta negra: 10,0 mg,\u00a0de los cuales piperina: 9,5 mg.\u00a0  - Cromo: 25,0 \u00b5g (62,5%*)  Modo de uso:  3 comprimidos al d\u00eda\u00a0(2 por la ma\u00f1ana, 1 al mediod\u00eda), con un vaso de agua y durante las comidas.  Contiene t\u00e9 verde:\u00a05 mg de EGCG por porci\u00f3n diaria (una ingesta diaria de EGCG, galato de epigalocatequina, debe ser &lt; 800 mg). No debe consumirse si est\u00e1 tomando otros productos de t\u00e9 verde el mismo d\u00eda. No deben consumirlo las mujeres embarazadas o en per\u00edodo de lactancia ni los menores de 18 a\u00f1os. No consumir en ayunas  - No superar la dosis diaria expresamente recomendada.  - Mantener fuera del alcance de los ni\u00f1os m\u00e1s peque\u00f1os.  - Los complementos alimenticios deben ser usados en el cuadro de un modo de vida sano y no pueden ser utilizados como sustitutos de una dieta variada y equilibrada.\" \/>\n<meta property=\"og:url\" content=\"https:\/\/surysaray.com\/de\/producto\/lipo-f-90-comprimidos\/\" \/>\n<meta property=\"og:site_name\" content=\"Sury Saray\" \/>\n<meta property=\"article:modified_time\" content=\"2024-03-22T11:46:53+00:00\" \/>\n<meta property=\"og:image\" content=\"https:\/\/surysaray.com\/wp-content\/uploads\/2024\/03\/lipo-f.png\" \/>\n\t<meta property=\"og:image:width\" content=\"800\" \/>\n\t<meta property=\"og:image:height\" content=\"800\" \/>\n\t<meta property=\"og:image:type\" content=\"image\/png\" \/>\n<meta name=\"twitter:card\" content=\"summary_large_image\" \/>\n<script type=\"application\/ld+json\" class=\"yoast-schema-graph\">{\"@context\":\"https:\/\/schema.org\",\"@graph\":[{\"@type\":\"WebPage\",\"@id\":\"https:\/\/surysaray.com\/de\/producto\/lipo-f-90-comprimidos\/\",\"url\":\"https:\/\/surysaray.com\/de\/producto\/lipo-f-90-comprimidos\/\",\"name\":\"LIPO F (90 Comprimidos) - Sury Saray\",\"isPartOf\":{\"@id\":\"https:\/\/surysaray.com\/#website\"},\"datePublished\":\"2024-03-20T15:57:31+00:00\",\"dateModified\":\"2024-03-22T11:46:53+00:00\",\"breadcrumb\":{\"@id\":\"https:\/\/surysaray.com\/de\/producto\/lipo-f-90-comprimidos\/#breadcrumb\"},\"inLanguage\":\"de-DE\",\"potentialAction\":[{\"@type\":\"ReadAction\",\"target\":[\"https:\/\/surysaray.com\/de\/producto\/lipo-f-90-comprimidos\/\"]}]},{\"@type\":\"BreadcrumbList\",\"@id\":\"https:\/\/surysaray.com\/de\/producto\/lipo-f-90-comprimidos\/#breadcrumb\",\"itemListElement\":[{\"@type\":\"ListItem\",\"position\":1,\"name\":\"Portada\",\"item\":\"https:\/\/surysaray.com\/de\/\"},{\"@type\":\"ListItem\",\"position\":2,\"name\":\"Shop\",\"item\":\"https:\/\/surysaray.com\/de\/online-shop\/\"},{\"@type\":\"ListItem\",\"position\":3,\"name\":\"LIPO F (90 Comprimidos)\"}]},{\"@type\":\"WebSite\",\"@id\":\"https:\/\/surysaray.com\/#website\",\"url\":\"https:\/\/surysaray.com\/\",\"name\":\"Sury Saray\",\"description\":\"\",\"potentialAction\":[{\"@type\":\"SearchAction\",\"target\":{\"@type\":\"EntryPoint\",\"urlTemplate\":\"https:\/\/surysaray.com\/?s={search_term_string}\"},\"query-input\":\"required name=search_term_string\"}],\"inLanguage\":\"de-DE\"}]}<\/script>\n<!-- \/ Yoast SEO plugin. -->","yoast_head_json":{"title":"LIPO F (90 Comprimidos) - Sury Saray","robots":{"index":"noindex","follow":"follow"},"og_locale":"de_DE","og_type":"article","og_title":"LIPO F (90 Comprimidos) - Sury Saray","og_description":"Complemento alimenticio a base de extractos de plantas, carnitina, zinc y cromo. Acci\u00f3n sobre las grasas y el control de peso.Finetrol\u00ae X Pur-C: es una mezcla de c\u00edtricos de origen mediterr\u00e1neo y de guaran\u00e1. Cuenta con 3 estudios cl\u00ednicos publicados, donde se demuestra la p\u00e9rdida de peso y de cintura, consiguiendo una silueta m\u00e1s esbelta.  El zinc contribuye al metabolismo normal de los \u00e1cidos grasos.  El guaran\u00e1 ayuda a controlar el peso, favorece la degradaci\u00f3n de las grasas y favorece la p\u00e9rdida de peso como complemento de las medidas diet\u00e9ticas.  El cromo contribuye a mantener niveles normales de glucosa en sangre.  Ingredientes principales:  - SINETROL\u00ae X PUR-C: 630 mg,\u00a0de los cuales flavonoles: 264,6 mg, de los cuales cafe\u00edna: 22,05 mg  - L-carnitina: 249 mg  - Extracto de caf\u00e9 verde: 125,1 mg,\u00a0de los cuales polifenoles: 55 mg, de los cuales acido clorog\u00e9nico: 43,8 mg, de los cuales cafe\u00edna: 2,5 mg  - Extracto de t\u00e9 verde: \u00a0125,1 mg,\u00a0de los cuales polifenoles: 50,04 mg, de los cuales cafe\u00edna: 3,75 mg  - Zinc: 3,0 mg (30%*)  - Extracto de pimienta negra: 10,0 mg,\u00a0de los cuales piperina: 9,5 mg.\u00a0  - Cromo: 25,0 \u00b5g (62,5%*)  Modo de uso:  3 comprimidos al d\u00eda\u00a0(2 por la ma\u00f1ana, 1 al mediod\u00eda), con un vaso de agua y durante las comidas.  Contiene t\u00e9 verde:\u00a05 mg de EGCG por porci\u00f3n diaria (una ingesta diaria de EGCG, galato de epigalocatequina, debe ser &lt; 800 mg). No debe consumirse si est\u00e1 tomando otros productos de t\u00e9 verde el mismo d\u00eda. No deben consumirlo las mujeres embarazadas o en per\u00edodo de lactancia ni los menores de 18 a\u00f1os. No consumir en ayunas  - No superar la dosis diaria expresamente recomendada.  - Mantener fuera del alcance de los ni\u00f1os m\u00e1s peque\u00f1os.  - Los complementos alimenticios deben ser usados en el cuadro de un modo de vida sano y no pueden ser utilizados como sustitutos de una dieta variada y equilibrada.","og_url":"https:\/\/surysaray.com\/de\/producto\/lipo-f-90-comprimidos\/","og_site_name":"Sury Saray","article_modified_time":"2024-03-22T11:46:53+00:00","og_image":[{"width":800,"height":800,"url":"https:\/\/surysaray.com\/wp-content\/uploads\/2024\/03\/lipo-f.png","type":"image\/png"}],"twitter_card":"summary_large_image","schema":{"@context":"https:\/\/schema.org","@graph":[{"@type":"WebPage","@id":"https:\/\/surysaray.com\/de\/producto\/lipo-f-90-comprimidos\/","url":"https:\/\/surysaray.com\/de\/producto\/lipo-f-90-comprimidos\/","name":"LIPO F (90 Comprimidos) - Sury Saray","isPartOf":{"@id":"https:\/\/surysaray.com\/#website"},"datePublished":"2024-03-20T15:57:31+00:00","dateModified":"2024-03-22T11:46:53+00:00","breadcrumb":{"@id":"https:\/\/surysaray.com\/de\/producto\/lipo-f-90-comprimidos\/#breadcrumb"},"inLanguage":"de-DE","potentialAction":[{"@type":"ReadAction","target":["https:\/\/surysaray.com\/de\/producto\/lipo-f-90-comprimidos\/"]}]},{"@type":"BreadcrumbList","@id":"https:\/\/surysaray.com\/de\/producto\/lipo-f-90-comprimidos\/#breadcrumb","itemListElement":[{"@type":"ListItem","position":1,"name":"Portada","item":"https:\/\/surysaray.com\/de\/"},{"@type":"ListItem","position":2,"name":"Shop","item":"https:\/\/surysaray.com\/de\/online-shop\/"},{"@type":"ListItem","position":3,"name":"LIPO F (90 Comprimidos)"}]},{"@type":"WebSite","@id":"https:\/\/surysaray.com\/#website","url":"https:\/\/surysaray.com\/","name":"Sury Saray","description":"","potentialAction":[{"@type":"SearchAction","target":{"@type":"EntryPoint","urlTemplate":"https:\/\/surysaray.com\/?s={search_term_string}"},"query-input":"required name=search_term_string"}],"inLanguage":"de-DE"}]}},"_links":{"self":[{"href":"https:\/\/surysaray.com\/de\/wp-json\/wp\/v3\/product\/16998"}],"collection":[{"href":"https:\/\/surysaray.com\/de\/wp-json\/wp\/v3\/product"}],"about":[{"href":"https:\/\/surysaray.com\/de\/wp-json\/wp\/v2\/types\/product"}],"wp:featuredmedia":[{"embeddable":true,"href":"https:\/\/surysaray.com\/de\/wp-json\/wp\/v2\/media\/16994"}],"wp:attachment":[{"href":"https:\/\/surysaray.com\/de\/wp-json\/wp\/v2\/media?parent=16998"}],"wp:term":[{"taxonomy":"product_cat","embeddable":true,"href":"https:\/\/surysaray.com\/de\/wp-json\/wp\/v2\/product_cat?post=16998"},{"taxonomy":"product_tag","embeddable":true,"href":"https:\/\/surysaray.com\/de\/wp-json\/wp\/v2\/product_tag?post=16998"}],"curies":[{"name":"wp","href":"https:\/\/api.w.org\/{rel}","templated":true}]}}