{"id":16877,"date":"2024-03-15T12:39:55","date_gmt":"2024-03-15T11:39:55","guid":{"rendered":"https:\/\/surysaray.com\/producto\/coralip-15ml\/"},"modified":"2024-03-15T12:39:55","modified_gmt":"2024-03-15T11:39:55","slug":"coralip-15ml","status":"publish","type":"product","link":"https:\/\/surysaray.com\/de\/producto\/coralip-15ml\/","title":{"rendered":"Coralip 15ml"},"content":{"rendered":"","protected":false},"excerpt":{"rendered":"<p>B\u00e1lsamo antiarrugas regenerante e hidratante para labios y contorno peribucal.<\/p>\n<p>Ingredientes principales: Fillederm\u2122, Gatuline\u00ae Expression AF, Aceite de Rosa Mosqueta, \u00c1cido Hialur\u00f3nico de bajo peso molecular, Manteca de Karit\u00e9, Centella Asi\u00e1tica.<\/p>\n<p>Modo de uso: Se puede emplear tanto como b\u00e1lsamo reparador y como mascarilla nocturna. Aplicar a demanda en labio y contorno, seg\u00fan la necesidad de la piel con un suave masaje. Como mascarilla nocturna: Aplicar por la noche masajeando una capa mayor de producto en el labio y alrededores. En las arrugas m\u00e1s profundas, estirar la piel y aplicar una mayor cantidad de producto.<\/p>\n","protected":false},"featured_media":16837,"template":"","meta":{"_joinchat":[]},"product_cat":[692,693,694,691],"product_tag":[],"yoast_head":"<!-- This site is optimized with the Yoast SEO plugin v20.2.1 - https:\/\/yoast.com\/wordpress\/plugins\/seo\/ -->\n<title>Coralip 15ml - Sury Saray<\/title>\n<meta name=\"robots\" content=\"noindex, follow\" \/>\n<meta property=\"og:locale\" content=\"de_DE\" \/>\n<meta property=\"og:type\" content=\"article\" \/>\n<meta property=\"og:title\" content=\"Coralip 15ml - Sury Saray\" \/>\n<meta property=\"og:description\" content=\"B\u00e1lsamo antiarrugas regenerante e hidratante para labios y contorno peribucal.  Ingredientes principales: Fillederm\u2122, Gatuline\u00ae Expression AF, Aceite de Rosa Mosqueta, \u00c1cido Hialur\u00f3nico de bajo peso molecular, Manteca de Karit\u00e9, Centella Asi\u00e1tica.  Modo de uso: Se puede emplear tanto como b\u00e1lsamo reparador y como mascarilla nocturna. Aplicar a demanda en labio y contorno, seg\u00fan la necesidad de la piel con un suave masaje. Como mascarilla nocturna: Aplicar por la noche masajeando una capa mayor de producto en el labio y alrededores. En las arrugas m\u00e1s profundas, estirar la piel y aplicar una mayor cantidad de producto.\" \/>\n<meta property=\"og:url\" content=\"https:\/\/surysaray.com\/de\/producto\/coralip-15ml\/\" \/>\n<meta property=\"og:site_name\" content=\"Sury Saray\" \/>\n<meta name=\"twitter:card\" content=\"summary_large_image\" \/>\n<script type=\"application\/ld+json\" class=\"yoast-schema-graph\">{\"@context\":\"https:\/\/schema.org\",\"@graph\":[{\"@type\":\"WebPage\",\"@id\":\"https:\/\/surysaray.com\/de\/producto\/coralip-15ml\/\",\"url\":\"https:\/\/surysaray.com\/de\/producto\/coralip-15ml\/\",\"name\":\"Coralip 15ml - Sury Saray\",\"isPartOf\":{\"@id\":\"https:\/\/surysaray.com\/#website\"},\"datePublished\":\"2024-03-15T11:39:55+00:00\",\"dateModified\":\"2024-03-15T11:39:55+00:00\",\"breadcrumb\":{\"@id\":\"https:\/\/surysaray.com\/de\/producto\/coralip-15ml\/#breadcrumb\"},\"inLanguage\":\"de-DE\",\"potentialAction\":[{\"@type\":\"ReadAction\",\"target\":[\"https:\/\/surysaray.com\/de\/producto\/coralip-15ml\/\"]}]},{\"@type\":\"BreadcrumbList\",\"@id\":\"https:\/\/surysaray.com\/de\/producto\/coralip-15ml\/#breadcrumb\",\"itemListElement\":[{\"@type\":\"ListItem\",\"position\":1,\"name\":\"Portada\",\"item\":\"https:\/\/surysaray.com\/de\/\"},{\"@type\":\"ListItem\",\"position\":2,\"name\":\"Shop\",\"item\":\"https:\/\/surysaray.com\/de\/online-shop\/\"},{\"@type\":\"ListItem\",\"position\":3,\"name\":\"Coralip 15ml\"}]},{\"@type\":\"WebSite\",\"@id\":\"https:\/\/surysaray.com\/#website\",\"url\":\"https:\/\/surysaray.com\/\",\"name\":\"Sury Saray\",\"description\":\"\",\"potentialAction\":[{\"@type\":\"SearchAction\",\"target\":{\"@type\":\"EntryPoint\",\"urlTemplate\":\"https:\/\/surysaray.com\/?s={search_term_string}\"},\"query-input\":\"required name=search_term_string\"}],\"inLanguage\":\"de-DE\"}]}<\/script>\n<!-- \/ Yoast SEO plugin. -->","yoast_head_json":{"title":"Coralip 15ml - Sury Saray","robots":{"index":"noindex","follow":"follow"},"og_locale":"de_DE","og_type":"article","og_title":"Coralip 15ml - Sury Saray","og_description":"B\u00e1lsamo antiarrugas regenerante e hidratante para labios y contorno peribucal.  Ingredientes principales: Fillederm\u2122, Gatuline\u00ae Expression AF, Aceite de Rosa Mosqueta, \u00c1cido Hialur\u00f3nico de bajo peso molecular, Manteca de Karit\u00e9, Centella Asi\u00e1tica.  Modo de uso: Se puede emplear tanto como b\u00e1lsamo reparador y como mascarilla nocturna. Aplicar a demanda en labio y contorno, seg\u00fan la necesidad de la piel con un suave masaje. Como mascarilla nocturna: Aplicar por la noche masajeando una capa mayor de producto en el labio y alrededores. En las arrugas m\u00e1s profundas, estirar la piel y aplicar una mayor cantidad de producto.","og_url":"https:\/\/surysaray.com\/de\/producto\/coralip-15ml\/","og_site_name":"Sury Saray","twitter_card":"summary_large_image","schema":{"@context":"https:\/\/schema.org","@graph":[{"@type":"WebPage","@id":"https:\/\/surysaray.com\/de\/producto\/coralip-15ml\/","url":"https:\/\/surysaray.com\/de\/producto\/coralip-15ml\/","name":"Coralip 15ml - Sury Saray","isPartOf":{"@id":"https:\/\/surysaray.com\/#website"},"datePublished":"2024-03-15T11:39:55+00:00","dateModified":"2024-03-15T11:39:55+00:00","breadcrumb":{"@id":"https:\/\/surysaray.com\/de\/producto\/coralip-15ml\/#breadcrumb"},"inLanguage":"de-DE","potentialAction":[{"@type":"ReadAction","target":["https:\/\/surysaray.com\/de\/producto\/coralip-15ml\/"]}]},{"@type":"BreadcrumbList","@id":"https:\/\/surysaray.com\/de\/producto\/coralip-15ml\/#breadcrumb","itemListElement":[{"@type":"ListItem","position":1,"name":"Portada","item":"https:\/\/surysaray.com\/de\/"},{"@type":"ListItem","position":2,"name":"Shop","item":"https:\/\/surysaray.com\/de\/online-shop\/"},{"@type":"ListItem","position":3,"name":"Coralip 15ml"}]},{"@type":"WebSite","@id":"https:\/\/surysaray.com\/#website","url":"https:\/\/surysaray.com\/","name":"Sury Saray","description":"","potentialAction":[{"@type":"SearchAction","target":{"@type":"EntryPoint","urlTemplate":"https:\/\/surysaray.com\/?s={search_term_string}"},"query-input":"required name=search_term_string"}],"inLanguage":"de-DE"}]}},"_links":{"self":[{"href":"https:\/\/surysaray.com\/de\/wp-json\/wp\/v3\/product\/16877"}],"collection":[{"href":"https:\/\/surysaray.com\/de\/wp-json\/wp\/v3\/product"}],"about":[{"href":"https:\/\/surysaray.com\/de\/wp-json\/wp\/v2\/types\/product"}],"wp:featuredmedia":[{"embeddable":true,"href":"https:\/\/surysaray.com\/de\/wp-json\/wp\/v2\/media\/16837"}],"wp:attachment":[{"href":"https:\/\/surysaray.com\/de\/wp-json\/wp\/v2\/media?parent=16877"}],"wp:term":[{"taxonomy":"product_cat","embeddable":true,"href":"https:\/\/surysaray.com\/de\/wp-json\/wp\/v2\/product_cat?post=16877"},{"taxonomy":"product_tag","embeddable":true,"href":"https:\/\/surysaray.com\/de\/wp-json\/wp\/v2\/product_tag?post=16877"}],"curies":[{"name":"wp","href":"https:\/\/api.w.org\/{rel}","templated":true}]}}