{"id":1499,"date":"2019-08-06T11:59:17","date_gmt":"2019-08-06T09:59:17","guid":{"rendered":"https:\/\/surysaray.com\/producto\/cheque-regalo-a-gastar-en-tienda\/"},"modified":"2023-12-14T13:03:15","modified_gmt":"2023-12-14T12:03:15","slug":"geschenkgutschein-zum-einloesen-im-geschaeft","status":"publish","type":"product","link":"https:\/\/surysaray.com\/de\/producto\/geschenkgutschein-zum-einloesen-im-geschaeft\/","title":{"rendered":"Geschenkgutschein zum Einl\u00f6sen im Gesch\u00e4ft"},"content":{"rendered":"","protected":false},"excerpt":{"rendered":"<p>Genie\u00dfen Sie <strong>einen einzigartigen Moment f\u00fcr sich selbst<\/strong>. Entspannen Sie K\u00f6rper und Geist, w\u00e4hrend Sie eine <strong>exklusive, individuelle Behandlung<\/strong> erhalten. Im Kosmetikstudio Sury Saray bieten wir Ihnen ein verw\u00f6hnendes <strong>Gesundheits- und\/oder Sch\u00f6nheitserlebnis<\/strong> auf Mallorca.<\/p>\n<p>Wenn Sie f\u00fcr den Kauf eines <strong>Gutscheins<\/strong> entscheiden, haben Sie die M\u00f6glichkeit, die <strong>gew\u00fcnschte Behandlungsart zu<\/strong> <strong>kombinieren<\/strong>.<\/p>\n<p><strong>Die Geschenkgutscheine haben eine G\u00fcltigkeit von sechs Monaten ab dem Kaufdatum.<\/strong><\/p>\n","protected":false},"featured_media":1445,"template":"","meta":{"_joinchat":[]},"product_cat":[107],"product_tag":[],"yoast_head":"<!-- This site is optimized with the Yoast SEO plugin v20.2.1 - https:\/\/yoast.com\/wordpress\/plugins\/seo\/ -->\n<title>Geschenkgutschein zum Einl\u00f6sen im Gesch\u00e4ft - Sury Saray<\/title>\n<meta name=\"robots\" content=\"noindex, follow\" \/>\n<meta property=\"og:locale\" content=\"de_DE\" \/>\n<meta property=\"og:type\" content=\"article\" \/>\n<meta property=\"og:title\" content=\"Geschenkgutschein zum Einl\u00f6sen im Gesch\u00e4ft - Sury Saray\" \/>\n<meta property=\"og:description\" content=\"Genie\u00dfen Sie einen einzigartigen Moment f\u00fcr sich selbst. Entspannen Sie K\u00f6rper und Geist, w\u00e4hrend Sie eine exklusive, individuelle Behandlung erhalten. Im Kosmetikstudio Sury Saray bieten wir Ihnen ein verw\u00f6hnendes Gesundheits- und\/oder Sch\u00f6nheitserlebnis auf Mallorca.  Wenn Sie f\u00fcr den Kauf eines Gutscheins entscheiden, haben Sie die M\u00f6glichkeit, die gew\u00fcnschte Behandlungsart zu kombinieren.  Die Geschenkgutscheine haben eine G\u00fcltigkeit von sechs Monaten ab dem Kaufdatum.\" \/>\n<meta property=\"og:url\" content=\"https:\/\/surysaray.com\/de\/producto\/geschenkgutschein-zum-einloesen-im-geschaeft\/\" \/>\n<meta property=\"og:site_name\" content=\"Sury Saray\" \/>\n<meta property=\"article:modified_time\" content=\"2023-12-14T12:03:15+00:00\" \/>\n<meta property=\"og:image\" content=\"https:\/\/surysaray.com\/wp-content\/uploads\/2019\/07\/sury-saray-centro-de-estetica-vale-regalo-03.jpg\" \/>\n\t<meta property=\"og:image:width\" content=\"500\" \/>\n\t<meta property=\"og:image:height\" content=\"667\" \/>\n\t<meta property=\"og:image:type\" content=\"image\/jpeg\" \/>\n<meta name=\"twitter:card\" content=\"summary_large_image\" \/>\n<script type=\"application\/ld+json\" class=\"yoast-schema-graph\">{\"@context\":\"https:\/\/schema.org\",\"@graph\":[{\"@type\":\"WebPage\",\"@id\":\"https:\/\/surysaray.com\/de\/producto\/geschenkgutschein-zum-einloesen-im-geschaeft\/\",\"url\":\"https:\/\/surysaray.com\/de\/producto\/geschenkgutschein-zum-einloesen-im-geschaeft\/\",\"name\":\"Geschenkgutschein zum Einl\u00f6sen im Gesch\u00e4ft - Sury Saray\",\"isPartOf\":{\"@id\":\"https:\/\/surysaray.com\/#website\"},\"datePublished\":\"2019-08-06T09:59:17+00:00\",\"dateModified\":\"2023-12-14T12:03:15+00:00\",\"breadcrumb\":{\"@id\":\"https:\/\/surysaray.com\/de\/producto\/geschenkgutschein-zum-einloesen-im-geschaeft\/#breadcrumb\"},\"inLanguage\":\"de-DE\",\"potentialAction\":[{\"@type\":\"ReadAction\",\"target\":[\"https:\/\/surysaray.com\/de\/producto\/geschenkgutschein-zum-einloesen-im-geschaeft\/\"]}]},{\"@type\":\"BreadcrumbList\",\"@id\":\"https:\/\/surysaray.com\/de\/producto\/geschenkgutschein-zum-einloesen-im-geschaeft\/#breadcrumb\",\"itemListElement\":[{\"@type\":\"ListItem\",\"position\":1,\"name\":\"Portada\",\"item\":\"https:\/\/surysaray.com\/de\/\"},{\"@type\":\"ListItem\",\"position\":2,\"name\":\"Shop\",\"item\":\"https:\/\/surysaray.com\/de\/online-shop\/\"},{\"@type\":\"ListItem\",\"position\":3,\"name\":\"Geschenkgutschein zum Einl\u00f6sen im Gesch\u00e4ft\"}]},{\"@type\":\"WebSite\",\"@id\":\"https:\/\/surysaray.com\/#website\",\"url\":\"https:\/\/surysaray.com\/\",\"name\":\"Sury Saray\",\"description\":\"\",\"potentialAction\":[{\"@type\":\"SearchAction\",\"target\":{\"@type\":\"EntryPoint\",\"urlTemplate\":\"https:\/\/surysaray.com\/?s={search_term_string}\"},\"query-input\":\"required name=search_term_string\"}],\"inLanguage\":\"de-DE\"}]}<\/script>\n<!-- \/ Yoast SEO plugin. -->","yoast_head_json":{"title":"Geschenkgutschein zum Einl\u00f6sen im Gesch\u00e4ft - Sury Saray","robots":{"index":"noindex","follow":"follow"},"og_locale":"de_DE","og_type":"article","og_title":"Geschenkgutschein zum Einl\u00f6sen im Gesch\u00e4ft - Sury Saray","og_description":"Genie\u00dfen Sie einen einzigartigen Moment f\u00fcr sich selbst. Entspannen Sie K\u00f6rper und Geist, w\u00e4hrend Sie eine exklusive, individuelle Behandlung erhalten. Im Kosmetikstudio Sury Saray bieten wir Ihnen ein verw\u00f6hnendes Gesundheits- und\/oder Sch\u00f6nheitserlebnis auf Mallorca.  Wenn Sie f\u00fcr den Kauf eines Gutscheins entscheiden, haben Sie die M\u00f6glichkeit, die gew\u00fcnschte Behandlungsart zu kombinieren.  Die Geschenkgutscheine haben eine G\u00fcltigkeit von sechs Monaten ab dem Kaufdatum.","og_url":"https:\/\/surysaray.com\/de\/producto\/geschenkgutschein-zum-einloesen-im-geschaeft\/","og_site_name":"Sury Saray","article_modified_time":"2023-12-14T12:03:15+00:00","og_image":[{"width":500,"height":667,"url":"https:\/\/surysaray.com\/wp-content\/uploads\/2019\/07\/sury-saray-centro-de-estetica-vale-regalo-03.jpg","type":"image\/jpeg"}],"twitter_card":"summary_large_image","schema":{"@context":"https:\/\/schema.org","@graph":[{"@type":"WebPage","@id":"https:\/\/surysaray.com\/de\/producto\/geschenkgutschein-zum-einloesen-im-geschaeft\/","url":"https:\/\/surysaray.com\/de\/producto\/geschenkgutschein-zum-einloesen-im-geschaeft\/","name":"Geschenkgutschein zum Einl\u00f6sen im Gesch\u00e4ft - Sury Saray","isPartOf":{"@id":"https:\/\/surysaray.com\/#website"},"datePublished":"2019-08-06T09:59:17+00:00","dateModified":"2023-12-14T12:03:15+00:00","breadcrumb":{"@id":"https:\/\/surysaray.com\/de\/producto\/geschenkgutschein-zum-einloesen-im-geschaeft\/#breadcrumb"},"inLanguage":"de-DE","potentialAction":[{"@type":"ReadAction","target":["https:\/\/surysaray.com\/de\/producto\/geschenkgutschein-zum-einloesen-im-geschaeft\/"]}]},{"@type":"BreadcrumbList","@id":"https:\/\/surysaray.com\/de\/producto\/geschenkgutschein-zum-einloesen-im-geschaeft\/#breadcrumb","itemListElement":[{"@type":"ListItem","position":1,"name":"Portada","item":"https:\/\/surysaray.com\/de\/"},{"@type":"ListItem","position":2,"name":"Shop","item":"https:\/\/surysaray.com\/de\/online-shop\/"},{"@type":"ListItem","position":3,"name":"Geschenkgutschein zum Einl\u00f6sen im Gesch\u00e4ft"}]},{"@type":"WebSite","@id":"https:\/\/surysaray.com\/#website","url":"https:\/\/surysaray.com\/","name":"Sury Saray","description":"","potentialAction":[{"@type":"SearchAction","target":{"@type":"EntryPoint","urlTemplate":"https:\/\/surysaray.com\/?s={search_term_string}"},"query-input":"required name=search_term_string"}],"inLanguage":"de-DE"}]}},"_links":{"self":[{"href":"https:\/\/surysaray.com\/de\/wp-json\/wp\/v3\/product\/1499"}],"collection":[{"href":"https:\/\/surysaray.com\/de\/wp-json\/wp\/v3\/product"}],"about":[{"href":"https:\/\/surysaray.com\/de\/wp-json\/wp\/v2\/types\/product"}],"wp:featuredmedia":[{"embeddable":true,"href":"https:\/\/surysaray.com\/de\/wp-json\/wp\/v2\/media\/1445"}],"wp:attachment":[{"href":"https:\/\/surysaray.com\/de\/wp-json\/wp\/v2\/media?parent=1499"}],"wp:term":[{"taxonomy":"product_cat","embeddable":true,"href":"https:\/\/surysaray.com\/de\/wp-json\/wp\/v2\/product_cat?post=1499"},{"taxonomy":"product_tag","embeddable":true,"href":"https:\/\/surysaray.com\/de\/wp-json\/wp\/v2\/product_tag?post=1499"}],"curies":[{"name":"wp","href":"https:\/\/api.w.org\/{rel}","templated":true}]}}