{"id":1480,"date":"2019-08-06T11:49:55","date_gmt":"2019-08-06T09:49:55","guid":{"rendered":"https:\/\/surysaray.com\/producto\/tratamiento-anti-acne-tratamiento-d-tox-o-tratamiento-corporal-focalizado-presoterapia-ballancer\/"},"modified":"2020-01-29T16:47:40","modified_gmt":"2020-01-29T15:47:40","slug":"gold-mask-treatment","status":"publish","type":"product","link":"https:\/\/surysaray.com\/de\/producto\/gold-mask-treatment\/","title":{"rendered":"Gold mask treatment"},"content":{"rendered":"","protected":false},"excerpt":{"rendered":"<p>Genie\u00dfen Sie <strong>einen einzigartigen Moment f\u00fcr sich selbst<\/strong>. Entspannen Sie K\u00f6rper und Geist, w\u00e4hrend Sie eine <strong>exklusive, individuelle Behandlung<\/strong> erhalten. Im Kosmetikstudio Sury Saray bieten wir Ihnen ein verw\u00f6hnendes <strong>Gesundheits- und\/oder Sch\u00f6nheitserlebnis<\/strong> auf Mallorca.<\/p>\n<p>Wenn Sie f\u00fcr den Kauf eines <strong>Gutscheins<\/strong> entscheiden, haben Sie die M\u00f6glichkeit, die <strong>gew\u00fcnschte Behandlungsart zu<\/strong> <strong>kombinieren<\/strong>.<\/p>\n<p><strong>Die Geschenkgutscheine haben eine G\u00fcltigkeit von sechs Monaten ab dem Kaufdatum.<\/strong><\/p>\n","protected":false},"featured_media":5311,"template":"","meta":{"_joinchat":[]},"product_cat":[74],"product_tag":[],"yoast_head":"<!-- This site is optimized with the Yoast SEO plugin v20.2.1 - https:\/\/yoast.com\/wordpress\/plugins\/seo\/ -->\n<title>Gold mask treatment - Sury Saray<\/title>\n<meta name=\"robots\" content=\"noindex, follow\" \/>\n<meta property=\"og:locale\" content=\"de_DE\" \/>\n<meta property=\"og:type\" content=\"article\" \/>\n<meta property=\"og:title\" content=\"Gold mask treatment - Sury Saray\" \/>\n<meta property=\"og:description\" content=\"Genie\u00dfen Sie einen einzigartigen Moment f\u00fcr sich selbst. Entspannen Sie K\u00f6rper und Geist, w\u00e4hrend Sie eine exklusive, individuelle Behandlung erhalten. Im Kosmetikstudio Sury Saray bieten wir Ihnen ein verw\u00f6hnendes Gesundheits- und\/oder Sch\u00f6nheitserlebnis auf Mallorca.  Wenn Sie f\u00fcr den Kauf eines Gutscheins entscheiden, haben Sie die M\u00f6glichkeit, die gew\u00fcnschte Behandlungsart zu kombinieren.  Die Geschenkgutscheine haben eine G\u00fcltigkeit von sechs Monaten ab dem Kaufdatum.\" \/>\n<meta property=\"og:url\" content=\"https:\/\/surysaray.com\/de\/producto\/gold-mask-treatment\/\" \/>\n<meta property=\"og:site_name\" content=\"Sury Saray\" \/>\n<meta property=\"article:modified_time\" content=\"2020-01-29T15:47:40+00:00\" \/>\n<meta property=\"og:image\" content=\"https:\/\/surysaray.com\/wp-content\/uploads\/2019\/08\/sury-saray-centro-de-estetica-tu-mejor-versi\u00f3n-03.jpg\" \/>\n\t<meta property=\"og:image:width\" content=\"1080\" \/>\n\t<meta property=\"og:image:height\" content=\"1440\" \/>\n\t<meta property=\"og:image:type\" content=\"image\/jpeg\" \/>\n<meta name=\"twitter:card\" content=\"summary_large_image\" \/>\n<script type=\"application\/ld+json\" class=\"yoast-schema-graph\">{\"@context\":\"https:\/\/schema.org\",\"@graph\":[{\"@type\":\"WebPage\",\"@id\":\"https:\/\/surysaray.com\/de\/producto\/gold-mask-treatment\/\",\"url\":\"https:\/\/surysaray.com\/de\/producto\/gold-mask-treatment\/\",\"name\":\"Gold mask treatment - Sury Saray\",\"isPartOf\":{\"@id\":\"https:\/\/surysaray.com\/#website\"},\"datePublished\":\"2019-08-06T09:49:55+00:00\",\"dateModified\":\"2020-01-29T15:47:40+00:00\",\"breadcrumb\":{\"@id\":\"https:\/\/surysaray.com\/de\/producto\/gold-mask-treatment\/#breadcrumb\"},\"inLanguage\":\"de-DE\",\"potentialAction\":[{\"@type\":\"ReadAction\",\"target\":[\"https:\/\/surysaray.com\/de\/producto\/gold-mask-treatment\/\"]}]},{\"@type\":\"BreadcrumbList\",\"@id\":\"https:\/\/surysaray.com\/de\/producto\/gold-mask-treatment\/#breadcrumb\",\"itemListElement\":[{\"@type\":\"ListItem\",\"position\":1,\"name\":\"Portada\",\"item\":\"https:\/\/surysaray.com\/de\/\"},{\"@type\":\"ListItem\",\"position\":2,\"name\":\"Shop\",\"item\":\"https:\/\/surysaray.com\/de\/online-shop\/\"},{\"@type\":\"ListItem\",\"position\":3,\"name\":\"Gold mask treatment\"}]},{\"@type\":\"WebSite\",\"@id\":\"https:\/\/surysaray.com\/#website\",\"url\":\"https:\/\/surysaray.com\/\",\"name\":\"Sury Saray\",\"description\":\"\",\"potentialAction\":[{\"@type\":\"SearchAction\",\"target\":{\"@type\":\"EntryPoint\",\"urlTemplate\":\"https:\/\/surysaray.com\/?s={search_term_string}\"},\"query-input\":\"required name=search_term_string\"}],\"inLanguage\":\"de-DE\"}]}<\/script>\n<!-- \/ Yoast SEO plugin. -->","yoast_head_json":{"title":"Gold mask treatment - Sury Saray","robots":{"index":"noindex","follow":"follow"},"og_locale":"de_DE","og_type":"article","og_title":"Gold mask treatment - Sury Saray","og_description":"Genie\u00dfen Sie einen einzigartigen Moment f\u00fcr sich selbst. Entspannen Sie K\u00f6rper und Geist, w\u00e4hrend Sie eine exklusive, individuelle Behandlung erhalten. Im Kosmetikstudio Sury Saray bieten wir Ihnen ein verw\u00f6hnendes Gesundheits- und\/oder Sch\u00f6nheitserlebnis auf Mallorca.  Wenn Sie f\u00fcr den Kauf eines Gutscheins entscheiden, haben Sie die M\u00f6glichkeit, die gew\u00fcnschte Behandlungsart zu kombinieren.  Die Geschenkgutscheine haben eine G\u00fcltigkeit von sechs Monaten ab dem Kaufdatum.","og_url":"https:\/\/surysaray.com\/de\/producto\/gold-mask-treatment\/","og_site_name":"Sury Saray","article_modified_time":"2020-01-29T15:47:40+00:00","og_image":[{"width":1080,"height":1440,"url":"https:\/\/surysaray.com\/wp-content\/uploads\/2019\/08\/sury-saray-centro-de-estetica-tu-mejor-versi\u00f3n-03.jpg","type":"image\/jpeg"}],"twitter_card":"summary_large_image","schema":{"@context":"https:\/\/schema.org","@graph":[{"@type":"WebPage","@id":"https:\/\/surysaray.com\/de\/producto\/gold-mask-treatment\/","url":"https:\/\/surysaray.com\/de\/producto\/gold-mask-treatment\/","name":"Gold mask treatment - Sury Saray","isPartOf":{"@id":"https:\/\/surysaray.com\/#website"},"datePublished":"2019-08-06T09:49:55+00:00","dateModified":"2020-01-29T15:47:40+00:00","breadcrumb":{"@id":"https:\/\/surysaray.com\/de\/producto\/gold-mask-treatment\/#breadcrumb"},"inLanguage":"de-DE","potentialAction":[{"@type":"ReadAction","target":["https:\/\/surysaray.com\/de\/producto\/gold-mask-treatment\/"]}]},{"@type":"BreadcrumbList","@id":"https:\/\/surysaray.com\/de\/producto\/gold-mask-treatment\/#breadcrumb","itemListElement":[{"@type":"ListItem","position":1,"name":"Portada","item":"https:\/\/surysaray.com\/de\/"},{"@type":"ListItem","position":2,"name":"Shop","item":"https:\/\/surysaray.com\/de\/online-shop\/"},{"@type":"ListItem","position":3,"name":"Gold mask treatment"}]},{"@type":"WebSite","@id":"https:\/\/surysaray.com\/#website","url":"https:\/\/surysaray.com\/","name":"Sury Saray","description":"","potentialAction":[{"@type":"SearchAction","target":{"@type":"EntryPoint","urlTemplate":"https:\/\/surysaray.com\/?s={search_term_string}"},"query-input":"required name=search_term_string"}],"inLanguage":"de-DE"}]}},"_links":{"self":[{"href":"https:\/\/surysaray.com\/de\/wp-json\/wp\/v3\/product\/1480"}],"collection":[{"href":"https:\/\/surysaray.com\/de\/wp-json\/wp\/v3\/product"}],"about":[{"href":"https:\/\/surysaray.com\/de\/wp-json\/wp\/v2\/types\/product"}],"wp:featuredmedia":[{"embeddable":true,"href":"https:\/\/surysaray.com\/de\/wp-json\/wp\/v2\/media\/5311"}],"wp:attachment":[{"href":"https:\/\/surysaray.com\/de\/wp-json\/wp\/v2\/media?parent=1480"}],"wp:term":[{"taxonomy":"product_cat","embeddable":true,"href":"https:\/\/surysaray.com\/de\/wp-json\/wp\/v2\/product_cat?post=1480"},{"taxonomy":"product_tag","embeddable":true,"href":"https:\/\/surysaray.com\/de\/wp-json\/wp\/v2\/product_tag?post=1480"}],"curies":[{"name":"wp","href":"https:\/\/api.w.org\/{rel}","templated":true}]}}