{"id":1447,"date":"2019-07-23T14:36:22","date_gmt":"2019-08-07T09:27:05","guid":{"rendered":"https:\/\/surysaray.com\/?post_type=product&#038;p=1447"},"modified":"2020-01-29T16:43:58","modified_gmt":"2020-01-29T15:43:58","slug":"relax-komfort-massage","status":"publish","type":"product","link":"https:\/\/surysaray.com\/de\/producto\/relax-komfort-massage\/","title":{"rendered":"Relax-Komfort Massage"},"content":{"rendered":"","protected":false},"excerpt":{"rendered":"<p>Genie\u00dfen Sie <strong>einen einzigartigen Moment f\u00fcr sich selbst<\/strong>. Entspannen Sie K\u00f6rper und Geist, w\u00e4hrend Sie eine <strong>exklusive, individuelle Behandlung<\/strong> erhalten. Im Kosmetikstudio Sury Saray bieten wir Ihnen ein verw\u00f6hnendes <strong>Gesundheits- und\/oder Sch\u00f6nheitserlebnis<\/strong> auf Mallorca.<\/p>\n<p><strong>Die Geschenkgutscheine haben eine G\u00fcltigkeit von sechs Monaten ab dem Kaufdatum.<\/strong><\/p>\n","protected":false},"featured_media":5298,"template":"","meta":{"_joinchat":[]},"product_cat":[74],"product_tag":[],"yoast_head":"<!-- This site is optimized with the Yoast SEO plugin v20.2.1 - https:\/\/yoast.com\/wordpress\/plugins\/seo\/ -->\n<title>Relax-Komfort Massage - Sury Saray<\/title>\n<meta name=\"robots\" content=\"noindex, follow\" \/>\n<meta property=\"og:locale\" content=\"de_DE\" \/>\n<meta property=\"og:type\" content=\"article\" \/>\n<meta property=\"og:title\" content=\"Relax-Komfort Massage - Sury Saray\" \/>\n<meta property=\"og:description\" content=\"Genie\u00dfen Sie einen einzigartigen Moment f\u00fcr sich selbst. Entspannen Sie K\u00f6rper und Geist, w\u00e4hrend Sie eine exklusive, individuelle Behandlung erhalten. Im Kosmetikstudio Sury Saray bieten wir Ihnen ein verw\u00f6hnendes Gesundheits- und\/oder Sch\u00f6nheitserlebnis auf Mallorca.  Die Geschenkgutscheine haben eine G\u00fcltigkeit von sechs Monaten ab dem Kaufdatum.\" \/>\n<meta property=\"og:url\" content=\"https:\/\/surysaray.com\/de\/producto\/relax-komfort-massage\/\" \/>\n<meta property=\"og:site_name\" content=\"Sury Saray\" \/>\n<meta property=\"article:modified_time\" content=\"2020-01-29T15:43:58+00:00\" \/>\n<meta property=\"og:image\" content=\"https:\/\/surysaray.com\/wp-content\/uploads\/2019\/07\/sury-saray-centro-de-estetica-tiempo-para-ti-03.jpg\" \/>\n\t<meta property=\"og:image:width\" content=\"1080\" \/>\n\t<meta property=\"og:image:height\" content=\"1440\" \/>\n\t<meta property=\"og:image:type\" content=\"image\/jpeg\" \/>\n<meta name=\"twitter:card\" content=\"summary_large_image\" \/>\n<script type=\"application\/ld+json\" class=\"yoast-schema-graph\">{\"@context\":\"https:\/\/schema.org\",\"@graph\":[{\"@type\":\"WebPage\",\"@id\":\"https:\/\/surysaray.com\/de\/producto\/relax-komfort-massage\/\",\"url\":\"https:\/\/surysaray.com\/de\/producto\/relax-komfort-massage\/\",\"name\":\"Relax-Komfort Massage - Sury Saray\",\"isPartOf\":{\"@id\":\"https:\/\/surysaray.com\/#website\"},\"datePublished\":\"2019-08-07T09:27:05+00:00\",\"dateModified\":\"2020-01-29T15:43:58+00:00\",\"breadcrumb\":{\"@id\":\"https:\/\/surysaray.com\/de\/producto\/relax-komfort-massage\/#breadcrumb\"},\"inLanguage\":\"de-DE\",\"potentialAction\":[{\"@type\":\"ReadAction\",\"target\":[\"https:\/\/surysaray.com\/de\/producto\/relax-komfort-massage\/\"]}]},{\"@type\":\"BreadcrumbList\",\"@id\":\"https:\/\/surysaray.com\/de\/producto\/relax-komfort-massage\/#breadcrumb\",\"itemListElement\":[{\"@type\":\"ListItem\",\"position\":1,\"name\":\"Portada\",\"item\":\"https:\/\/surysaray.com\/de\/\"},{\"@type\":\"ListItem\",\"position\":2,\"name\":\"Shop\",\"item\":\"https:\/\/surysaray.com\/de\/online-shop\/\"},{\"@type\":\"ListItem\",\"position\":3,\"name\":\"Relax-Komfort Massage\"}]},{\"@type\":\"WebSite\",\"@id\":\"https:\/\/surysaray.com\/#website\",\"url\":\"https:\/\/surysaray.com\/\",\"name\":\"Sury Saray\",\"description\":\"\",\"potentialAction\":[{\"@type\":\"SearchAction\",\"target\":{\"@type\":\"EntryPoint\",\"urlTemplate\":\"https:\/\/surysaray.com\/?s={search_term_string}\"},\"query-input\":\"required name=search_term_string\"}],\"inLanguage\":\"de-DE\"}]}<\/script>\n<!-- \/ Yoast SEO plugin. -->","yoast_head_json":{"title":"Relax-Komfort Massage - Sury Saray","robots":{"index":"noindex","follow":"follow"},"og_locale":"de_DE","og_type":"article","og_title":"Relax-Komfort Massage - Sury Saray","og_description":"Genie\u00dfen Sie einen einzigartigen Moment f\u00fcr sich selbst. Entspannen Sie K\u00f6rper und Geist, w\u00e4hrend Sie eine exklusive, individuelle Behandlung erhalten. Im Kosmetikstudio Sury Saray bieten wir Ihnen ein verw\u00f6hnendes Gesundheits- und\/oder Sch\u00f6nheitserlebnis auf Mallorca.  Die Geschenkgutscheine haben eine G\u00fcltigkeit von sechs Monaten ab dem Kaufdatum.","og_url":"https:\/\/surysaray.com\/de\/producto\/relax-komfort-massage\/","og_site_name":"Sury Saray","article_modified_time":"2020-01-29T15:43:58+00:00","og_image":[{"width":1080,"height":1440,"url":"https:\/\/surysaray.com\/wp-content\/uploads\/2019\/07\/sury-saray-centro-de-estetica-tiempo-para-ti-03.jpg","type":"image\/jpeg"}],"twitter_card":"summary_large_image","schema":{"@context":"https:\/\/schema.org","@graph":[{"@type":"WebPage","@id":"https:\/\/surysaray.com\/de\/producto\/relax-komfort-massage\/","url":"https:\/\/surysaray.com\/de\/producto\/relax-komfort-massage\/","name":"Relax-Komfort Massage - Sury Saray","isPartOf":{"@id":"https:\/\/surysaray.com\/#website"},"datePublished":"2019-08-07T09:27:05+00:00","dateModified":"2020-01-29T15:43:58+00:00","breadcrumb":{"@id":"https:\/\/surysaray.com\/de\/producto\/relax-komfort-massage\/#breadcrumb"},"inLanguage":"de-DE","potentialAction":[{"@type":"ReadAction","target":["https:\/\/surysaray.com\/de\/producto\/relax-komfort-massage\/"]}]},{"@type":"BreadcrumbList","@id":"https:\/\/surysaray.com\/de\/producto\/relax-komfort-massage\/#breadcrumb","itemListElement":[{"@type":"ListItem","position":1,"name":"Portada","item":"https:\/\/surysaray.com\/de\/"},{"@type":"ListItem","position":2,"name":"Shop","item":"https:\/\/surysaray.com\/de\/online-shop\/"},{"@type":"ListItem","position":3,"name":"Relax-Komfort Massage"}]},{"@type":"WebSite","@id":"https:\/\/surysaray.com\/#website","url":"https:\/\/surysaray.com\/","name":"Sury Saray","description":"","potentialAction":[{"@type":"SearchAction","target":{"@type":"EntryPoint","urlTemplate":"https:\/\/surysaray.com\/?s={search_term_string}"},"query-input":"required name=search_term_string"}],"inLanguage":"de-DE"}]}},"_links":{"self":[{"href":"https:\/\/surysaray.com\/de\/wp-json\/wp\/v3\/product\/1447"}],"collection":[{"href":"https:\/\/surysaray.com\/de\/wp-json\/wp\/v3\/product"}],"about":[{"href":"https:\/\/surysaray.com\/de\/wp-json\/wp\/v2\/types\/product"}],"wp:featuredmedia":[{"embeddable":true,"href":"https:\/\/surysaray.com\/de\/wp-json\/wp\/v2\/media\/5298"}],"wp:attachment":[{"href":"https:\/\/surysaray.com\/de\/wp-json\/wp\/v2\/media?parent=1447"}],"wp:term":[{"taxonomy":"product_cat","embeddable":true,"href":"https:\/\/surysaray.com\/de\/wp-json\/wp\/v2\/product_cat?post=1447"},{"taxonomy":"product_tag","embeddable":true,"href":"https:\/\/surysaray.com\/de\/wp-json\/wp\/v2\/product_tag?post=1447"}],"curies":[{"name":"wp","href":"https:\/\/api.w.org\/{rel}","templated":true}]}}