{"id":824,"date":"2019-05-14T15:48:58","date_gmt":"2019-05-14T13:48:58","guid":{"rendered":"https:\/\/surysaray.com\/trabaja-con-nosotros\/"},"modified":"2019-05-28T16:26:11","modified_gmt":"2019-05-28T14:26:11","slug":"jobangebote","status":"publish","type":"page","link":"https:\/\/surysaray.com\/de\/jobangebote\/","title":{"rendered":"Arbeiten Sie Uns"},"content":{"rendered":"","protected":false},"excerpt":{"rendered":"","protected":false},"author":4,"featured_media":0,"parent":0,"menu_order":0,"comment_status":"closed","ping_status":"closed","template":"","meta":{"_joinchat":[]},"yoast_head":"<!-- This site is optimized with the Yoast SEO plugin v20.2.1 - https:\/\/yoast.com\/wordpress\/plugins\/seo\/ -->\n<title>M\u00f6chten Sie Teil unseres Teams werden? | Sury Saray<\/title>\n<meta name=\"description\" content=\"Lieben Sie die Welt der Sch\u00f6nheit und K\u00f6rperpflege? Bei Sury Saray entdecken Sie ein herzliches Ambiente und ein dynamisches Team, das Ihnen bei der Erf\u00fcllung Ihrer Tr\u00e4ume hilft.\" \/>\n<meta name=\"robots\" content=\"index, follow, max-snippet:-1, max-image-preview:large, max-video-preview:-1\" \/>\n<link rel=\"canonical\" href=\"https:\/\/surysaray.com\/jobangebote\/\" \/>\n<meta property=\"og:locale\" content=\"de_DE\" \/>\n<meta property=\"og:type\" content=\"article\" \/>\n<meta property=\"og:title\" content=\"M\u00f6chten Sie Teil unseres Teams werden? | Sury Saray\" \/>\n<meta property=\"og:description\" content=\"Lieben Sie die Welt der Sch\u00f6nheit und K\u00f6rperpflege? Bei Sury Saray entdecken Sie ein herzliches Ambiente und ein dynamisches Team, das Ihnen bei der Erf\u00fcllung Ihrer Tr\u00e4ume hilft.\" \/>\n<meta property=\"og:url\" content=\"https:\/\/surysaray.com\/jobangebote\/\" \/>\n<meta property=\"og:site_name\" content=\"Sury Saray\" \/>\n<meta property=\"article:modified_time\" content=\"2019-05-28T14:26:11+00:00\" \/>\n<meta name=\"twitter:card\" content=\"summary_large_image\" \/>\n<script type=\"application\/ld+json\" class=\"yoast-schema-graph\">{\"@context\":\"https:\/\/schema.org\",\"@graph\":[{\"@type\":\"WebPage\",\"@id\":\"https:\/\/surysaray.com\/jobangebote\/\",\"url\":\"https:\/\/surysaray.com\/jobangebote\/\",\"name\":\"M\u00f6chten Sie Teil unseres Teams werden? | Sury Saray\",\"isPartOf\":{\"@id\":\"https:\/\/surysaray.com\/#website\"},\"datePublished\":\"2019-05-14T13:48:58+00:00\",\"dateModified\":\"2019-05-28T14:26:11+00:00\",\"description\":\"Lieben Sie die Welt der Sch\u00f6nheit und K\u00f6rperpflege? Bei Sury Saray entdecken Sie ein herzliches Ambiente und ein dynamisches Team, das Ihnen bei der Erf\u00fcllung Ihrer Tr\u00e4ume hilft.\",\"breadcrumb\":{\"@id\":\"https:\/\/surysaray.com\/jobangebote\/#breadcrumb\"},\"inLanguage\":\"de-DE\",\"potentialAction\":[{\"@type\":\"ReadAction\",\"target\":[\"https:\/\/surysaray.com\/jobangebote\/\"]}]},{\"@type\":\"BreadcrumbList\",\"@id\":\"https:\/\/surysaray.com\/jobangebote\/#breadcrumb\",\"itemListElement\":[{\"@type\":\"ListItem\",\"position\":1,\"name\":\"Portada\",\"item\":\"https:\/\/surysaray.com\/de\/\"},{\"@type\":\"ListItem\",\"position\":2,\"name\":\"Arbeiten Sie Uns\"}]},{\"@type\":\"WebSite\",\"@id\":\"https:\/\/surysaray.com\/#website\",\"url\":\"https:\/\/surysaray.com\/\",\"name\":\"Sury Saray\",\"description\":\"\",\"potentialAction\":[{\"@type\":\"SearchAction\",\"target\":{\"@type\":\"EntryPoint\",\"urlTemplate\":\"https:\/\/surysaray.com\/?s={search_term_string}\"},\"query-input\":\"required name=search_term_string\"}],\"inLanguage\":\"de-DE\"}]}<\/script>\n<!-- \/ Yoast SEO plugin. -->","yoast_head_json":{"title":"M\u00f6chten Sie Teil unseres Teams werden? | Sury Saray","description":"Lieben Sie die Welt der Sch\u00f6nheit und K\u00f6rperpflege? Bei Sury Saray entdecken Sie ein herzliches Ambiente und ein dynamisches Team, das Ihnen bei der Erf\u00fcllung Ihrer Tr\u00e4ume hilft.","robots":{"index":"index","follow":"follow","max-snippet":"max-snippet:-1","max-image-preview":"max-image-preview:large","max-video-preview":"max-video-preview:-1"},"canonical":"https:\/\/surysaray.com\/jobangebote\/","og_locale":"de_DE","og_type":"article","og_title":"M\u00f6chten Sie Teil unseres Teams werden? | Sury Saray","og_description":"Lieben Sie die Welt der Sch\u00f6nheit und K\u00f6rperpflege? Bei Sury Saray entdecken Sie ein herzliches Ambiente und ein dynamisches Team, das Ihnen bei der Erf\u00fcllung Ihrer Tr\u00e4ume hilft.","og_url":"https:\/\/surysaray.com\/jobangebote\/","og_site_name":"Sury Saray","article_modified_time":"2019-05-28T14:26:11+00:00","twitter_card":"summary_large_image","schema":{"@context":"https:\/\/schema.org","@graph":[{"@type":"WebPage","@id":"https:\/\/surysaray.com\/jobangebote\/","url":"https:\/\/surysaray.com\/jobangebote\/","name":"M\u00f6chten Sie Teil unseres Teams werden? | Sury Saray","isPartOf":{"@id":"https:\/\/surysaray.com\/#website"},"datePublished":"2019-05-14T13:48:58+00:00","dateModified":"2019-05-28T14:26:11+00:00","description":"Lieben Sie die Welt der Sch\u00f6nheit und K\u00f6rperpflege? Bei Sury Saray entdecken Sie ein herzliches Ambiente und ein dynamisches Team, das Ihnen bei der Erf\u00fcllung Ihrer Tr\u00e4ume hilft.","breadcrumb":{"@id":"https:\/\/surysaray.com\/jobangebote\/#breadcrumb"},"inLanguage":"de-DE","potentialAction":[{"@type":"ReadAction","target":["https:\/\/surysaray.com\/jobangebote\/"]}]},{"@type":"BreadcrumbList","@id":"https:\/\/surysaray.com\/jobangebote\/#breadcrumb","itemListElement":[{"@type":"ListItem","position":1,"name":"Portada","item":"https:\/\/surysaray.com\/de\/"},{"@type":"ListItem","position":2,"name":"Arbeiten Sie Uns"}]},{"@type":"WebSite","@id":"https:\/\/surysaray.com\/#website","url":"https:\/\/surysaray.com\/","name":"Sury Saray","description":"","potentialAction":[{"@type":"SearchAction","target":{"@type":"EntryPoint","urlTemplate":"https:\/\/surysaray.com\/?s={search_term_string}"},"query-input":"required name=search_term_string"}],"inLanguage":"de-DE"}]}},"_links":{"self":[{"href":"https:\/\/surysaray.com\/de\/wp-json\/wp\/v2\/pages\/824"}],"collection":[{"href":"https:\/\/surysaray.com\/de\/wp-json\/wp\/v2\/pages"}],"about":[{"href":"https:\/\/surysaray.com\/de\/wp-json\/wp\/v2\/types\/page"}],"author":[{"embeddable":true,"href":"https:\/\/surysaray.com\/de\/wp-json\/wp\/v2\/users\/4"}],"replies":[{"embeddable":true,"href":"https:\/\/surysaray.com\/de\/wp-json\/wp\/v2\/comments?post=824"}],"version-history":[{"count":0,"href":"https:\/\/surysaray.com\/de\/wp-json\/wp\/v2\/pages\/824\/revisions"}],"wp:attachment":[{"href":"https:\/\/surysaray.com\/de\/wp-json\/wp\/v2\/media?parent=824"}],"curies":[{"name":"wp","href":"https:\/\/api.w.org\/{rel}","templated":true}]}}