{"id":792,"date":"2019-02-28T09:30:42","date_gmt":"2019-02-28T08:30:42","guid":{"rendered":"https:\/\/surysaray.com\/tratamientos-especiales-belleza-mallorca\/"},"modified":"2024-07-08T18:43:23","modified_gmt":"2024-07-08T16:43:23","slug":"besondere-schoenheitsbehandlungen-mallorca","status":"publish","type":"page","link":"https:\/\/surysaray.com\/de\/besondere-schoenheitsbehandlungen-mallorca\/","title":{"rendered":"Sch\u00f6nheitsbehandlungen"},"content":{"rendered":"","protected":false},"excerpt":{"rendered":"","protected":false},"author":4,"featured_media":0,"parent":0,"menu_order":0,"comment_status":"closed","ping_status":"closed","template":"","meta":{"_joinchat":[]},"yoast_head":"<!-- This site is optimized with the Yoast SEO plugin v20.2.1 - https:\/\/yoast.com\/wordpress\/plugins\/seo\/ -->\n<title>F\u00fcr jeden Kunden ma\u00dfgeschneiderte Sch\u00f6nheitsbehandlungen<\/title>\n<meta name=\"description\" content=\"Entdecken Sie die Sch\u00f6nheitsbehandlungen, die sich Ihren Bed\u00fcrfnissen am besten anpassen.\" \/>\n<meta name=\"robots\" content=\"index, follow, max-snippet:-1, max-image-preview:large, max-video-preview:-1\" \/>\n<link rel=\"canonical\" href=\"https:\/\/surysaray.com\/de\/besondere-schoenheitsbehandlungen-mallorca\/\" \/>\n<meta property=\"og:locale\" content=\"de_DE\" \/>\n<meta property=\"og:type\" content=\"article\" \/>\n<meta property=\"og:title\" content=\"F\u00fcr jeden Kunden ma\u00dfgeschneiderte Sch\u00f6nheitsbehandlungen\" \/>\n<meta property=\"og:description\" content=\"Entdecken Sie die Sch\u00f6nheitsbehandlungen, die sich Ihren Bed\u00fcrfnissen am besten anpassen.\" \/>\n<meta property=\"og:url\" content=\"https:\/\/surysaray.com\/de\/besondere-schoenheitsbehandlungen-mallorca\/\" \/>\n<meta property=\"og:site_name\" content=\"Sury Saray\" \/>\n<meta property=\"article:modified_time\" content=\"2024-07-08T16:43:23+00:00\" \/>\n<meta name=\"twitter:card\" content=\"summary_large_image\" \/>\n<script type=\"application\/ld+json\" class=\"yoast-schema-graph\">{\"@context\":\"https:\/\/schema.org\",\"@graph\":[{\"@type\":\"WebPage\",\"@id\":\"https:\/\/surysaray.com\/de\/besondere-schoenheitsbehandlungen-mallorca\/\",\"url\":\"https:\/\/surysaray.com\/de\/besondere-schoenheitsbehandlungen-mallorca\/\",\"name\":\"F\u00fcr jeden Kunden ma\u00dfgeschneiderte Sch\u00f6nheitsbehandlungen\",\"isPartOf\":{\"@id\":\"https:\/\/surysaray.com\/#website\"},\"datePublished\":\"2019-02-28T08:30:42+00:00\",\"dateModified\":\"2024-07-08T16:43:23+00:00\",\"description\":\"Entdecken Sie die Sch\u00f6nheitsbehandlungen, die sich Ihren Bed\u00fcrfnissen am besten anpassen.\",\"breadcrumb\":{\"@id\":\"https:\/\/surysaray.com\/de\/besondere-schoenheitsbehandlungen-mallorca\/#breadcrumb\"},\"inLanguage\":\"de-DE\",\"potentialAction\":[{\"@type\":\"ReadAction\",\"target\":[\"https:\/\/surysaray.com\/de\/besondere-schoenheitsbehandlungen-mallorca\/\"]}]},{\"@type\":\"BreadcrumbList\",\"@id\":\"https:\/\/surysaray.com\/de\/besondere-schoenheitsbehandlungen-mallorca\/#breadcrumb\",\"itemListElement\":[{\"@type\":\"ListItem\",\"position\":1,\"name\":\"Portada\",\"item\":\"https:\/\/surysaray.com\/de\/\"},{\"@type\":\"ListItem\",\"position\":2,\"name\":\"Sch\u00f6nheitsbehandlungen\"}]},{\"@type\":\"WebSite\",\"@id\":\"https:\/\/surysaray.com\/#website\",\"url\":\"https:\/\/surysaray.com\/\",\"name\":\"Sury Saray\",\"description\":\"\",\"potentialAction\":[{\"@type\":\"SearchAction\",\"target\":{\"@type\":\"EntryPoint\",\"urlTemplate\":\"https:\/\/surysaray.com\/?s={search_term_string}\"},\"query-input\":\"required name=search_term_string\"}],\"inLanguage\":\"de-DE\"}]}<\/script>\n<!-- \/ Yoast SEO plugin. -->","yoast_head_json":{"title":"F\u00fcr jeden Kunden ma\u00dfgeschneiderte Sch\u00f6nheitsbehandlungen","description":"Entdecken Sie die Sch\u00f6nheitsbehandlungen, die sich Ihren Bed\u00fcrfnissen am besten anpassen.","robots":{"index":"index","follow":"follow","max-snippet":"max-snippet:-1","max-image-preview":"max-image-preview:large","max-video-preview":"max-video-preview:-1"},"canonical":"https:\/\/surysaray.com\/de\/besondere-schoenheitsbehandlungen-mallorca\/","og_locale":"de_DE","og_type":"article","og_title":"F\u00fcr jeden Kunden ma\u00dfgeschneiderte Sch\u00f6nheitsbehandlungen","og_description":"Entdecken Sie die Sch\u00f6nheitsbehandlungen, die sich Ihren Bed\u00fcrfnissen am besten anpassen.","og_url":"https:\/\/surysaray.com\/de\/besondere-schoenheitsbehandlungen-mallorca\/","og_site_name":"Sury Saray","article_modified_time":"2024-07-08T16:43:23+00:00","twitter_card":"summary_large_image","schema":{"@context":"https:\/\/schema.org","@graph":[{"@type":"WebPage","@id":"https:\/\/surysaray.com\/de\/besondere-schoenheitsbehandlungen-mallorca\/","url":"https:\/\/surysaray.com\/de\/besondere-schoenheitsbehandlungen-mallorca\/","name":"F\u00fcr jeden Kunden ma\u00dfgeschneiderte Sch\u00f6nheitsbehandlungen","isPartOf":{"@id":"https:\/\/surysaray.com\/#website"},"datePublished":"2019-02-28T08:30:42+00:00","dateModified":"2024-07-08T16:43:23+00:00","description":"Entdecken Sie die Sch\u00f6nheitsbehandlungen, die sich Ihren Bed\u00fcrfnissen am besten anpassen.","breadcrumb":{"@id":"https:\/\/surysaray.com\/de\/besondere-schoenheitsbehandlungen-mallorca\/#breadcrumb"},"inLanguage":"de-DE","potentialAction":[{"@type":"ReadAction","target":["https:\/\/surysaray.com\/de\/besondere-schoenheitsbehandlungen-mallorca\/"]}]},{"@type":"BreadcrumbList","@id":"https:\/\/surysaray.com\/de\/besondere-schoenheitsbehandlungen-mallorca\/#breadcrumb","itemListElement":[{"@type":"ListItem","position":1,"name":"Portada","item":"https:\/\/surysaray.com\/de\/"},{"@type":"ListItem","position":2,"name":"Sch\u00f6nheitsbehandlungen"}]},{"@type":"WebSite","@id":"https:\/\/surysaray.com\/#website","url":"https:\/\/surysaray.com\/","name":"Sury Saray","description":"","potentialAction":[{"@type":"SearchAction","target":{"@type":"EntryPoint","urlTemplate":"https:\/\/surysaray.com\/?s={search_term_string}"},"query-input":"required name=search_term_string"}],"inLanguage":"de-DE"}]}},"_links":{"self":[{"href":"https:\/\/surysaray.com\/de\/wp-json\/wp\/v2\/pages\/792"}],"collection":[{"href":"https:\/\/surysaray.com\/de\/wp-json\/wp\/v2\/pages"}],"about":[{"href":"https:\/\/surysaray.com\/de\/wp-json\/wp\/v2\/types\/page"}],"author":[{"embeddable":true,"href":"https:\/\/surysaray.com\/de\/wp-json\/wp\/v2\/users\/4"}],"replies":[{"embeddable":true,"href":"https:\/\/surysaray.com\/de\/wp-json\/wp\/v2\/comments?post=792"}],"version-history":[{"count":0,"href":"https:\/\/surysaray.com\/de\/wp-json\/wp\/v2\/pages\/792\/revisions"}],"wp:attachment":[{"href":"https:\/\/surysaray.com\/de\/wp-json\/wp\/v2\/media?parent=792"}],"curies":[{"name":"wp","href":"https:\/\/api.w.org\/{rel}","templated":true}]}}