{"id":757,"date":"2019-02-27T12:00:43","date_gmt":"2019-02-27T11:00:43","guid":{"rendered":"https:\/\/surysaray.com\/inicio\/"},"modified":"2024-07-15T17:48:51","modified_gmt":"2024-07-15T15:48:51","slug":"inicio","status":"publish","type":"page","link":"https:\/\/surysaray.com\/de\/","title":{"rendered":"Inicio"},"content":{"rendered":"","protected":false},"excerpt":{"rendered":"","protected":false},"author":4,"featured_media":0,"parent":0,"menu_order":0,"comment_status":"closed","ping_status":"closed","template":"","meta":{"_joinchat":[]},"yoast_head":"<!-- This site is optimized with the Yoast SEO plugin v20.2.1 - https:\/\/yoast.com\/wordpress\/plugins\/seo\/ -->\n<title>Kosmetikstudio auf Mallorca | Sury Saray in Art\u00e0<\/title>\n<meta name=\"description\" content=\"Entdecken Sie die ausgefeiltesten Sch\u00f6nheitsbehandlungen im Kosmetikstudio Sury Saray in Art\u00e0 und lassen Sie sich nicht unsere Angebote entgehen!\" \/>\n<meta name=\"robots\" content=\"index, follow, max-snippet:-1, max-image-preview:large, max-video-preview:-1\" \/>\n<link rel=\"canonical\" href=\"https:\/\/surysaray.com\/de\/\" \/>\n<meta property=\"og:locale\" content=\"de_DE\" \/>\n<meta property=\"og:type\" content=\"article\" \/>\n<meta property=\"og:title\" content=\"Kosmetikstudio auf Mallorca | Sury Saray in Art\u00e0\" \/>\n<meta property=\"og:description\" content=\"Entdecken Sie die ausgefeiltesten Sch\u00f6nheitsbehandlungen im Kosmetikstudio Sury Saray in Art\u00e0 und lassen Sie sich nicht unsere Angebote entgehen!\" \/>\n<meta property=\"og:url\" content=\"https:\/\/surysaray.com\/de\/\" \/>\n<meta property=\"og:site_name\" content=\"Sury Saray\" \/>\n<meta property=\"article:modified_time\" content=\"2024-07-15T15:48:51+00:00\" \/>\n<meta name=\"twitter:card\" content=\"summary_large_image\" \/>\n<script type=\"application\/ld+json\" class=\"yoast-schema-graph\">{\"@context\":\"https:\/\/schema.org\",\"@graph\":[{\"@type\":\"WebPage\",\"@id\":\"https:\/\/surysaray.com\/de\/\",\"url\":\"https:\/\/surysaray.com\/de\/\",\"name\":\"Kosmetikstudio auf Mallorca | Sury Saray in Art\u00e0\",\"isPartOf\":{\"@id\":\"https:\/\/surysaray.com\/#website\"},\"datePublished\":\"2019-02-27T11:00:43+00:00\",\"dateModified\":\"2024-07-15T15:48:51+00:00\",\"description\":\"Entdecken Sie die ausgefeiltesten Sch\u00f6nheitsbehandlungen im Kosmetikstudio Sury Saray in Art\u00e0 und lassen Sie sich nicht unsere Angebote entgehen!\",\"breadcrumb\":{\"@id\":\"https:\/\/surysaray.com\/de\/#breadcrumb\"},\"inLanguage\":\"de-DE\",\"potentialAction\":[{\"@type\":\"ReadAction\",\"target\":[\"https:\/\/surysaray.com\/de\/\"]}]},{\"@type\":\"BreadcrumbList\",\"@id\":\"https:\/\/surysaray.com\/de\/#breadcrumb\",\"itemListElement\":[{\"@type\":\"ListItem\",\"position\":1,\"name\":\"Portada\",\"item\":\"https:\/\/surysaray.com\/de\/\"},{\"@type\":\"ListItem\",\"position\":2,\"name\":\"Inicio\"}]},{\"@type\":\"WebSite\",\"@id\":\"https:\/\/surysaray.com\/#website\",\"url\":\"https:\/\/surysaray.com\/\",\"name\":\"Sury Saray\",\"description\":\"\",\"potentialAction\":[{\"@type\":\"SearchAction\",\"target\":{\"@type\":\"EntryPoint\",\"urlTemplate\":\"https:\/\/surysaray.com\/?s={search_term_string}\"},\"query-input\":\"required name=search_term_string\"}],\"inLanguage\":\"de-DE\"}]}<\/script>\n<!-- \/ Yoast SEO plugin. -->","yoast_head_json":{"title":"Kosmetikstudio auf Mallorca | Sury Saray in Art\u00e0","description":"Entdecken Sie die ausgefeiltesten Sch\u00f6nheitsbehandlungen im Kosmetikstudio Sury Saray in Art\u00e0 und lassen Sie sich nicht unsere Angebote entgehen!","robots":{"index":"index","follow":"follow","max-snippet":"max-snippet:-1","max-image-preview":"max-image-preview:large","max-video-preview":"max-video-preview:-1"},"canonical":"https:\/\/surysaray.com\/de\/","og_locale":"de_DE","og_type":"article","og_title":"Kosmetikstudio auf Mallorca | Sury Saray in Art\u00e0","og_description":"Entdecken Sie die ausgefeiltesten Sch\u00f6nheitsbehandlungen im Kosmetikstudio Sury Saray in Art\u00e0 und lassen Sie sich nicht unsere Angebote entgehen!","og_url":"https:\/\/surysaray.com\/de\/","og_site_name":"Sury Saray","article_modified_time":"2024-07-15T15:48:51+00:00","twitter_card":"summary_large_image","schema":{"@context":"https:\/\/schema.org","@graph":[{"@type":"WebPage","@id":"https:\/\/surysaray.com\/de\/","url":"https:\/\/surysaray.com\/de\/","name":"Kosmetikstudio auf Mallorca | Sury Saray in Art\u00e0","isPartOf":{"@id":"https:\/\/surysaray.com\/#website"},"datePublished":"2019-02-27T11:00:43+00:00","dateModified":"2024-07-15T15:48:51+00:00","description":"Entdecken Sie die ausgefeiltesten Sch\u00f6nheitsbehandlungen im Kosmetikstudio Sury Saray in Art\u00e0 und lassen Sie sich nicht unsere Angebote entgehen!","breadcrumb":{"@id":"https:\/\/surysaray.com\/de\/#breadcrumb"},"inLanguage":"de-DE","potentialAction":[{"@type":"ReadAction","target":["https:\/\/surysaray.com\/de\/"]}]},{"@type":"BreadcrumbList","@id":"https:\/\/surysaray.com\/de\/#breadcrumb","itemListElement":[{"@type":"ListItem","position":1,"name":"Portada","item":"https:\/\/surysaray.com\/de\/"},{"@type":"ListItem","position":2,"name":"Inicio"}]},{"@type":"WebSite","@id":"https:\/\/surysaray.com\/#website","url":"https:\/\/surysaray.com\/","name":"Sury Saray","description":"","potentialAction":[{"@type":"SearchAction","target":{"@type":"EntryPoint","urlTemplate":"https:\/\/surysaray.com\/?s={search_term_string}"},"query-input":"required name=search_term_string"}],"inLanguage":"de-DE"}]}},"_links":{"self":[{"href":"https:\/\/surysaray.com\/de\/wp-json\/wp\/v2\/pages\/757"}],"collection":[{"href":"https:\/\/surysaray.com\/de\/wp-json\/wp\/v2\/pages"}],"about":[{"href":"https:\/\/surysaray.com\/de\/wp-json\/wp\/v2\/types\/page"}],"author":[{"embeddable":true,"href":"https:\/\/surysaray.com\/de\/wp-json\/wp\/v2\/users\/4"}],"replies":[{"embeddable":true,"href":"https:\/\/surysaray.com\/de\/wp-json\/wp\/v2\/comments?post=757"}],"version-history":[{"count":0,"href":"https:\/\/surysaray.com\/de\/wp-json\/wp\/v2\/pages\/757\/revisions"}],"wp:attachment":[{"href":"https:\/\/surysaray.com\/de\/wp-json\/wp\/v2\/media?parent=757"}],"curies":[{"name":"wp","href":"https:\/\/api.w.org\/{rel}","templated":true}]}}